{"id":3437,"date":"2024-09-17T17:49:59","date_gmt":"2024-09-17T22:49:59","guid":{"rendered":"https:\/\/vasospublicitariosperu.com\/tienda\/?post_type=product&#038;p=3437"},"modified":"2024-09-18T11:46:32","modified_gmt":"2024-09-18T16:46:32","slug":"vaso-tropical-pavonado","status":"publish","type":"product","link":"https:\/\/vasospublicitariosperu.com\/tienda\/vaso-tropical-pavonado\/","title":{"rendered":"Vaso Tropical Pavonado 12 oz."},"content":{"rendered":"<h3 data-sourcepos=\"3:1-3:36\"><strong>Vaso Tropical Pavonado 12 oz.<\/strong><\/h3>\n<p data-sourcepos=\"3:1-3:36\"><strong>\u00a1Un toque de para\u00edso en tu mesa!<\/strong><\/p>\n<p data-sourcepos=\"5:1-5:129\">Nuestro vaso tropical pavonado de 12 onzas te transportar\u00e1 a una playa soleada con cada sorbo. Su dise\u00f1o vibrante y lleno de vida, inspirado en los paisajes ex\u00f3ticos, lo convierte en el complemento perfecto para tus bebidas favoritas.<\/p>\n<p data-sourcepos=\"7:1-7:31\"><strong>Caracter\u00edsticas destacadas:<\/strong><\/p>\n<ul data-sourcepos=\"9:1-9:34\">\n<li data-sourcepos=\"9:1-9:34\"><strong>Dise\u00f1o tropical:<\/strong> Sus colores y formas te recordar\u00e1n las c\u00e1lidas arenas y las aguas cristalinas.<\/li>\n<li data-sourcepos=\"10:1-10:53\"><strong>Capacidad perfecta:<\/strong> Con 12 onzas, es ideal para disfrutar de jugos, smoothies o c\u00f3cteles.<\/li>\n<li data-sourcepos=\"11:1-11:87\"><strong>Material resistente:<\/strong> El pl\u00e1stico pavonado garantiza durabilidad y f\u00e1cil limpieza.<\/li>\n<li data-sourcepos=\"12:1-12:95\"><strong>Personalizable:<\/strong> La impresi\u00f3n serigr\u00e1fica de un color te permite a\u00f1adir un toque personal.<\/li>\n<li data-sourcepos=\"13:1-14:0\"><strong>Vers\u00e1til:<\/strong> Perfecto para el uso diario o para ocasiones especiales.<\/li>\n<\/ul>\n<p data-sourcepos=\"15:1-15:15\"><strong>Beneficios:<\/strong><\/p>\n<ul data-sourcepos=\"17:1-20:40\">\n<li data-sourcepos=\"17:1-17:84\"><strong>Eleva tu experiencia:<\/strong> Transforma cualquier bebida en una experiencia tropical.<\/li>\n<li data-sourcepos=\"18:1-18:64\"><strong>Durabilidad:<\/strong> Resiste golpes y ca\u00eddas sin perder su brillo.<\/li>\n<li data-sourcepos=\"19:1-19:58\"><strong>Estilo:<\/strong> A\u00f1ade un toque de color y alegr\u00eda a tu mesa.<\/li>\n<li data-sourcepos=\"20:1-20:40\"><strong>Sostenible:<\/strong> Reduce el uso de vasos desechables.<\/li>\n<\/ul>\n<p data-sourcepos=\"22:1-22:65\"><strong>\u00a1Disfruta de cada momento con nuestro vaso tropical pavonado!<\/strong><\/p>\n<p data-sourcepos=\"24:1-24:204\"><strong>Palabras clave:<\/strong> vaso tropical, pl\u00e1stico pavonado, serigraf\u00eda, 12 onzas, dise\u00f1o tropical, bebidas refrescantes, c\u00f3ctel, verano, sostenibilidad, calidad, resistente, duradero, f\u00e1cil de limpiar, estilo.<\/p>\n","protected":false},"excerpt":{"rendered":"<h3><strong>VASO TROPICAL PAVONADO<\/strong><\/h3>\n<p><strong>Capacidad:<\/strong> 12 ONZAS<br \/>\n<strong>Impresi\u00f3n:<\/strong> Serigraf\u00eda de 1 Color<br \/>\n<strong>Di\u00e1metro de la boca:<\/strong> 9 cm.<br \/>\n<strong>Altura:<\/strong> 11 cm.<br \/>\n<strong>Material:<\/strong> Pl\u00e1stico Pavonado<br \/>\n<strong>Colores:<\/strong> Blanco, Rosa, Verde, Naranja, Amarillo Limon, Azul, Rojo, Morado, etc.<\/p>\n<h4><strong>Cantidades\/Costo:<\/strong><\/h4>\n<p>De 500 a 999 = S\/. 1.50 x und.<br \/>\nDe 1000 a 4999 = S\/. 1.15 x und.<\/p>\n","protected":false},"featured_media":3438,"comment_status":"open","ping_status":"closed","template":"","meta":[],"product_brand":[],"product_cat":[15],"product_tag":[44,45,36,37,43,35],"class_list":{"0":"post-3437","1":"product","2":"type-product","3":"status-publish","4":"has-post-thumbnail","6":"product_cat-marketplace","7":"product_tag-12oz","8":"product_tag-bar","9":"product_tag-pavonado","10":"product_tag-personalizado","11":"product_tag-tropical","12":"product_tag-vaso","14":"first","15":"instock","16":"sale","17":"shipping-taxable","18":"purchasable","19":"product-type-simple"},"_links":{"self":[{"href":"https:\/\/vasospublicitariosperu.com\/tienda\/wp-json\/wp\/v2\/product\/3437","targetHints":{"allow":["GET"]}}],"collection":[{"href":"https:\/\/vasospublicitariosperu.com\/tienda\/wp-json\/wp\/v2\/product"}],"about":[{"href":"https:\/\/vasospublicitariosperu.com\/tienda\/wp-json\/wp\/v2\/types\/product"}],"replies":[{"embeddable":true,"href":"https:\/\/vasospublicitariosperu.com\/tienda\/wp-json\/wp\/v2\/comments?post=3437"}],"wp:featuredmedia":[{"embeddable":true,"href":"https:\/\/vasospublicitariosperu.com\/tienda\/wp-json\/wp\/v2\/media\/3438"}],"wp:attachment":[{"href":"https:\/\/vasospublicitariosperu.com\/tienda\/wp-json\/wp\/v2\/media?parent=3437"}],"wp:term":[{"taxonomy":"product_brand","embeddable":true,"href":"https:\/\/vasospublicitariosperu.com\/tienda\/wp-json\/wp\/v2\/product_brand?post=3437"},{"taxonomy":"product_cat","embeddable":true,"href":"https:\/\/vasospublicitariosperu.com\/tienda\/wp-json\/wp\/v2\/product_cat?post=3437"},{"taxonomy":"product_tag","embeddable":true,"href":"https:\/\/vasospublicitariosperu.com\/tienda\/wp-json\/wp\/v2\/product_tag?post=3437"}],"curies":[{"name":"wp","href":"https:\/\/api.w.org\/{rel}","templated":true}]}}