{"id":3457,"date":"2024-09-18T14:39:52","date_gmt":"2024-09-18T19:39:52","guid":{"rendered":"https:\/\/vasospublicitariosperu.com\/tienda\/?post_type=product&#038;p=3457"},"modified":"2024-09-18T14:49:40","modified_gmt":"2024-09-18T19:49:40","slug":"posavaso-de-neopreno","status":"publish","type":"product","link":"https:\/\/vasospublicitariosperu.com\/tienda\/posavaso-de-neopreno\/","title":{"rendered":"Posavaso de Neopreno"},"content":{"rendered":"<p data-sourcepos=\"13:1-13:73\"><strong>Posavasos de neopreno premium: \u00a1Durabilidad y estilo en cada detalle!<\/strong><\/p>\n<p data-sourcepos=\"15:1-15:171\">Disfruta de la mejor calidad con nuestros posavasos de neopreno de 10 cm de di\u00e1metro y 3 mm de grosor. La impresi\u00f3n por sublimaci\u00f3n garantiza colores vibrantes y duraderos. El neopreno, un material resistente y flexible, protege tus superficies de forma eficaz. \u00a1Perfectos para un uso diario en cualquier espacio!<\/p>\n<p data-sourcepos=\"15:1-15:171\"><strong>Caracter\u00edsticas destacadas:<\/strong><\/p>\n<p><strong>Impresi\u00f3n:<\/strong> Sublimaci\u00f3n Full Color<br \/>\n<strong>Medidas:<\/strong> 10 cm. de di\u00e1metro<br \/>\n<strong>Altura:<\/strong> 3 mm.<br \/>\n<strong>Material:<\/strong> Neopreno<\/p>\n<p data-sourcepos=\"17:1-17:144\"><strong>Palabras clave:<\/strong> posavasos premium, neopreno, impresi\u00f3n sublimaci\u00f3n, alta calidad, duradero, resistente, dise\u00f1o personalizado, hogar, oficina<\/p>\n","protected":false},"excerpt":{"rendered":"<h3><strong>POSAVASOS DE NEOPRENO<\/strong><\/h3>\n<p><strong>Impresi\u00f3n:<\/strong> Sublimaci\u00f3n Full Color<br \/>\n<strong>Medidas:<\/strong> 10 cm. de di\u00e1metro<br \/>\n<strong>Altura:<\/strong> 3 mm.<br \/>\n<strong>Material:<\/strong> Neopreno<\/p>\n<h4><strong>Cantidades\/Costo:<\/strong><\/h4>\n<p>De 500 a 9999 = S\/. 2.10 x und.<\/p>\n","protected":false},"featured_media":3460,"comment_status":"open","ping_status":"closed","template":"","meta":[],"product_brand":[],"product_cat":[15],"product_tag":[65,37,64],"class_list":{"0":"post-3457","1":"product","2":"type-product","3":"status-publish","4":"has-post-thumbnail","6":"product_cat-marketplace","7":"product_tag-neopreno","8":"product_tag-personalizado","9":"product_tag-posavasos","11":"first","12":"instock","13":"sale","14":"shipping-taxable","15":"purchasable","16":"product-type-simple"},"_links":{"self":[{"href":"https:\/\/vasospublicitariosperu.com\/tienda\/wp-json\/wp\/v2\/product\/3457","targetHints":{"allow":["GET"]}}],"collection":[{"href":"https:\/\/vasospublicitariosperu.com\/tienda\/wp-json\/wp\/v2\/product"}],"about":[{"href":"https:\/\/vasospublicitariosperu.com\/tienda\/wp-json\/wp\/v2\/types\/product"}],"replies":[{"embeddable":true,"href":"https:\/\/vasospublicitariosperu.com\/tienda\/wp-json\/wp\/v2\/comments?post=3457"}],"wp:featuredmedia":[{"embeddable":true,"href":"https:\/\/vasospublicitariosperu.com\/tienda\/wp-json\/wp\/v2\/media\/3460"}],"wp:attachment":[{"href":"https:\/\/vasospublicitariosperu.com\/tienda\/wp-json\/wp\/v2\/media?parent=3457"}],"wp:term":[{"taxonomy":"product_brand","embeddable":true,"href":"https:\/\/vasospublicitariosperu.com\/tienda\/wp-json\/wp\/v2\/product_brand?post=3457"},{"taxonomy":"product_cat","embeddable":true,"href":"https:\/\/vasospublicitariosperu.com\/tienda\/wp-json\/wp\/v2\/product_cat?post=3457"},{"taxonomy":"product_tag","embeddable":true,"href":"https:\/\/vasospublicitariosperu.com\/tienda\/wp-json\/wp\/v2\/product_tag?post=3457"}],"curies":[{"name":"wp","href":"https:\/\/api.w.org\/{rel}","templated":true}]}}