{"id":3569,"date":"2025-05-02T11:51:52","date_gmt":"2025-05-02T16:51:52","guid":{"rendered":"https:\/\/vasospublicitariosperu.com\/tienda\/product\/lanyard-portavaso-2-5cm\/"},"modified":"2026-04-10T15:28:28","modified_gmt":"2026-04-10T20:28:28","slug":"lanyard-portavaso-2-5cm","status":"publish","type":"product","link":"https:\/\/vasospublicitariosperu.com\/tienda\/lanyard-portavaso-2-5cm\/","title":{"rendered":"LANYARD PORTAVASO 2.5CM"},"content":{"rendered":"<p>MATERIAL: Cinta satinada de 2.5 cm de ancho \u2013 Suave al tacto y con un acabado brillante que resalta tu marca con elegancia.<br \/>\nMEDIDAS:<br \/>\n&#8211; CINTA DE CUELLO: 92 cm<br \/>\n&#8211; PORTAVASO: 20 cm aprox.<br \/>\nMedidas ideales para brindar comodidad al usuario y funcionalidad al accesorio.<br \/>\nIMPRESI\u00d3N: Full color \u2013 Impresi\u00f3n digital de alta definici\u00f3n que permite colores vivos y dise\u00f1o impactante.<br \/>\nACCESORIOS: N\/A<br \/>\nACABADO: Presentaci\u00f3n en PAQUETES DE 100 UNIDADES, listos para distribuir en eventos, activaciones o promociones.<\/p>\n<hr \/>\n<p>MATERIAL: CINTA SATINADA 2.5CM<br \/>\n MEDIDAS: CINTA CUELLO 92CM PORTAVASO 20CM APROX<br \/>\n ACCESORIOS:<br \/>\n IMPRESI\u00d3N: FULL COLOR<br \/>\n ACABADO: PAQUETE DE 100 UNDS<\/p>\n<hr \/>\n","protected":false},"excerpt":{"rendered":"<p>MATERIAL: Cinta satinada de 2.5 cm de ancho \u2013 Suave al tacto y con un acabado brillante que resalta tu marca con elegancia.<br \/>\nMEDIDAS:<br \/>\n&#8211; CINTA DE CUELLO: 92 cm<br \/>\n&#8211; PORTAVASO: 20 cm aprox.<br \/>\nMedidas ideales para brindar comodidad al usuario y funcionalidad al accesorio.<br \/>\nIMPRESI\u00d3N: Full color \u2013 Impresi\u00f3n digital de alta definici\u00f3n que permite colores vivos y dise\u00f1o impactante.<br \/>\nACCESORIOS: N\/A<br \/>\nACABADO: Presentaci\u00f3n en PAQUETES DE 100 UNIDADES, listos para distribuir en eventos, activaciones o promociones.<\/p>\n","protected":false},"featured_media":3697,"comment_status":"closed","ping_status":"open","template":"","meta":[],"product_brand":[],"product_cat":[70],"product_tag":[],"class_list":{"0":"post-3569","1":"product","2":"type-product","3":"status-publish","4":"has-post-thumbnail","6":"product_cat-catalogo-2025","8":"first","9":"instock","10":"purchasable","11":"product-type-simple"},"_links":{"self":[{"href":"https:\/\/vasospublicitariosperu.com\/tienda\/wp-json\/wp\/v2\/product\/3569","targetHints":{"allow":["GET"]}}],"collection":[{"href":"https:\/\/vasospublicitariosperu.com\/tienda\/wp-json\/wp\/v2\/product"}],"about":[{"href":"https:\/\/vasospublicitariosperu.com\/tienda\/wp-json\/wp\/v2\/types\/product"}],"replies":[{"embeddable":true,"href":"https:\/\/vasospublicitariosperu.com\/tienda\/wp-json\/wp\/v2\/comments?post=3569"}],"wp:featuredmedia":[{"embeddable":true,"href":"https:\/\/vasospublicitariosperu.com\/tienda\/wp-json\/wp\/v2\/media\/3697"}],"wp:attachment":[{"href":"https:\/\/vasospublicitariosperu.com\/tienda\/wp-json\/wp\/v2\/media?parent=3569"}],"wp:term":[{"taxonomy":"product_brand","embeddable":true,"href":"https:\/\/vasospublicitariosperu.com\/tienda\/wp-json\/wp\/v2\/product_brand?post=3569"},{"taxonomy":"product_cat","embeddable":true,"href":"https:\/\/vasospublicitariosperu.com\/tienda\/wp-json\/wp\/v2\/product_cat?post=3569"},{"taxonomy":"product_tag","embeddable":true,"href":"https:\/\/vasospublicitariosperu.com\/tienda\/wp-json\/wp\/v2\/product_tag?post=3569"}],"curies":[{"name":"wp","href":"https:\/\/api.w.org\/{rel}","templated":true}]}}