{"id":3571,"date":"2025-05-02T11:51:52","date_gmt":"2025-05-02T16:51:52","guid":{"rendered":"https:\/\/vasospublicitariosperu.com\/tienda\/product\/termo-mug-tipo-vino\/"},"modified":"2026-04-10T15:28:28","modified_gmt":"2026-04-10T20:28:28","slug":"termo-mug-tipo-vino","status":"publish","type":"product","link":"https:\/\/vasospublicitariosperu.com\/tienda\/termo-mug-tipo-vino\/","title":{"rendered":"TERMO MUG TIPO VINO"},"content":{"rendered":"<p>MATERIAL: Acero inoxidable doble capa. Conserva la temperatura de las bebidas por m\u00e1s tiempo, ideal para bebidas fr\u00edas o calientes. Resistente, duradero y con un acabado elegante que transmite calidad.<br \/>\nCAPACIDAD: 450 ml. El tama\u00f1o perfecto para disfrutar de un caf\u00e9 energizante, un jugo refrescante o la bebida favorita de tus clientes mientras est\u00e1n en movimiento.<br \/>\nIMPRESI\u00d3N: Full color. Personalizaci\u00f3n con impresi\u00f3n digital de alta definici\u00f3n que realza logos, frases o dise\u00f1os corporativos, generando alto impacto visual.<br \/>\nACCESORIOS: N\/A.<br \/>\nACABADO: Presentaci\u00f3n en caja de 25 unidades. Ideal para entregas corporativas, kits promocionales, ferias, conferencias o eventos empresariales.<\/p>\n<hr \/>\n<p>MATERIAL: ACERO INOXIDABLE DOBLE CAPA<br \/>\n CAPACIDAD: 450ML<br \/>\n ACCESORIOS:<br \/>\n IMPRESI\u00d3N: FULL COLOR<br \/>\n ACABADO: CAJA DE 25UNDS<\/p>\n<hr \/>\n","protected":false},"excerpt":{"rendered":"<p>MATERIAL: Acero inoxidable doble capa. Conserva la temperatura de las bebidas por m\u00e1s tiempo, ideal para bebidas fr\u00edas o calientes. Resistente, duradero y con un acabado elegante que transmite calidad.<br \/>\nCAPACIDAD: 450 ml. El tama\u00f1o perfecto para disfrutar de un caf\u00e9 energizante, un jugo refrescante o la bebida favorita de tus clientes mientras est\u00e1n en movimiento.<br \/>\nIMPRESI\u00d3N: Full color. Personalizaci\u00f3n con impresi\u00f3n digital de alta definici\u00f3n que realza logos, frases o dise\u00f1os corporativos, generando alto impacto visual.<br \/>\nACCESORIOS: N\/A.<br \/>\nACABADO: Presentaci\u00f3n en caja de 25 unidades. Ideal para entregas corporativas, kits promocionales, ferias, conferencias o eventos empresariales.<\/p>\n","protected":false},"featured_media":3705,"comment_status":"closed","ping_status":"open","template":"","meta":[],"product_brand":[],"product_cat":[70],"product_tag":[],"class_list":{"0":"post-3571","1":"product","2":"type-product","3":"status-publish","4":"has-post-thumbnail","6":"product_cat-catalogo-2025","8":"first","9":"instock","10":"purchasable","11":"product-type-simple"},"_links":{"self":[{"href":"https:\/\/vasospublicitariosperu.com\/tienda\/wp-json\/wp\/v2\/product\/3571","targetHints":{"allow":["GET"]}}],"collection":[{"href":"https:\/\/vasospublicitariosperu.com\/tienda\/wp-json\/wp\/v2\/product"}],"about":[{"href":"https:\/\/vasospublicitariosperu.com\/tienda\/wp-json\/wp\/v2\/types\/product"}],"replies":[{"embeddable":true,"href":"https:\/\/vasospublicitariosperu.com\/tienda\/wp-json\/wp\/v2\/comments?post=3571"}],"wp:featuredmedia":[{"embeddable":true,"href":"https:\/\/vasospublicitariosperu.com\/tienda\/wp-json\/wp\/v2\/media\/3705"}],"wp:attachment":[{"href":"https:\/\/vasospublicitariosperu.com\/tienda\/wp-json\/wp\/v2\/media?parent=3571"}],"wp:term":[{"taxonomy":"product_brand","embeddable":true,"href":"https:\/\/vasospublicitariosperu.com\/tienda\/wp-json\/wp\/v2\/product_brand?post=3571"},{"taxonomy":"product_cat","embeddable":true,"href":"https:\/\/vasospublicitariosperu.com\/tienda\/wp-json\/wp\/v2\/product_cat?post=3571"},{"taxonomy":"product_tag","embeddable":true,"href":"https:\/\/vasospublicitariosperu.com\/tienda\/wp-json\/wp\/v2\/product_tag?post=3571"}],"curies":[{"name":"wp","href":"https:\/\/api.w.org\/{rel}","templated":true}]}}