{"id":3573,"date":"2025-05-02T11:51:52","date_gmt":"2025-05-02T16:51:52","guid":{"rendered":"https:\/\/vasospublicitariosperu.com\/tienda\/product\/tomatodo-de-aluminio-sublimado\/"},"modified":"2026-04-10T15:28:28","modified_gmt":"2026-04-10T20:28:28","slug":"tomatodo-de-aluminio-sublimado","status":"publish","type":"product","link":"https:\/\/vasospublicitariosperu.com\/tienda\/tomatodo-de-aluminio-sublimado\/","title":{"rendered":"TOMATODO DE ALUMINIO SUBLIMADO"},"content":{"rendered":"<p>MATERIAL: Aluminio. Liviano, resistente y de estilo moderno. Ideal para personas activas y empresas que buscan un producto pr\u00e1ctico y funcional para su d\u00eda a d\u00eda.<br \/>\nCAPACIDAD: 600 ml. El tama\u00f1o perfecto para mantenerse hidratado durante jornadas laborales, entrenamientos o eventos corporativos.<br \/>\nIMPRESI\u00d3N: Full color. Personalizaci\u00f3n de alta calidad que resalta logos y dise\u00f1os con nitidez, proyectando profesionalismo y recordaci\u00f3n de marca.<br \/>\nACCESORIOS: Carabiner incluido. Permite enganchar f\u00e1cilmente la botella en mochilas, cinturones o bolsos. Ideal para trabajadores en movimiento o actividades al aire libre.<br \/>\nACABADO: Presentaci\u00f3n en caja de 25 unidades. Excelente opci\u00f3n para campa\u00f1as promocionales, eventos corporativos o programas de bienestar empresarial.<\/p>\n<hr \/>\n<p>MATERIAL: ALUMINIO<br \/>\n CAPACIDAD: 600ML<br \/>\n ACCESORIOS: CARABINER<br \/>\n IMPRESI\u00d3N: FULL COLOR<br \/>\n ACABADO: CAJA DE 25UNDS<\/p>\n<hr \/>\n","protected":false},"excerpt":{"rendered":"<p>MATERIAL: Aluminio. Liviano, resistente y de estilo moderno. Ideal para personas activas y empresas que buscan un producto pr\u00e1ctico y funcional para su d\u00eda a d\u00eda.<br \/>\nCAPACIDAD: 600 ml. El tama\u00f1o perfecto para mantenerse hidratado durante jornadas laborales, entrenamientos o eventos corporativos.<br \/>\nIMPRESI\u00d3N: Full color. Personalizaci\u00f3n de alta calidad que resalta logos y dise\u00f1os con nitidez, proyectando profesionalismo y recordaci\u00f3n de marca.<br \/>\nACCESORIOS: Carabiner incluido. Permite enganchar f\u00e1cilmente la botella en mochilas, cinturones o bolsos. Ideal para trabajadores en movimiento o actividades al aire libre.<br \/>\nACABADO: Presentaci\u00f3n en caja de 25 unidades. Excelente opci\u00f3n para campa\u00f1as promocionales, eventos corporativos o programas de bienestar empresarial.<\/p>\n","protected":false},"featured_media":3714,"comment_status":"closed","ping_status":"open","template":"","meta":[],"product_brand":[],"product_cat":[70],"product_tag":[],"class_list":{"0":"post-3573","1":"product","2":"type-product","3":"status-publish","4":"has-post-thumbnail","6":"product_cat-catalogo-2025","8":"first","9":"instock","10":"purchasable","11":"product-type-simple"},"_links":{"self":[{"href":"https:\/\/vasospublicitariosperu.com\/tienda\/wp-json\/wp\/v2\/product\/3573","targetHints":{"allow":["GET"]}}],"collection":[{"href":"https:\/\/vasospublicitariosperu.com\/tienda\/wp-json\/wp\/v2\/product"}],"about":[{"href":"https:\/\/vasospublicitariosperu.com\/tienda\/wp-json\/wp\/v2\/types\/product"}],"replies":[{"embeddable":true,"href":"https:\/\/vasospublicitariosperu.com\/tienda\/wp-json\/wp\/v2\/comments?post=3573"}],"wp:featuredmedia":[{"embeddable":true,"href":"https:\/\/vasospublicitariosperu.com\/tienda\/wp-json\/wp\/v2\/media\/3714"}],"wp:attachment":[{"href":"https:\/\/vasospublicitariosperu.com\/tienda\/wp-json\/wp\/v2\/media?parent=3573"}],"wp:term":[{"taxonomy":"product_brand","embeddable":true,"href":"https:\/\/vasospublicitariosperu.com\/tienda\/wp-json\/wp\/v2\/product_brand?post=3573"},{"taxonomy":"product_cat","embeddable":true,"href":"https:\/\/vasospublicitariosperu.com\/tienda\/wp-json\/wp\/v2\/product_cat?post=3573"},{"taxonomy":"product_tag","embeddable":true,"href":"https:\/\/vasospublicitariosperu.com\/tienda\/wp-json\/wp\/v2\/product_tag?post=3573"}],"curies":[{"name":"wp","href":"https:\/\/api.w.org\/{rel}","templated":true}]}}