{"id":3575,"date":"2025-05-02T11:51:52","date_gmt":"2025-05-02T16:51:52","guid":{"rendered":"https:\/\/vasospublicitariosperu.com\/tienda\/product\/taza-ceramica-aaa-15oz\/"},"modified":"2026-04-10T15:28:28","modified_gmt":"2026-04-10T20:28:28","slug":"taza-ceramica-aaa-15oz","status":"publish","type":"product","link":"https:\/\/vasospublicitariosperu.com\/tienda\/taza-ceramica-aaa-15oz\/","title":{"rendered":"TAZA CER\u00c1MICA AAA 15OZ."},"content":{"rendered":"<p>MATERIAL: Cer\u00e1mica. Ideal para un toque de elegancia y durabilidad, perfecta para ambientes de oficina, cafeter\u00edas o regalos promocionales.<br \/>\nCAPACIDAD: 15 onzas. Un tama\u00f1o perfecto para disfrutar de tus bebidas favoritas, desde un caf\u00e9 hasta una infusi\u00f3n relajante.<br \/>\nIMPRESI\u00d3N: Full color. Impresi\u00f3n digital de alta calidad que asegura que tu logo, mensaje o dise\u00f1o se vea vibrante y profesional en cada taza.<br \/>\nACCESORIOS: N\/A. Dise\u00f1o simple y funcional que se enfoca en la personalizaci\u00f3n y utilidad.<br \/>\nACABADO: Presentaci\u00f3n en caja de 20 unidades. Ideal para campa\u00f1as promocionales, merchandising o como obsequio corporativo.<\/p>\n<hr \/>\n<p>MATERIAL: CERAMICA<br \/>\n CAPACIDAD: 15ONZ<br \/>\n ACCESORIOS: N\/A<br \/>\n IMPRESI\u00d3N: FULL COLOR<br \/>\n ACABADO: CAJA DE 20UNDS<\/p>\n<hr \/>\n","protected":false},"excerpt":{"rendered":"<p>MATERIAL: Cer\u00e1mica. Ideal para un toque de elegancia y durabilidad, perfecta para ambientes de oficina, cafeter\u00edas o regalos promocionales.<br \/>\nCAPACIDAD: 15 onzas. Un tama\u00f1o perfecto para disfrutar de tus bebidas favoritas, desde un caf\u00e9 hasta una infusi\u00f3n relajante.<br \/>\nIMPRESI\u00d3N: Full color. Impresi\u00f3n digital de alta calidad que asegura que tu logo, mensaje o dise\u00f1o se vea vibrante y profesional en cada taza.<br \/>\nACCESORIOS: N\/A. Dise\u00f1o simple y funcional que se enfoca en la personalizaci\u00f3n y utilidad.<br \/>\nACABADO: Presentaci\u00f3n en caja de 20 unidades. Ideal para campa\u00f1as promocionales, merchandising o como obsequio corporativo.<\/p>\n","protected":false},"featured_media":3724,"comment_status":"closed","ping_status":"open","template":"","meta":[],"product_brand":[],"product_cat":[70],"product_tag":[],"class_list":{"0":"post-3575","1":"product","2":"type-product","3":"status-publish","4":"has-post-thumbnail","6":"product_cat-catalogo-2025","8":"first","9":"instock","10":"purchasable","11":"product-type-simple"},"_links":{"self":[{"href":"https:\/\/vasospublicitariosperu.com\/tienda\/wp-json\/wp\/v2\/product\/3575","targetHints":{"allow":["GET"]}}],"collection":[{"href":"https:\/\/vasospublicitariosperu.com\/tienda\/wp-json\/wp\/v2\/product"}],"about":[{"href":"https:\/\/vasospublicitariosperu.com\/tienda\/wp-json\/wp\/v2\/types\/product"}],"replies":[{"embeddable":true,"href":"https:\/\/vasospublicitariosperu.com\/tienda\/wp-json\/wp\/v2\/comments?post=3575"}],"wp:featuredmedia":[{"embeddable":true,"href":"https:\/\/vasospublicitariosperu.com\/tienda\/wp-json\/wp\/v2\/media\/3724"}],"wp:attachment":[{"href":"https:\/\/vasospublicitariosperu.com\/tienda\/wp-json\/wp\/v2\/media?parent=3575"}],"wp:term":[{"taxonomy":"product_brand","embeddable":true,"href":"https:\/\/vasospublicitariosperu.com\/tienda\/wp-json\/wp\/v2\/product_brand?post=3575"},{"taxonomy":"product_cat","embeddable":true,"href":"https:\/\/vasospublicitariosperu.com\/tienda\/wp-json\/wp\/v2\/product_cat?post=3575"},{"taxonomy":"product_tag","embeddable":true,"href":"https:\/\/vasospublicitariosperu.com\/tienda\/wp-json\/wp\/v2\/product_tag?post=3575"}],"curies":[{"name":"wp","href":"https:\/\/api.w.org\/{rel}","templated":true}]}}