{"id":3577,"date":"2025-05-02T11:51:52","date_gmt":"2025-05-02T16:51:52","guid":{"rendered":"https:\/\/vasospublicitariosperu.com\/tienda\/product\/taza-magica-con-caja-15oz\/"},"modified":"2026-04-10T15:28:28","modified_gmt":"2026-04-10T20:28:28","slug":"taza-magica-con-caja-15oz","status":"publish","type":"product","link":"https:\/\/vasospublicitariosperu.com\/tienda\/taza-magica-con-caja-15oz\/","title":{"rendered":"TAZA M\u00c1GICA CON CAJA 15OZ."},"content":{"rendered":"<p>MATERIAL: Cer\u00e1mica. Ideal para disfrutar bebidas calientes o fr\u00edas, con una estructura resistente que garantiza durabilidad y un dise\u00f1o elegante.<br \/>\nCAPACIDAD: 15 onzas. Perfecta para un caf\u00e9 largo, t\u00e9 o cualquier bebida que necesites en tu rutina diaria.<br \/>\nIMPRESI\u00d3N: Full color. Impresi\u00f3n digital de alta calidad para personalizar con detalles n\u00edtidos y vibrantes, haciendo de cada taza un art\u00edculo \u00fanico.<br \/>\nACCESORIOS: N\/A. Su dise\u00f1o simple y funcional se adapta a cualquier estilo o marca.<br \/>\nACABADO: Presentaci\u00f3n en caja de 20 unidades. Ideal para promociones, obsequios empresariales o ventas al por mayor.<\/p>\n<hr \/>\n<p>MATERIAL: CERAMICA<br \/>\n CAPACIDAD: 15ONZ<br \/>\n ACCESORIOS: N\/A<br \/>\n IMPRESI\u00d3N: FULL COLOR<br \/>\n ACABADO: CAJA DE 20UNDS<\/p>\n<hr \/>\n","protected":false},"excerpt":{"rendered":"<p>MATERIAL: Cer\u00e1mica. Ideal para disfrutar bebidas calientes o fr\u00edas, con una estructura resistente que garantiza durabilidad y un dise\u00f1o elegante.<br \/>\nCAPACIDAD: 15 onzas. Perfecta para un caf\u00e9 largo, t\u00e9 o cualquier bebida que necesites en tu rutina diaria.<br \/>\nIMPRESI\u00d3N: Full color. Impresi\u00f3n digital de alta calidad para personalizar con detalles n\u00edtidos y vibrantes, haciendo de cada taza un art\u00edculo \u00fanico.<br \/>\nACCESORIOS: N\/A. Su dise\u00f1o simple y funcional se adapta a cualquier estilo o marca.<br \/>\nACABADO: Presentaci\u00f3n en caja de 20 unidades. Ideal para promociones, obsequios empresariales o ventas al por mayor.<\/p>\n","protected":false},"featured_media":3731,"comment_status":"closed","ping_status":"open","template":"","meta":[],"product_brand":[],"product_cat":[70],"product_tag":[],"class_list":{"0":"post-3577","1":"product","2":"type-product","3":"status-publish","4":"has-post-thumbnail","6":"product_cat-catalogo-2025","8":"first","9":"instock","10":"purchasable","11":"product-type-simple"},"_links":{"self":[{"href":"https:\/\/vasospublicitariosperu.com\/tienda\/wp-json\/wp\/v2\/product\/3577","targetHints":{"allow":["GET"]}}],"collection":[{"href":"https:\/\/vasospublicitariosperu.com\/tienda\/wp-json\/wp\/v2\/product"}],"about":[{"href":"https:\/\/vasospublicitariosperu.com\/tienda\/wp-json\/wp\/v2\/types\/product"}],"replies":[{"embeddable":true,"href":"https:\/\/vasospublicitariosperu.com\/tienda\/wp-json\/wp\/v2\/comments?post=3577"}],"wp:featuredmedia":[{"embeddable":true,"href":"https:\/\/vasospublicitariosperu.com\/tienda\/wp-json\/wp\/v2\/media\/3731"}],"wp:attachment":[{"href":"https:\/\/vasospublicitariosperu.com\/tienda\/wp-json\/wp\/v2\/media?parent=3577"}],"wp:term":[{"taxonomy":"product_brand","embeddable":true,"href":"https:\/\/vasospublicitariosperu.com\/tienda\/wp-json\/wp\/v2\/product_brand?post=3577"},{"taxonomy":"product_cat","embeddable":true,"href":"https:\/\/vasospublicitariosperu.com\/tienda\/wp-json\/wp\/v2\/product_cat?post=3577"},{"taxonomy":"product_tag","embeddable":true,"href":"https:\/\/vasospublicitariosperu.com\/tienda\/wp-json\/wp\/v2\/product_tag?post=3577"}],"curies":[{"name":"wp","href":"https:\/\/api.w.org\/{rel}","templated":true}]}}