{"id":3578,"date":"2025-05-02T12:04:43","date_gmt":"2025-05-02T17:04:43","guid":{"rendered":"https:\/\/vasospublicitariosperu.com\/tienda\/product\/taza-conica-12oz\/"},"modified":"2026-04-10T15:28:28","modified_gmt":"2026-04-10T20:28:28","slug":"taza-conica-12oz","status":"publish","type":"product","link":"https:\/\/vasospublicitariosperu.com\/tienda\/taza-conica-12oz\/","title":{"rendered":"TAZA CONICA 12OZ."},"content":{"rendered":"<p>MATERIAL: Cer\u00e1mica. Perfecta para mantener la temperatura de tus bebidas, con un acabado duradero y elegante.<br \/>\nCAPACIDAD: 11 onzas. Ideal para disfrutar de un caf\u00e9, t\u00e9 o cualquier bebida que prefieras a diario.<br \/>\nIMPRESI\u00d3N: Full color. Impresi\u00f3n digital de alta calidad que resalta cualquier dise\u00f1o o logo con gran detalle y definici\u00f3n.<br \/>\nACCESORIOS: N\/A. Dise\u00f1o cl\u00e1sico y funcional, perfecto para personalizar seg\u00fan tu estilo o marca.<br \/>\nACABADO: Presentaci\u00f3n en caja de 20 unidades. Perfecta para promociones, eventos corporativos o ventas al por mayor.<\/p>\n<hr \/>\n<p>MATERIAL: CERAMICA<br \/>\n CAPACIDAD: 11ONZ<br \/>\n ACCESORIOS: N\/A<br \/>\n IMPRESI\u00d3N: FULL COLOR<br \/>\n ACABADO: CAJA DE 20UNDS<\/p>\n<hr \/>\n","protected":false},"excerpt":{"rendered":"<p>MATERIAL: Cer\u00e1mica. Perfecta para mantener la temperatura de tus bebidas, con un acabado duradero y elegante.<br \/>\nCAPACIDAD: 11 onzas. Ideal para disfrutar de un caf\u00e9, t\u00e9 o cualquier bebida que prefieras a diario.<br \/>\nIMPRESI\u00d3N: Full color. Impresi\u00f3n digital de alta calidad que resalta cualquier dise\u00f1o o logo con gran detalle y definici\u00f3n.<br \/>\nACCESORIOS: N\/A. Dise\u00f1o cl\u00e1sico y funcional, perfecto para personalizar seg\u00fan tu estilo o marca.<br \/>\nACABADO: Presentaci\u00f3n en caja de 20 unidades. Perfecta para promociones, eventos corporativos o ventas al por mayor.<\/p>\n","protected":false},"featured_media":3734,"comment_status":"closed","ping_status":"open","template":"","meta":[],"product_brand":[],"product_cat":[70],"product_tag":[],"class_list":{"0":"post-3578","1":"product","2":"type-product","3":"status-publish","4":"has-post-thumbnail","6":"product_cat-catalogo-2025","8":"first","9":"instock","10":"purchasable","11":"product-type-simple"},"_links":{"self":[{"href":"https:\/\/vasospublicitariosperu.com\/tienda\/wp-json\/wp\/v2\/product\/3578","targetHints":{"allow":["GET"]}}],"collection":[{"href":"https:\/\/vasospublicitariosperu.com\/tienda\/wp-json\/wp\/v2\/product"}],"about":[{"href":"https:\/\/vasospublicitariosperu.com\/tienda\/wp-json\/wp\/v2\/types\/product"}],"replies":[{"embeddable":true,"href":"https:\/\/vasospublicitariosperu.com\/tienda\/wp-json\/wp\/v2\/comments?post=3578"}],"wp:featuredmedia":[{"embeddable":true,"href":"https:\/\/vasospublicitariosperu.com\/tienda\/wp-json\/wp\/v2\/media\/3734"}],"wp:attachment":[{"href":"https:\/\/vasospublicitariosperu.com\/tienda\/wp-json\/wp\/v2\/media?parent=3578"}],"wp:term":[{"taxonomy":"product_brand","embeddable":true,"href":"https:\/\/vasospublicitariosperu.com\/tienda\/wp-json\/wp\/v2\/product_brand?post=3578"},{"taxonomy":"product_cat","embeddable":true,"href":"https:\/\/vasospublicitariosperu.com\/tienda\/wp-json\/wp\/v2\/product_cat?post=3578"},{"taxonomy":"product_tag","embeddable":true,"href":"https:\/\/vasospublicitariosperu.com\/tienda\/wp-json\/wp\/v2\/product_tag?post=3578"}],"curies":[{"name":"wp","href":"https:\/\/api.w.org\/{rel}","templated":true}]}}