{"id":3579,"date":"2025-05-02T12:04:43","date_gmt":"2025-05-02T17:04:43","guid":{"rendered":"https:\/\/vasospublicitariosperu.com\/tienda\/product\/taza-conica-17oz\/"},"modified":"2026-04-10T15:28:28","modified_gmt":"2026-04-10T20:28:28","slug":"taza-conica-17oz","status":"publish","type":"product","link":"https:\/\/vasospublicitariosperu.com\/tienda\/taza-conica-17oz\/","title":{"rendered":"TAZA CONICA 17OZ."},"content":{"rendered":"<p>MATERIAL: Cer\u00e1mica. Ideal para mantener la temperatura de las bebidas, con un acabado resistente y elegante.<br \/>\nCAPACIDAD: 15 onzas. Perfecto para disfrutar de caf\u00e9, t\u00e9 o cualquier bebida favorita en un tama\u00f1o c\u00f3modo y funcional.<br \/>\nIMPRESI\u00d3N: Full color. Impresi\u00f3n digital de alta calidad que captura detalles vibrantes y n\u00edtidos para resaltar cualquier dise\u00f1o o logo.<br \/>\nACCESORIOS: N\/A. Presentaci\u00f3n simple y pr\u00e1ctica, lista para personalizar.<br \/>\nACABADO: Presentaci\u00f3n en caja de 20 unidades. Ideal para promociones, eventos o ventas al por mayor.<\/p>\n<hr \/>\n<p>MATERIAL: CERAMICA<br \/>\n CAPACIDAD: 15ONZ<br \/>\n ACCESORIOS: N\/A<br \/>\n IMPRESI\u00d3N: FULL COLOR<br \/>\n ACABADO: CAJA DE 20UNDS<\/p>\n<hr \/>\n","protected":false},"excerpt":{"rendered":"<p>MATERIAL: Cer\u00e1mica. Ideal para mantener la temperatura de las bebidas, con un acabado resistente y elegante.<br \/>\nCAPACIDAD: 15 onzas. Perfecto para disfrutar de caf\u00e9, t\u00e9 o cualquier bebida favorita en un tama\u00f1o c\u00f3modo y funcional.<br \/>\nIMPRESI\u00d3N: Full color. Impresi\u00f3n digital de alta calidad que captura detalles vibrantes y n\u00edtidos para resaltar cualquier dise\u00f1o o logo.<br \/>\nACCESORIOS: N\/A. Presentaci\u00f3n simple y pr\u00e1ctica, lista para personalizar.<br \/>\nACABADO: Presentaci\u00f3n en caja de 20 unidades. Ideal para promociones, eventos o ventas al por mayor.<\/p>\n","protected":false},"featured_media":3738,"comment_status":"closed","ping_status":"open","template":"","meta":[],"product_brand":[],"product_cat":[70],"product_tag":[],"class_list":{"0":"post-3579","1":"product","2":"type-product","3":"status-publish","4":"has-post-thumbnail","6":"product_cat-catalogo-2025","8":"first","9":"instock","10":"purchasable","11":"product-type-simple"},"_links":{"self":[{"href":"https:\/\/vasospublicitariosperu.com\/tienda\/wp-json\/wp\/v2\/product\/3579","targetHints":{"allow":["GET"]}}],"collection":[{"href":"https:\/\/vasospublicitariosperu.com\/tienda\/wp-json\/wp\/v2\/product"}],"about":[{"href":"https:\/\/vasospublicitariosperu.com\/tienda\/wp-json\/wp\/v2\/types\/product"}],"replies":[{"embeddable":true,"href":"https:\/\/vasospublicitariosperu.com\/tienda\/wp-json\/wp\/v2\/comments?post=3579"}],"wp:featuredmedia":[{"embeddable":true,"href":"https:\/\/vasospublicitariosperu.com\/tienda\/wp-json\/wp\/v2\/media\/3738"}],"wp:attachment":[{"href":"https:\/\/vasospublicitariosperu.com\/tienda\/wp-json\/wp\/v2\/media?parent=3579"}],"wp:term":[{"taxonomy":"product_brand","embeddable":true,"href":"https:\/\/vasospublicitariosperu.com\/tienda\/wp-json\/wp\/v2\/product_brand?post=3579"},{"taxonomy":"product_cat","embeddable":true,"href":"https:\/\/vasospublicitariosperu.com\/tienda\/wp-json\/wp\/v2\/product_cat?post=3579"},{"taxonomy":"product_tag","embeddable":true,"href":"https:\/\/vasospublicitariosperu.com\/tienda\/wp-json\/wp\/v2\/product_tag?post=3579"}],"curies":[{"name":"wp","href":"https:\/\/api.w.org\/{rel}","templated":true}]}}