{"id":3580,"date":"2025-05-02T12:04:43","date_gmt":"2025-05-02T17:04:43","guid":{"rendered":"https:\/\/vasospublicitariosperu.com\/tienda\/product\/chop-cervecero\/"},"modified":"2026-04-10T15:28:28","modified_gmt":"2026-04-10T20:28:28","slug":"chop-cervecero","status":"publish","type":"product","link":"https:\/\/vasospublicitariosperu.com\/tienda\/chop-cervecero\/","title":{"rendered":"CHOP CERVECERO"},"content":{"rendered":"<p>MATERIAL: Vidrio pavonado. Elegante y sofisticado, ideal para resaltar cualquier dise\u00f1o o logo con un acabado brillante.<br \/>\nCAPACIDAD: 16 onzas. Tama\u00f1o ideal para disfrutar de una bebida refrescante o caliente con estilo.<br \/>\nIMPRESI\u00d3N: Full color. Impresi\u00f3n digital de alta calidad que ofrece colores vibrantes y una imagen n\u00edtida en el producto.<br \/>\nACCESORIOS: N\/A. Presentaci\u00f3n simple y lista para personalizar.<br \/>\nACABADO: Presentaci\u00f3n en caja de 20 unidades. Perfecto para promociones, eventos o ventas al por mayor.<\/p>\n<hr \/>\n<p>MATERIAL: VIDRIO PAVONADO<br \/>\n CAPACIDAD: 16ONZ<br \/>\n ACCESORIOS: N\/A<br \/>\n IMPRESI\u00d3N: FULL COLOR<br \/>\n ACABADO: CAJA DE 20UNDS<\/p>\n<hr \/>\n","protected":false},"excerpt":{"rendered":"<p>MATERIAL: Vidrio pavonado. Elegante y sofisticado, ideal para resaltar cualquier dise\u00f1o o logo con un acabado brillante.<br \/>\nCAPACIDAD: 16 onzas. Tama\u00f1o ideal para disfrutar de una bebida refrescante o caliente con estilo.<br \/>\nIMPRESI\u00d3N: Full color. Impresi\u00f3n digital de alta calidad que ofrece colores vibrantes y una imagen n\u00edtida en el producto.<br \/>\nACCESORIOS: N\/A. Presentaci\u00f3n simple y lista para personalizar.<br \/>\nACABADO: Presentaci\u00f3n en caja de 20 unidades. Perfecto para promociones, eventos o ventas al por mayor.<\/p>\n","protected":false},"featured_media":3741,"comment_status":"closed","ping_status":"open","template":"","meta":[],"product_brand":[],"product_cat":[70],"product_tag":[],"class_list":{"0":"post-3580","1":"product","2":"type-product","3":"status-publish","4":"has-post-thumbnail","6":"product_cat-catalogo-2025","8":"first","9":"instock","10":"purchasable","11":"product-type-simple"},"_links":{"self":[{"href":"https:\/\/vasospublicitariosperu.com\/tienda\/wp-json\/wp\/v2\/product\/3580","targetHints":{"allow":["GET"]}}],"collection":[{"href":"https:\/\/vasospublicitariosperu.com\/tienda\/wp-json\/wp\/v2\/product"}],"about":[{"href":"https:\/\/vasospublicitariosperu.com\/tienda\/wp-json\/wp\/v2\/types\/product"}],"replies":[{"embeddable":true,"href":"https:\/\/vasospublicitariosperu.com\/tienda\/wp-json\/wp\/v2\/comments?post=3580"}],"wp:featuredmedia":[{"embeddable":true,"href":"https:\/\/vasospublicitariosperu.com\/tienda\/wp-json\/wp\/v2\/media\/3741"}],"wp:attachment":[{"href":"https:\/\/vasospublicitariosperu.com\/tienda\/wp-json\/wp\/v2\/media?parent=3580"}],"wp:term":[{"taxonomy":"product_brand","embeddable":true,"href":"https:\/\/vasospublicitariosperu.com\/tienda\/wp-json\/wp\/v2\/product_brand?post=3580"},{"taxonomy":"product_cat","embeddable":true,"href":"https:\/\/vasospublicitariosperu.com\/tienda\/wp-json\/wp\/v2\/product_cat?post=3580"},{"taxonomy":"product_tag","embeddable":true,"href":"https:\/\/vasospublicitariosperu.com\/tienda\/wp-json\/wp\/v2\/product_tag?post=3580"}],"curies":[{"name":"wp","href":"https:\/\/api.w.org\/{rel}","templated":true}]}}