{"id":3581,"date":"2025-05-02T12:04:43","date_gmt":"2025-05-02T17:04:43","guid":{"rendered":"https:\/\/vasospublicitariosperu.com\/tienda\/product\/thermo-car\/"},"modified":"2026-04-10T15:28:28","modified_gmt":"2026-04-10T20:28:28","slug":"thermo-car","status":"publish","type":"product","link":"https:\/\/vasospublicitariosperu.com\/tienda\/thermo-car\/","title":{"rendered":"THERMO CAR"},"content":{"rendered":"<p>MATERIAL: Aluminio doble capa. Ideal para mantener las bebidas fr\u00edas o calientes por m\u00e1s tiempo, resistente y ligero.<br \/>\nCAPACIDAD: 400 ml. Tama\u00f1o pr\u00e1ctico para disfrutar de tu bebida favorita en cualquier momento del d\u00eda.<br \/>\nIMPRESI\u00d3N: Full color. Personalizaci\u00f3n en alta calidad que resalta los colores y detalles de tu dise\u00f1o o logo.<br \/>\nACCESORIOS: N\/A. Dise\u00f1o simple y funcional, listo para personalizar.<br \/>\nACABADO: Presentaci\u00f3n en caja de 20 unidades. Perfecto para entregas corporativas o promociones al por mayor.<\/p>\n<hr \/>\n<p>MATERIAL: ALUMINIO DOBLE CAPA<br \/>\n CAPACIDAD: 400ML<br \/>\n ACCESORIOS: N\/A<br \/>\n IMPRESI\u00d3N: FULL COLOR<br \/>\n ACABADO: CAJA DE 20UNDS<\/p>\n<hr \/>\n","protected":false},"excerpt":{"rendered":"<p>MATERIAL: Aluminio doble capa. Ideal para mantener las bebidas fr\u00edas o calientes por m\u00e1s tiempo, resistente y ligero.<br \/>\nCAPACIDAD: 400 ml. Tama\u00f1o pr\u00e1ctico para disfrutar de tu bebida favorita en cualquier momento del d\u00eda.<br \/>\nIMPRESI\u00d3N: Full color. Personalizaci\u00f3n en alta calidad que resalta los colores y detalles de tu dise\u00f1o o logo.<br \/>\nACCESORIOS: N\/A. Dise\u00f1o simple y funcional, listo para personalizar.<br \/>\nACABADO: Presentaci\u00f3n en caja de 20 unidades. Perfecto para entregas corporativas o promociones al por mayor.<\/p>\n","protected":false},"featured_media":3744,"comment_status":"closed","ping_status":"open","template":"","meta":[],"product_brand":[],"product_cat":[70],"product_tag":[],"class_list":{"0":"post-3581","1":"product","2":"type-product","3":"status-publish","4":"has-post-thumbnail","6":"product_cat-catalogo-2025","8":"first","9":"instock","10":"purchasable","11":"product-type-simple"},"_links":{"self":[{"href":"https:\/\/vasospublicitariosperu.com\/tienda\/wp-json\/wp\/v2\/product\/3581","targetHints":{"allow":["GET"]}}],"collection":[{"href":"https:\/\/vasospublicitariosperu.com\/tienda\/wp-json\/wp\/v2\/product"}],"about":[{"href":"https:\/\/vasospublicitariosperu.com\/tienda\/wp-json\/wp\/v2\/types\/product"}],"replies":[{"embeddable":true,"href":"https:\/\/vasospublicitariosperu.com\/tienda\/wp-json\/wp\/v2\/comments?post=3581"}],"wp:featuredmedia":[{"embeddable":true,"href":"https:\/\/vasospublicitariosperu.com\/tienda\/wp-json\/wp\/v2\/media\/3744"}],"wp:attachment":[{"href":"https:\/\/vasospublicitariosperu.com\/tienda\/wp-json\/wp\/v2\/media?parent=3581"}],"wp:term":[{"taxonomy":"product_brand","embeddable":true,"href":"https:\/\/vasospublicitariosperu.com\/tienda\/wp-json\/wp\/v2\/product_brand?post=3581"},{"taxonomy":"product_cat","embeddable":true,"href":"https:\/\/vasospublicitariosperu.com\/tienda\/wp-json\/wp\/v2\/product_cat?post=3581"},{"taxonomy":"product_tag","embeddable":true,"href":"https:\/\/vasospublicitariosperu.com\/tienda\/wp-json\/wp\/v2\/product_tag?post=3581"}],"curies":[{"name":"wp","href":"https:\/\/api.w.org\/{rel}","templated":true}]}}