{"id":3583,"date":"2025-05-02T12:04:43","date_gmt":"2025-05-02T17:04:43","guid":{"rendered":"https:\/\/vasospublicitariosperu.com\/tienda\/product\/tomatodo-tipo-botella-750ml\/"},"modified":"2026-04-10T15:28:28","modified_gmt":"2026-04-10T20:28:28","slug":"tomatodo-tipo-botella-750ml","status":"publish","type":"product","link":"https:\/\/vasospublicitariosperu.com\/tienda\/tomatodo-tipo-botella-750ml\/","title":{"rendered":"TOMATODO TIPO BOTELLA 750ML"},"content":{"rendered":"<p>MATERIAL: Aluminio. Resistente y ligero, ideal para mantener la temperatura de tus bebidas por m\u00e1s tiempo.<br \/>\nCAPACIDAD: 750 ml aprox. Perfecto para bebidas grandes, ideales para eventos, promociones o como regalo corporativo.<br \/>\nIMPRESI\u00d3N: Full color. Personalizaci\u00f3n digital de alta calidad que destaca tu logo o dise\u00f1o preferido.<br \/>\nACCESORIOS: N\/A. Dise\u00f1o sencillo y funcional, perfecto para uso diario o para llevar a tus eventos.<br \/>\nACABADO: Presentaci\u00f3n en caja de 20 unidades. Ideal para entregas en masa o como parte de kits promocionales.<\/p>\n<hr \/>\n<p>MATERIAL: ALUMINIO<br \/>\n CAPACIDAD: 750ML APROX<br \/>\n ACCESORIOS: N\/A<br \/>\n IMPRESI\u00d3N: FULL COLOR<br \/>\n ACABADO: CAJA DE 20UNDS<\/p>\n<hr \/>\n","protected":false},"excerpt":{"rendered":"<p>MATERIAL: Aluminio. Resistente y ligero, ideal para mantener la temperatura de tus bebidas por m\u00e1s tiempo.<br \/>\nCAPACIDAD: 750 ml aprox. Perfecto para bebidas grandes, ideales para eventos, promociones o como regalo corporativo.<br \/>\nIMPRESI\u00d3N: Full color. Personalizaci\u00f3n digital de alta calidad que destaca tu logo o dise\u00f1o preferido.<br \/>\nACCESORIOS: N\/A. Dise\u00f1o sencillo y funcional, perfecto para uso diario o para llevar a tus eventos.<br \/>\nACABADO: Presentaci\u00f3n en caja de 20 unidades. Ideal para entregas en masa o como parte de kits promocionales.<\/p>\n","protected":false},"featured_media":3750,"comment_status":"closed","ping_status":"open","template":"","meta":[],"product_brand":[],"product_cat":[70],"product_tag":[],"class_list":{"0":"post-3583","1":"product","2":"type-product","3":"status-publish","4":"has-post-thumbnail","6":"product_cat-catalogo-2025","8":"first","9":"instock","10":"purchasable","11":"product-type-simple"},"_links":{"self":[{"href":"https:\/\/vasospublicitariosperu.com\/tienda\/wp-json\/wp\/v2\/product\/3583","targetHints":{"allow":["GET"]}}],"collection":[{"href":"https:\/\/vasospublicitariosperu.com\/tienda\/wp-json\/wp\/v2\/product"}],"about":[{"href":"https:\/\/vasospublicitariosperu.com\/tienda\/wp-json\/wp\/v2\/types\/product"}],"replies":[{"embeddable":true,"href":"https:\/\/vasospublicitariosperu.com\/tienda\/wp-json\/wp\/v2\/comments?post=3583"}],"wp:featuredmedia":[{"embeddable":true,"href":"https:\/\/vasospublicitariosperu.com\/tienda\/wp-json\/wp\/v2\/media\/3750"}],"wp:attachment":[{"href":"https:\/\/vasospublicitariosperu.com\/tienda\/wp-json\/wp\/v2\/media?parent=3583"}],"wp:term":[{"taxonomy":"product_brand","embeddable":true,"href":"https:\/\/vasospublicitariosperu.com\/tienda\/wp-json\/wp\/v2\/product_brand?post=3583"},{"taxonomy":"product_cat","embeddable":true,"href":"https:\/\/vasospublicitariosperu.com\/tienda\/wp-json\/wp\/v2\/product_cat?post=3583"},{"taxonomy":"product_tag","embeddable":true,"href":"https:\/\/vasospublicitariosperu.com\/tienda\/wp-json\/wp\/v2\/product_tag?post=3583"}],"curies":[{"name":"wp","href":"https:\/\/api.w.org\/{rel}","templated":true}]}}