{"id":3584,"date":"2025-05-02T12:04:43","date_gmt":"2025-05-02T17:04:43","guid":{"rendered":"https:\/\/vasospublicitariosperu.com\/tienda\/product\/tomatodo-thumbler-tipo-stanley\/"},"modified":"2026-04-10T15:28:28","modified_gmt":"2026-04-10T20:28:28","slug":"tomatodo-thumbler-tipo-stanley","status":"publish","type":"product","link":"https:\/\/vasospublicitariosperu.com\/tienda\/tomatodo-thumbler-tipo-stanley\/","title":{"rendered":"TOMATODO THUMBLER TIPO STANLEY"},"content":{"rendered":"<p>MATERIAL: Acero inoxidable doble capa. Alta resistencia y capacidad para mantener las bebidas fr\u00edas o calientes por m\u00e1s tiempo.<br \/>\nCAPACIDAD: 1200 ml aprox. Gran capacidad, ideal para largas jornadas, eventos o como obsequio corporativo.<br \/>\nIMPRESI\u00d3N: Full color UV DTF. Impresi\u00f3n digital de alta calidad que resalta colores vivos y detalles precisos, ideal para personalizar con logos o dise\u00f1os.<br \/>\nACCESORIOS: N\/A. Dise\u00f1o funcional y elegante, perfecto para mantener la temperatura de tus bebidas durante m\u00e1s tiempo.<br \/>\nACABADO: Presentaci\u00f3n en caja de 20 unidades. Ideal para compras al por mayor o distribuci\u00f3n en eventos y promociones.<\/p>\n<hr \/>\n<p>MATERIAL: ACERO INOXIDABLE DOBLE CAPA<br \/>\n CAPACIDAD: 1200ML APROX<br \/>\n ACCESORIOS: N\/A<br \/>\n IMPRESI\u00d3N: FULL COLOR UV DTF<br \/>\n ACABADO: CAJA DE 20UNDS<\/p>\n<hr \/>\n","protected":false},"excerpt":{"rendered":"<p>MATERIAL: Acero inoxidable doble capa. Alta resistencia y capacidad para mantener las bebidas fr\u00edas o calientes por m\u00e1s tiempo.<br \/>\nCAPACIDAD: 1200 ml aprox. Gran capacidad, ideal para largas jornadas, eventos o como obsequio corporativo.<br \/>\nIMPRESI\u00d3N: Full color UV DTF. Impresi\u00f3n digital de alta calidad que resalta colores vivos y detalles precisos, ideal para personalizar con logos o dise\u00f1os.<br \/>\nACCESORIOS: N\/A. Dise\u00f1o funcional y elegante, perfecto para mantener la temperatura de tus bebidas durante m\u00e1s tiempo.<br \/>\nACABADO: Presentaci\u00f3n en caja de 20 unidades. Ideal para compras al por mayor o distribuci\u00f3n en eventos y promociones.<\/p>\n","protected":false},"featured_media":3753,"comment_status":"closed","ping_status":"open","template":"","meta":[],"product_brand":[],"product_cat":[70],"product_tag":[],"class_list":{"0":"post-3584","1":"product","2":"type-product","3":"status-publish","4":"has-post-thumbnail","6":"product_cat-catalogo-2025","8":"first","9":"instock","10":"purchasable","11":"product-type-simple"},"_links":{"self":[{"href":"https:\/\/vasospublicitariosperu.com\/tienda\/wp-json\/wp\/v2\/product\/3584","targetHints":{"allow":["GET"]}}],"collection":[{"href":"https:\/\/vasospublicitariosperu.com\/tienda\/wp-json\/wp\/v2\/product"}],"about":[{"href":"https:\/\/vasospublicitariosperu.com\/tienda\/wp-json\/wp\/v2\/types\/product"}],"replies":[{"embeddable":true,"href":"https:\/\/vasospublicitariosperu.com\/tienda\/wp-json\/wp\/v2\/comments?post=3584"}],"wp:featuredmedia":[{"embeddable":true,"href":"https:\/\/vasospublicitariosperu.com\/tienda\/wp-json\/wp\/v2\/media\/3753"}],"wp:attachment":[{"href":"https:\/\/vasospublicitariosperu.com\/tienda\/wp-json\/wp\/v2\/media?parent=3584"}],"wp:term":[{"taxonomy":"product_brand","embeddable":true,"href":"https:\/\/vasospublicitariosperu.com\/tienda\/wp-json\/wp\/v2\/product_brand?post=3584"},{"taxonomy":"product_cat","embeddable":true,"href":"https:\/\/vasospublicitariosperu.com\/tienda\/wp-json\/wp\/v2\/product_cat?post=3584"},{"taxonomy":"product_tag","embeddable":true,"href":"https:\/\/vasospublicitariosperu.com\/tienda\/wp-json\/wp\/v2\/product_tag?post=3584"}],"curies":[{"name":"wp","href":"https:\/\/api.w.org\/{rel}","templated":true}]}}