{"id":3586,"date":"2025-05-02T12:07:10","date_gmt":"2025-05-02T17:07:10","guid":{"rendered":"https:\/\/vasospublicitariosperu.com\/tienda\/product\/tomatodo-deluxe-detalles-en-bamboo\/"},"modified":"2026-04-10T15:28:27","modified_gmt":"2026-04-10T20:28:27","slug":"tomatodo-deluxe-detalles-en-bamboo","status":"publish","type":"product","link":"https:\/\/vasospublicitariosperu.com\/tienda\/tomatodo-deluxe-detalles-en-bamboo\/","title":{"rendered":"TOMATODO DELUXE DETALLES EN BAMBOO"},"content":{"rendered":"<p>MATERIAL: Acero inoxidable doble capa con tapa y base de bamb\u00fa. Combinaci\u00f3n de materiales duraderos y ecol\u00f3gicos que garantizan la conservaci\u00f3n de la temperatura de las bebidas.<br \/>\nCAPACIDAD: 600 ml aprox. Ideal para disfrutar de bebidas fr\u00edas o calientes durante todo el d\u00eda.<br \/>\nIMPRESI\u00d3N: Full color UV DTF. Impresi\u00f3n digital de alta calidad que permite una personalizaci\u00f3n n\u00edtida y duradera.<br \/>\nACCESORIOS: Bamb\u00fa. Elemento ecol\u00f3gico que aporta un toque natural y elegante al dise\u00f1o.<br \/>\nACABADO: Presentaci\u00f3n en caja de 20 unidades. Perfecto para ventas al por mayor, eventos promocionales o como regalo corporativo.<\/p>\n<hr \/>\n<p>MATERIAL: ACERO INOXIDABLE DOBLE CAPA TAPA Y BASE DE BAMBOO<br \/>\n CAPACIDAD: 600ML APROX<br \/>\n ACCESORIOS: BAMBOO<br \/>\n IMPRESI\u00d3N: FULL COLOR UV DTF<br \/>\n ACABADO: CAJA DE 20UNDS<\/p>\n<hr \/>\n","protected":false},"excerpt":{"rendered":"<p>MATERIAL: Acero inoxidable doble capa con tapa y base de bamb\u00fa. Combinaci\u00f3n de materiales duraderos y ecol\u00f3gicos que garantizan la conservaci\u00f3n de la temperatura de las bebidas.<br \/>\nCAPACIDAD: 600 ml aprox. Ideal para disfrutar de bebidas fr\u00edas o calientes durante todo el d\u00eda.<br \/>\nIMPRESI\u00d3N: Full color UV DTF. Impresi\u00f3n digital de alta calidad que permite una personalizaci\u00f3n n\u00edtida y duradera.<br \/>\nACCESORIOS: Bamb\u00fa. Elemento ecol\u00f3gico que aporta un toque natural y elegante al dise\u00f1o.<br \/>\nACABADO: Presentaci\u00f3n en caja de 20 unidades. Perfecto para ventas al por mayor, eventos promocionales o como regalo corporativo.<\/p>\n","protected":false},"featured_media":3759,"comment_status":"closed","ping_status":"open","template":"","meta":[],"product_brand":[],"product_cat":[70],"product_tag":[],"class_list":{"0":"post-3586","1":"product","2":"type-product","3":"status-publish","4":"has-post-thumbnail","6":"product_cat-catalogo-2025","8":"first","9":"instock","10":"purchasable","11":"product-type-simple"},"_links":{"self":[{"href":"https:\/\/vasospublicitariosperu.com\/tienda\/wp-json\/wp\/v2\/product\/3586","targetHints":{"allow":["GET"]}}],"collection":[{"href":"https:\/\/vasospublicitariosperu.com\/tienda\/wp-json\/wp\/v2\/product"}],"about":[{"href":"https:\/\/vasospublicitariosperu.com\/tienda\/wp-json\/wp\/v2\/types\/product"}],"replies":[{"embeddable":true,"href":"https:\/\/vasospublicitariosperu.com\/tienda\/wp-json\/wp\/v2\/comments?post=3586"}],"wp:featuredmedia":[{"embeddable":true,"href":"https:\/\/vasospublicitariosperu.com\/tienda\/wp-json\/wp\/v2\/media\/3759"}],"wp:attachment":[{"href":"https:\/\/vasospublicitariosperu.com\/tienda\/wp-json\/wp\/v2\/media?parent=3586"}],"wp:term":[{"taxonomy":"product_brand","embeddable":true,"href":"https:\/\/vasospublicitariosperu.com\/tienda\/wp-json\/wp\/v2\/product_brand?post=3586"},{"taxonomy":"product_cat","embeddable":true,"href":"https:\/\/vasospublicitariosperu.com\/tienda\/wp-json\/wp\/v2\/product_cat?post=3586"},{"taxonomy":"product_tag","embeddable":true,"href":"https:\/\/vasospublicitariosperu.com\/tienda\/wp-json\/wp\/v2\/product_tag?post=3586"}],"curies":[{"name":"wp","href":"https:\/\/api.w.org\/{rel}","templated":true}]}}