{"id":3587,"date":"2025-05-02T12:07:10","date_gmt":"2025-05-02T17:07:10","guid":{"rendered":"https:\/\/vasospublicitariosperu.com\/tienda\/product\/tomatodo-ecologico-de-bamboo\/"},"modified":"2026-04-10T15:28:27","modified_gmt":"2026-04-10T20:28:27","slug":"tomatodo-ecologico-de-bamboo","status":"publish","type":"product","link":"https:\/\/vasospublicitariosperu.com\/tienda\/tomatodo-ecologico-de-bamboo\/","title":{"rendered":"TOMATODO ECOLOGICO DE BAMBOO"},"content":{"rendered":"<p>MATERIAL: Acero inoxidable doble capa con tapa de bamb\u00fa. Combinaci\u00f3n de acero inoxidable de alta calidad y un toque ecol\u00f3gico con la tapa de bamb\u00fa, ideal para mantener las bebidas a la temperatura perfecta.<br \/>\nCAPACIDAD: 550 ml aprox. Tama\u00f1o adecuado para disfrutar de una variedad de bebidas fr\u00edas o calientes.<br \/>\nIMPRESI\u00d3N: Full color UV DTF. Impresi\u00f3n digital de alta resoluci\u00f3n que asegura que tu dise\u00f1o o logo permanezca vibrante y duradero.<br \/>\nACCESORIOS: Bamb\u00fa. Elemento natural y elegante que da un toque \u00fanico al dise\u00f1o de la tapa.<br \/>\nACABADO: Presentaci\u00f3n en caja de 20 unidades. Ideal para ofrecer en ventas corporativas, eventos o como regalo promocional.<\/p>\n<hr \/>\n<p>MATERIAL: ACERO INOXIDABLE DOBLE CAPA TAPA BAMBOO<br \/>\n CAPACIDAD: 550ML APROX<br \/>\n ACCESORIOS: BAMBOO<br \/>\n IMPRESI\u00d3N: FULL COLOR UV DTF<br \/>\n ACABADO: CAJA DE 20UNDS<\/p>\n<hr \/>\n","protected":false},"excerpt":{"rendered":"<p>MATERIAL: Acero inoxidable doble capa con tapa de bamb\u00fa. Combinaci\u00f3n de acero inoxidable de alta calidad y un toque ecol\u00f3gico con la tapa de bamb\u00fa, ideal para mantener las bebidas a la temperatura perfecta.<br \/>\nCAPACIDAD: 550 ml aprox. Tama\u00f1o adecuado para disfrutar de una variedad de bebidas fr\u00edas o calientes.<br \/>\nIMPRESI\u00d3N: Full color UV DTF. Impresi\u00f3n digital de alta resoluci\u00f3n que asegura que tu dise\u00f1o o logo permanezca vibrante y duradero.<br \/>\nACCESORIOS: Bamb\u00fa. Elemento natural y elegante que da un toque \u00fanico al dise\u00f1o de la tapa.<br \/>\nACABADO: Presentaci\u00f3n en caja de 20 unidades. Ideal para ofrecer en ventas corporativas, eventos o como regalo promocional.<\/p>\n","protected":false},"featured_media":3762,"comment_status":"closed","ping_status":"open","template":"","meta":[],"product_brand":[],"product_cat":[70],"product_tag":[],"class_list":{"0":"post-3587","1":"product","2":"type-product","3":"status-publish","4":"has-post-thumbnail","6":"product_cat-catalogo-2025","8":"first","9":"instock","10":"purchasable","11":"product-type-simple"},"_links":{"self":[{"href":"https:\/\/vasospublicitariosperu.com\/tienda\/wp-json\/wp\/v2\/product\/3587","targetHints":{"allow":["GET"]}}],"collection":[{"href":"https:\/\/vasospublicitariosperu.com\/tienda\/wp-json\/wp\/v2\/product"}],"about":[{"href":"https:\/\/vasospublicitariosperu.com\/tienda\/wp-json\/wp\/v2\/types\/product"}],"replies":[{"embeddable":true,"href":"https:\/\/vasospublicitariosperu.com\/tienda\/wp-json\/wp\/v2\/comments?post=3587"}],"wp:featuredmedia":[{"embeddable":true,"href":"https:\/\/vasospublicitariosperu.com\/tienda\/wp-json\/wp\/v2\/media\/3762"}],"wp:attachment":[{"href":"https:\/\/vasospublicitariosperu.com\/tienda\/wp-json\/wp\/v2\/media?parent=3587"}],"wp:term":[{"taxonomy":"product_brand","embeddable":true,"href":"https:\/\/vasospublicitariosperu.com\/tienda\/wp-json\/wp\/v2\/product_brand?post=3587"},{"taxonomy":"product_cat","embeddable":true,"href":"https:\/\/vasospublicitariosperu.com\/tienda\/wp-json\/wp\/v2\/product_cat?post=3587"},{"taxonomy":"product_tag","embeddable":true,"href":"https:\/\/vasospublicitariosperu.com\/tienda\/wp-json\/wp\/v2\/product_tag?post=3587"}],"curies":[{"name":"wp","href":"https:\/\/api.w.org\/{rel}","templated":true}]}}