{"id":3588,"date":"2025-05-02T12:07:10","date_gmt":"2025-05-02T17:07:10","guid":{"rendered":"https:\/\/vasospublicitariosperu.com\/tienda\/product\/tomatodo-acero\/"},"modified":"2026-04-10T15:28:27","modified_gmt":"2026-04-10T20:28:27","slug":"tomatodo-acero","status":"publish","type":"product","link":"https:\/\/vasospublicitariosperu.com\/tienda\/tomatodo-acero\/","title":{"rendered":"TOMATODO ACERO"},"content":{"rendered":"<p>MATERIAL: Acero inoxidable. Duradero, resistente y de alta calidad, perfecto para mantener la temperatura de tus bebidas por m\u00e1s tiempo.<br \/>\nCAPACIDAD: 650 ml aprox. Ideal para quienes necesitan una bebida refrescante o caliente en una cantidad perfecta.<br \/>\nIMPRESI\u00d3N: Full color UV DTF. Impresi\u00f3n digital de alta resoluci\u00f3n que asegura una personalizaci\u00f3n precisa y duradera.<br \/>\nACCESORIOS: N\/A. Producto sin accesorios adicionales, enfocado en la simplicidad y funcionalidad.<br \/>\nACABADO: Caja individual de cart\u00f3n blanco. Presentaci\u00f3n elegante y pr\u00e1ctica para almacenamiento o entrega.<\/p>\n<hr \/>\n<p>MATERIAL: ACERO INOXIDABLE<br \/>\n CAPACIDAD: 650 ML APROX<br \/>\n ACCESORIOS: N\/A<br \/>\n IMPRESI\u00d3N: FULL COLOR UV DTF<br \/>\n ACABADO: CAJA INDIVIDUAL CARTON BLANCO<\/p>\n<hr \/>\n","protected":false},"excerpt":{"rendered":"<p>MATERIAL: Acero inoxidable. Duradero, resistente y de alta calidad, perfecto para mantener la temperatura de tus bebidas por m\u00e1s tiempo.<br \/>\nCAPACIDAD: 650 ml aprox. Ideal para quienes necesitan una bebida refrescante o caliente en una cantidad perfecta.<br \/>\nIMPRESI\u00d3N: Full color UV DTF. Impresi\u00f3n digital de alta resoluci\u00f3n que asegura una personalizaci\u00f3n precisa y duradera.<br \/>\nACCESORIOS: N\/A. Producto sin accesorios adicionales, enfocado en la simplicidad y funcionalidad.<br \/>\nACABADO: Caja individual de cart\u00f3n blanco. Presentaci\u00f3n elegante y pr\u00e1ctica para almacenamiento o entrega.<\/p>\n","protected":false},"featured_media":3765,"comment_status":"closed","ping_status":"open","template":"","meta":[],"product_brand":[],"product_cat":[70],"product_tag":[],"class_list":{"0":"post-3588","1":"product","2":"type-product","3":"status-publish","4":"has-post-thumbnail","6":"product_cat-catalogo-2025","8":"first","9":"instock","10":"purchasable","11":"product-type-simple"},"_links":{"self":[{"href":"https:\/\/vasospublicitariosperu.com\/tienda\/wp-json\/wp\/v2\/product\/3588","targetHints":{"allow":["GET"]}}],"collection":[{"href":"https:\/\/vasospublicitariosperu.com\/tienda\/wp-json\/wp\/v2\/product"}],"about":[{"href":"https:\/\/vasospublicitariosperu.com\/tienda\/wp-json\/wp\/v2\/types\/product"}],"replies":[{"embeddable":true,"href":"https:\/\/vasospublicitariosperu.com\/tienda\/wp-json\/wp\/v2\/comments?post=3588"}],"wp:featuredmedia":[{"embeddable":true,"href":"https:\/\/vasospublicitariosperu.com\/tienda\/wp-json\/wp\/v2\/media\/3765"}],"wp:attachment":[{"href":"https:\/\/vasospublicitariosperu.com\/tienda\/wp-json\/wp\/v2\/media?parent=3588"}],"wp:term":[{"taxonomy":"product_brand","embeddable":true,"href":"https:\/\/vasospublicitariosperu.com\/tienda\/wp-json\/wp\/v2\/product_brand?post=3588"},{"taxonomy":"product_cat","embeddable":true,"href":"https:\/\/vasospublicitariosperu.com\/tienda\/wp-json\/wp\/v2\/product_cat?post=3588"},{"taxonomy":"product_tag","embeddable":true,"href":"https:\/\/vasospublicitariosperu.com\/tienda\/wp-json\/wp\/v2\/product_tag?post=3588"}],"curies":[{"name":"wp","href":"https:\/\/api.w.org\/{rel}","templated":true}]}}