{"id":3589,"date":"2025-05-02T12:07:10","date_gmt":"2025-05-02T17:07:10","guid":{"rendered":"https:\/\/vasospublicitariosperu.com\/tienda\/product\/taza-corch\/"},"modified":"2026-04-10T15:28:27","modified_gmt":"2026-04-10T20:28:27","slug":"taza-corch","status":"publish","type":"product","link":"https:\/\/vasospublicitariosperu.com\/tienda\/taza-corch\/","title":{"rendered":"TAZA CORCH"},"content":{"rendered":"<p>MATERIAL: Cer\u00e1mica con base de corcho. Combina la resistencia y elegancia de la cer\u00e1mica con la protecci\u00f3n adicional que ofrece la base de corcho, evitando rayaduras y da\u00f1os en superficies.<br \/>\nCAPACIDAD: 12 oz (aprox.). Perfecto para una bebida refrescante o tu caf\u00e9 favorito, en un tama\u00f1o ideal para el uso diario.<br \/>\nIMPRESI\u00d3N: Full color UV DTF. Impresi\u00f3n digital de alta calidad que asegura colores vibrantes y una personalizaci\u00f3n duradera, ideal para resaltar logos, frases o dise\u00f1os.<br \/>\nACCESORIOS: N\/A. Producto sin accesorios adicionales, pensado para quienes prefieren una presentaci\u00f3n sencilla pero funcional.<br \/>\nACABADO: Caja individual de cart\u00f3n blanco. Presentaci\u00f3n cuidada, perfecta para entrega directa o como parte de un regalo corporativo.<\/p>\n<hr \/>\n<p>MATERIAL: CERAMICA, BASE DE CORCHO<br \/>\n CAPACIDAD: 12ONZ (Aprox.)<br \/>\n ACCESORIOS: N\/A<br \/>\n IMPRESI\u00d3N: FULL COLOR UV DTF<br \/>\n ACABADO: CAJA INDIVIDUAL CARTON BLANCO<\/p>\n<hr \/>\n","protected":false},"excerpt":{"rendered":"<p>MATERIAL: Cer\u00e1mica con base de corcho. Combina la resistencia y elegancia de la cer\u00e1mica con la protecci\u00f3n adicional que ofrece la base de corcho, evitando rayaduras y da\u00f1os en superficies.<br \/>\nCAPACIDAD: 12 oz (aprox.). Perfecto para una bebida refrescante o tu caf\u00e9 favorito, en un tama\u00f1o ideal para el uso diario.<br \/>\nIMPRESI\u00d3N: Full color UV DTF. Impresi\u00f3n digital de alta calidad que asegura colores vibrantes y una personalizaci\u00f3n duradera, ideal para resaltar logos, frases o dise\u00f1os.<br \/>\nACCESORIOS: N\/A. Producto sin accesorios adicionales, pensado para quienes prefieren una presentaci\u00f3n sencilla pero funcional.<br \/>\nACABADO: Caja individual de cart\u00f3n blanco. Presentaci\u00f3n cuidada, perfecta para entrega directa o como parte de un regalo corporativo.<\/p>\n","protected":false},"featured_media":3768,"comment_status":"closed","ping_status":"open","template":"","meta":[],"product_brand":[],"product_cat":[70],"product_tag":[],"class_list":{"0":"post-3589","1":"product","2":"type-product","3":"status-publish","4":"has-post-thumbnail","6":"product_cat-catalogo-2025","8":"first","9":"instock","10":"purchasable","11":"product-type-simple"},"_links":{"self":[{"href":"https:\/\/vasospublicitariosperu.com\/tienda\/wp-json\/wp\/v2\/product\/3589","targetHints":{"allow":["GET"]}}],"collection":[{"href":"https:\/\/vasospublicitariosperu.com\/tienda\/wp-json\/wp\/v2\/product"}],"about":[{"href":"https:\/\/vasospublicitariosperu.com\/tienda\/wp-json\/wp\/v2\/types\/product"}],"replies":[{"embeddable":true,"href":"https:\/\/vasospublicitariosperu.com\/tienda\/wp-json\/wp\/v2\/comments?post=3589"}],"wp:featuredmedia":[{"embeddable":true,"href":"https:\/\/vasospublicitariosperu.com\/tienda\/wp-json\/wp\/v2\/media\/3768"}],"wp:attachment":[{"href":"https:\/\/vasospublicitariosperu.com\/tienda\/wp-json\/wp\/v2\/media?parent=3589"}],"wp:term":[{"taxonomy":"product_brand","embeddable":true,"href":"https:\/\/vasospublicitariosperu.com\/tienda\/wp-json\/wp\/v2\/product_brand?post=3589"},{"taxonomy":"product_cat","embeddable":true,"href":"https:\/\/vasospublicitariosperu.com\/tienda\/wp-json\/wp\/v2\/product_cat?post=3589"},{"taxonomy":"product_tag","embeddable":true,"href":"https:\/\/vasospublicitariosperu.com\/tienda\/wp-json\/wp\/v2\/product_tag?post=3589"}],"curies":[{"name":"wp","href":"https:\/\/api.w.org\/{rel}","templated":true}]}}