{"id":3590,"date":"2025-05-02T12:07:10","date_gmt":"2025-05-02T17:07:10","guid":{"rendered":"https:\/\/vasospublicitariosperu.com\/tienda\/product\/taza-ceramica-inclinada\/"},"modified":"2026-04-10T15:28:27","modified_gmt":"2026-04-10T20:28:27","slug":"taza-ceramica-inclinada","status":"publish","type":"product","link":"https:\/\/vasospublicitariosperu.com\/tienda\/taza-ceramica-inclinada\/","title":{"rendered":"TAZA CERAMICA INCLINADA"},"content":{"rendered":"<p>MATERIAL: Cer\u00e1mica. Material resistente, ideal para bebidas calientes o fr\u00edas, con una superficie lisa y suave al tacto, perfecta para personalizar.<br \/>\nCAPACIDAD: 12 oz (aprox.). Tama\u00f1o ideal para disfrutar de tu bebida preferida, ya sea caf\u00e9, t\u00e9 o jugo.<br \/>\nIMPRESI\u00d3N: Full color UV DTF. Impresi\u00f3n digital de alta calidad que garantiza colores vibrantes y detalles n\u00edtidos, ideal para resaltar cualquier dise\u00f1o o logo.<br \/>\nACCESORIOS: N\/A. Sin accesorios adicionales, enfocado en la calidad del material y la impresi\u00f3n.<br \/>\nACABADO: Caja individual de cart\u00f3n blanco. Presentaci\u00f3n pr\u00e1ctica y elegante, ideal para regalar o para vender en tiendas de manera atractiva.<\/p>\n<hr \/>\n<p>MATERIAL: CERAMICA<br \/>\n CAPACIDAD: 12ONZ (Aprox.)<br \/>\n ACCESORIOS: N\/A<br \/>\n IMPRESI\u00d3N: FULL COLOR UV DTF<br \/>\n ACABADO: CAJA INDIVIDUAL CARTON BLANCO<\/p>\n<hr \/>\n","protected":false},"excerpt":{"rendered":"<p>MATERIAL: Cer\u00e1mica. Material resistente, ideal para bebidas calientes o fr\u00edas, con una superficie lisa y suave al tacto, perfecta para personalizar.<br \/>\nCAPACIDAD: 12 oz (aprox.). Tama\u00f1o ideal para disfrutar de tu bebida preferida, ya sea caf\u00e9, t\u00e9 o jugo.<br \/>\nIMPRESI\u00d3N: Full color UV DTF. Impresi\u00f3n digital de alta calidad que garantiza colores vibrantes y detalles n\u00edtidos, ideal para resaltar cualquier dise\u00f1o o logo.<br \/>\nACCESORIOS: N\/A. Sin accesorios adicionales, enfocado en la calidad del material y la impresi\u00f3n.<br \/>\nACABADO: Caja individual de cart\u00f3n blanco. Presentaci\u00f3n pr\u00e1ctica y elegante, ideal para regalar o para vender en tiendas de manera atractiva.<\/p>\n","protected":false},"featured_media":3771,"comment_status":"closed","ping_status":"open","template":"","meta":[],"product_brand":[],"product_cat":[70],"product_tag":[],"class_list":{"0":"post-3590","1":"product","2":"type-product","3":"status-publish","4":"has-post-thumbnail","6":"product_cat-catalogo-2025","8":"first","9":"instock","10":"purchasable","11":"product-type-simple"},"_links":{"self":[{"href":"https:\/\/vasospublicitariosperu.com\/tienda\/wp-json\/wp\/v2\/product\/3590","targetHints":{"allow":["GET"]}}],"collection":[{"href":"https:\/\/vasospublicitariosperu.com\/tienda\/wp-json\/wp\/v2\/product"}],"about":[{"href":"https:\/\/vasospublicitariosperu.com\/tienda\/wp-json\/wp\/v2\/types\/product"}],"replies":[{"embeddable":true,"href":"https:\/\/vasospublicitariosperu.com\/tienda\/wp-json\/wp\/v2\/comments?post=3590"}],"wp:featuredmedia":[{"embeddable":true,"href":"https:\/\/vasospublicitariosperu.com\/tienda\/wp-json\/wp\/v2\/media\/3771"}],"wp:attachment":[{"href":"https:\/\/vasospublicitariosperu.com\/tienda\/wp-json\/wp\/v2\/media?parent=3590"}],"wp:term":[{"taxonomy":"product_brand","embeddable":true,"href":"https:\/\/vasospublicitariosperu.com\/tienda\/wp-json\/wp\/v2\/product_brand?post=3590"},{"taxonomy":"product_cat","embeddable":true,"href":"https:\/\/vasospublicitariosperu.com\/tienda\/wp-json\/wp\/v2\/product_cat?post=3590"},{"taxonomy":"product_tag","embeddable":true,"href":"https:\/\/vasospublicitariosperu.com\/tienda\/wp-json\/wp\/v2\/product_tag?post=3590"}],"curies":[{"name":"wp","href":"https:\/\/api.w.org\/{rel}","templated":true}]}}