{"id":3592,"date":"2025-05-02T12:07:10","date_gmt":"2025-05-02T17:07:10","guid":{"rendered":"https:\/\/vasospublicitariosperu.com\/tienda\/product\/taza-forma-de-pala\/"},"modified":"2026-04-10T15:28:27","modified_gmt":"2026-04-10T20:28:27","slug":"taza-forma-de-pala","status":"publish","type":"product","link":"https:\/\/vasospublicitariosperu.com\/tienda\/taza-forma-de-pala\/","title":{"rendered":"TAZA FORMA DE PALA"},"content":{"rendered":"<p>MATERIAL: Cer\u00e1mica. Taza de cer\u00e1mica resistente, ideal para el uso diario y perfecto para mantener las bebidas a una temperatura adecuada durante m\u00e1s tiempo.<br \/>\nCAPACIDAD: 12 oz (aprox.). Perfecta para disfrutar de una taza de caf\u00e9, t\u00e9 o cualquier bebida que prefieras, con un tama\u00f1o c\u00f3modo para el d\u00eda a d\u00eda.<br \/>\nIMPRESI\u00d3N: Full color UV DTF. Impresi\u00f3n digital de alta calidad, que asegura colores vibrantes y un acabado duradero, ideal para personalizar con logotipos, frases o dise\u00f1os.<br \/>\nACCESORIOS: N\/A. Este modelo no incluye accesorios adicionales, pero ofrece la calidad y el dise\u00f1o esencial.<br \/>\nACABADO: N\/A. El producto se presenta sin un acabado espec\u00edfico, centr\u00e1ndose en su calidad b\u00e1sica y funcionalidad.<\/p>\n<hr \/>\n<p>MATERIAL: CERAMICA<br \/>\n CAPACIDAD: 12ONZ (Aprox.)<br \/>\n ACCESORIOS: N\/A<br \/>\n IMPRESI\u00d3N: FULL COLOR UV DTF<br \/>\n ACABADO: N\/A<\/p>\n<hr \/>\n","protected":false},"excerpt":{"rendered":"<p>MATERIAL: Cer\u00e1mica. Taza de cer\u00e1mica resistente, ideal para el uso diario y perfecto para mantener las bebidas a una temperatura adecuada durante m\u00e1s tiempo.<br \/>\nCAPACIDAD: 12 oz (aprox.). Perfecta para disfrutar de una taza de caf\u00e9, t\u00e9 o cualquier bebida que prefieras, con un tama\u00f1o c\u00f3modo para el d\u00eda a d\u00eda.<br \/>\nIMPRESI\u00d3N: Full color UV DTF. Impresi\u00f3n digital de alta calidad, que asegura colores vibrantes y un acabado duradero, ideal para personalizar con logotipos, frases o dise\u00f1os.<br \/>\nACCESORIOS: N\/A. Este modelo no incluye accesorios adicionales, pero ofrece la calidad y el dise\u00f1o esencial.<br \/>\nACABADO: N\/A. El producto se presenta sin un acabado espec\u00edfico, centr\u00e1ndose en su calidad b\u00e1sica y funcionalidad.<\/p>\n","protected":false},"featured_media":3776,"comment_status":"closed","ping_status":"open","template":"","meta":[],"product_brand":[],"product_cat":[70],"product_tag":[],"class_list":{"0":"post-3592","1":"product","2":"type-product","3":"status-publish","4":"has-post-thumbnail","6":"product_cat-catalogo-2025","8":"first","9":"instock","10":"purchasable","11":"product-type-simple"},"_links":{"self":[{"href":"https:\/\/vasospublicitariosperu.com\/tienda\/wp-json\/wp\/v2\/product\/3592","targetHints":{"allow":["GET"]}}],"collection":[{"href":"https:\/\/vasospublicitariosperu.com\/tienda\/wp-json\/wp\/v2\/product"}],"about":[{"href":"https:\/\/vasospublicitariosperu.com\/tienda\/wp-json\/wp\/v2\/types\/product"}],"replies":[{"embeddable":true,"href":"https:\/\/vasospublicitariosperu.com\/tienda\/wp-json\/wp\/v2\/comments?post=3592"}],"wp:featuredmedia":[{"embeddable":true,"href":"https:\/\/vasospublicitariosperu.com\/tienda\/wp-json\/wp\/v2\/media\/3776"}],"wp:attachment":[{"href":"https:\/\/vasospublicitariosperu.com\/tienda\/wp-json\/wp\/v2\/media?parent=3592"}],"wp:term":[{"taxonomy":"product_brand","embeddable":true,"href":"https:\/\/vasospublicitariosperu.com\/tienda\/wp-json\/wp\/v2\/product_brand?post=3592"},{"taxonomy":"product_cat","embeddable":true,"href":"https:\/\/vasospublicitariosperu.com\/tienda\/wp-json\/wp\/v2\/product_cat?post=3592"},{"taxonomy":"product_tag","embeddable":true,"href":"https:\/\/vasospublicitariosperu.com\/tienda\/wp-json\/wp\/v2\/product_tag?post=3592"}],"curies":[{"name":"wp","href":"https:\/\/api.w.org\/{rel}","templated":true}]}}