{"id":3593,"date":"2025-05-02T12:07:10","date_gmt":"2025-05-02T17:07:10","guid":{"rendered":"https:\/\/vasospublicitariosperu.com\/tienda\/product\/thermo-cafetero-1l\/"},"modified":"2026-04-10T15:28:28","modified_gmt":"2026-04-10T20:28:28","slug":"thermo-cafetero-1l","status":"publish","type":"product","link":"https:\/\/vasospublicitariosperu.com\/tienda\/thermo-cafetero-1l\/","title":{"rendered":"THERMO CAFETERO 1L"},"content":{"rendered":"<p>MATERIAL: Acero inoxidable. Botella duradera y resistente, ideal para mantener tus bebidas a la temperatura adecuada durante largos per\u00edodos de tiempo.<br \/>\nCAPACIDAD: 1 litro (aprox.). Perfecta para mantener hidratado durante todo el d\u00eda, con suficiente capacidad para agua, jugos o bebidas calientes.<br \/>\nIMPRESI\u00d3N: Full color UV DTF. Impresi\u00f3n digital de alta calidad que garantiza colores vibrantes y un acabado resistente a largo plazo.<br \/>\nACCESORIOS: N\/A. Esta botella no incluye accesorios adicionales, lo que la hace sencilla y funcional.<br \/>\nACABADO: Caja individual en cart\u00f3n blanco. Cada unidad se presenta en una caja individual para asegurar su protecci\u00f3n durante el transporte o distribuci\u00f3n.<\/p>\n<hr \/>\n<p>MATERIAL: ACERO INOXIDABLE<br \/>\n CAPACIDAD: 1 litro Aprox.<br \/>\n ACCESORIOS: N\/A<br \/>\n IMPRESI\u00d3N: FULL COLOR UV DTF<br \/>\n ACABADO: CAJA INDIVIDUAL CARTON BLANCO<\/p>\n<hr \/>\n","protected":false},"excerpt":{"rendered":"<p>MATERIAL: Acero inoxidable. Botella duradera y resistente, ideal para mantener tus bebidas a la temperatura adecuada durante largos per\u00edodos de tiempo.<br \/>\nCAPACIDAD: 1 litro (aprox.). Perfecta para mantener hidratado durante todo el d\u00eda, con suficiente capacidad para agua, jugos o bebidas calientes.<br \/>\nIMPRESI\u00d3N: Full color UV DTF. Impresi\u00f3n digital de alta calidad que garantiza colores vibrantes y un acabado resistente a largo plazo.<br \/>\nACCESORIOS: N\/A. Esta botella no incluye accesorios adicionales, lo que la hace sencilla y funcional.<br \/>\nACABADO: Caja individual en cart\u00f3n blanco. Cada unidad se presenta en una caja individual para asegurar su protecci\u00f3n durante el transporte o distribuci\u00f3n.<\/p>\n","protected":false},"featured_media":3779,"comment_status":"closed","ping_status":"open","template":"","meta":[],"product_brand":[],"product_cat":[70],"product_tag":[],"class_list":{"0":"post-3593","1":"product","2":"type-product","3":"status-publish","4":"has-post-thumbnail","6":"product_cat-catalogo-2025","8":"first","9":"instock","10":"purchasable","11":"product-type-simple"},"_links":{"self":[{"href":"https:\/\/vasospublicitariosperu.com\/tienda\/wp-json\/wp\/v2\/product\/3593","targetHints":{"allow":["GET"]}}],"collection":[{"href":"https:\/\/vasospublicitariosperu.com\/tienda\/wp-json\/wp\/v2\/product"}],"about":[{"href":"https:\/\/vasospublicitariosperu.com\/tienda\/wp-json\/wp\/v2\/types\/product"}],"replies":[{"embeddable":true,"href":"https:\/\/vasospublicitariosperu.com\/tienda\/wp-json\/wp\/v2\/comments?post=3593"}],"wp:featuredmedia":[{"embeddable":true,"href":"https:\/\/vasospublicitariosperu.com\/tienda\/wp-json\/wp\/v2\/media\/3779"}],"wp:attachment":[{"href":"https:\/\/vasospublicitariosperu.com\/tienda\/wp-json\/wp\/v2\/media?parent=3593"}],"wp:term":[{"taxonomy":"product_brand","embeddable":true,"href":"https:\/\/vasospublicitariosperu.com\/tienda\/wp-json\/wp\/v2\/product_brand?post=3593"},{"taxonomy":"product_cat","embeddable":true,"href":"https:\/\/vasospublicitariosperu.com\/tienda\/wp-json\/wp\/v2\/product_cat?post=3593"},{"taxonomy":"product_tag","embeddable":true,"href":"https:\/\/vasospublicitariosperu.com\/tienda\/wp-json\/wp\/v2\/product_tag?post=3593"}],"curies":[{"name":"wp","href":"https:\/\/api.w.org\/{rel}","templated":true}]}}