{"id":3594,"date":"2025-05-02T12:07:10","date_gmt":"2025-05-02T17:07:10","guid":{"rendered":"https:\/\/vasospublicitariosperu.com\/tienda\/product\/thermo-cafetero-500ml\/"},"modified":"2026-04-10T15:28:28","modified_gmt":"2026-04-10T20:28:28","slug":"thermo-cafetero-500ml","status":"publish","type":"product","link":"https:\/\/vasospublicitariosperu.com\/tienda\/thermo-cafetero-500ml\/","title":{"rendered":"THERMO CAFETERO 500mL"},"content":{"rendered":"<p>MATERIAL: Acero inoxidable. Ideal para mantener la temperatura de tus bebidas durante horas, con la resistencia y durabilidad que caracteriza al acero inoxidable.<br \/>\nCAPACIDAD: 1\/2 litro de capacidad. Perfecto para disfrutar de tu bebida favorita, ya sea fr\u00eda o caliente, en cualquier momento del d\u00eda.<br \/>\nACCESORIOS: Funda negra para llevar. Incluye una funda pr\u00e1ctica y elegante, ideal para transportar y proteger la botella con estilo.<br \/>\nIMPRESI\u00d3N: Full color UV DTF. Impresi\u00f3n digital de alta calidad que resalta con colores vibrantes y ofrece un acabado duradero.<br \/>\nACABADO: Caja individual en cart\u00f3n blanco. Cada unidad viene presentada de forma segura en una caja de cart\u00f3n blanco, ideal para protecci\u00f3n durante el env\u00edo o distribuci\u00f3n.<\/p>\n<hr \/>\n<p>MATERIAL: ACERO INOXIDABLE<br \/>\n CAPACIDAD: 1\/2 litro de capacidad,<br \/>\n ACCESORIOS: funda negra para llevar.<br \/>\n IMPRESI\u00d3N: FULL COLOR UV DTF<br \/>\n ACABADO: CAJA INDIVIDUAL CARTON BLANCO<\/p>\n<hr \/>\n","protected":false},"excerpt":{"rendered":"<p>MATERIAL: Acero inoxidable. Ideal para mantener la temperatura de tus bebidas durante horas, con la resistencia y durabilidad que caracteriza al acero inoxidable.<br \/>\nCAPACIDAD: 1\/2 litro de capacidad. Perfecto para disfrutar de tu bebida favorita, ya sea fr\u00eda o caliente, en cualquier momento del d\u00eda.<br \/>\nACCESORIOS: Funda negra para llevar. Incluye una funda pr\u00e1ctica y elegante, ideal para transportar y proteger la botella con estilo.<br \/>\nIMPRESI\u00d3N: Full color UV DTF. Impresi\u00f3n digital de alta calidad que resalta con colores vibrantes y ofrece un acabado duradero.<br \/>\nACABADO: Caja individual en cart\u00f3n blanco. Cada unidad viene presentada de forma segura en una caja de cart\u00f3n blanco, ideal para protecci\u00f3n durante el env\u00edo o distribuci\u00f3n.<\/p>\n","protected":false},"featured_media":3782,"comment_status":"closed","ping_status":"open","template":"","meta":[],"product_brand":[],"product_cat":[70],"product_tag":[],"class_list":{"0":"post-3594","1":"product","2":"type-product","3":"status-publish","4":"has-post-thumbnail","6":"product_cat-catalogo-2025","8":"first","9":"instock","10":"purchasable","11":"product-type-simple"},"_links":{"self":[{"href":"https:\/\/vasospublicitariosperu.com\/tienda\/wp-json\/wp\/v2\/product\/3594","targetHints":{"allow":["GET"]}}],"collection":[{"href":"https:\/\/vasospublicitariosperu.com\/tienda\/wp-json\/wp\/v2\/product"}],"about":[{"href":"https:\/\/vasospublicitariosperu.com\/tienda\/wp-json\/wp\/v2\/types\/product"}],"replies":[{"embeddable":true,"href":"https:\/\/vasospublicitariosperu.com\/tienda\/wp-json\/wp\/v2\/comments?post=3594"}],"wp:featuredmedia":[{"embeddable":true,"href":"https:\/\/vasospublicitariosperu.com\/tienda\/wp-json\/wp\/v2\/media\/3782"}],"wp:attachment":[{"href":"https:\/\/vasospublicitariosperu.com\/tienda\/wp-json\/wp\/v2\/media?parent=3594"}],"wp:term":[{"taxonomy":"product_brand","embeddable":true,"href":"https:\/\/vasospublicitariosperu.com\/tienda\/wp-json\/wp\/v2\/product_brand?post=3594"},{"taxonomy":"product_cat","embeddable":true,"href":"https:\/\/vasospublicitariosperu.com\/tienda\/wp-json\/wp\/v2\/product_cat?post=3594"},{"taxonomy":"product_tag","embeddable":true,"href":"https:\/\/vasospublicitariosperu.com\/tienda\/wp-json\/wp\/v2\/product_tag?post=3594"}],"curies":[{"name":"wp","href":"https:\/\/api.w.org\/{rel}","templated":true}]}}