{"id":3595,"date":"2025-05-02T12:07:10","date_gmt":"2025-05-02T17:07:10","guid":{"rendered":"https:\/\/vasospublicitariosperu.com\/tienda\/product\/tomatodo-de-aluminio-colores\/"},"modified":"2026-04-10T15:28:28","modified_gmt":"2026-04-10T20:28:28","slug":"tomatodo-de-aluminio-colores","status":"publish","type":"product","link":"https:\/\/vasospublicitariosperu.com\/tienda\/tomatodo-de-aluminio-colores\/","title":{"rendered":"TOMATODO DE ALUMINIO COLORES"},"content":{"rendered":"<p>MATERIAL: Aluminio. Material ligero y resistente, ideal para mantener tus bebidas a la temperatura perfecta durante m\u00e1s tiempo.<br \/>\nCAPACIDAD: 560 ml. Capacidad ideal para disfrutar de tus bebidas favoritas mientras est\u00e1s en movimiento.<br \/>\nACCESORIOS: Sujetador clip de metal del color del tomatodo. Un pr\u00e1ctico clip de metal a juego con el color del tomatodo, para facilitar su transporte y evitar derrames.<br \/>\nIMPRESI\u00d3N: Full color UV DTF. Impresi\u00f3n digital de alta calidad que garantiza colores vibrantes y detalles n\u00edtidos para una personalizaci\u00f3n duradera.<br \/>\nACABADO: Caja individual en cart\u00f3n blanco. Cada unidad viene cuidadosamente empacada en una caja de cart\u00f3n blanco, ideal para su presentaci\u00f3n y protecci\u00f3n.<\/p>\n<hr \/>\n<p>MATERIAL: ALUMINIO<br \/>\n CAPACIDAD: 560 ml.<br \/>\n ACCESORIOS: SUJETADOR cCLIP DE METAL DEL COLOR DEL TOMATODO.<br \/>\n IMPRESI\u00d3N: FULL COLOR UV DTF<br \/>\n ACABADO: CAJA INDIVIDUAL CARTON BLANCO<\/p>\n<hr \/>\n","protected":false},"excerpt":{"rendered":"<p>MATERIAL: Aluminio. Material ligero y resistente, ideal para mantener tus bebidas a la temperatura perfecta durante m\u00e1s tiempo.<br \/>\nCAPACIDAD: 560 ml. Capacidad ideal para disfrutar de tus bebidas favoritas mientras est\u00e1s en movimiento.<br \/>\nACCESORIOS: Sujetador clip de metal del color del tomatodo. Un pr\u00e1ctico clip de metal a juego con el color del tomatodo, para facilitar su transporte y evitar derrames.<br \/>\nIMPRESI\u00d3N: Full color UV DTF. Impresi\u00f3n digital de alta calidad que garantiza colores vibrantes y detalles n\u00edtidos para una personalizaci\u00f3n duradera.<br \/>\nACABADO: Caja individual en cart\u00f3n blanco. Cada unidad viene cuidadosamente empacada en una caja de cart\u00f3n blanco, ideal para su presentaci\u00f3n y protecci\u00f3n.<\/p>\n","protected":false},"featured_media":3785,"comment_status":"closed","ping_status":"open","template":"","meta":[],"product_brand":[],"product_cat":[70],"product_tag":[],"class_list":{"0":"post-3595","1":"product","2":"type-product","3":"status-publish","4":"has-post-thumbnail","6":"product_cat-catalogo-2025","8":"first","9":"instock","10":"purchasable","11":"product-type-simple"},"_links":{"self":[{"href":"https:\/\/vasospublicitariosperu.com\/tienda\/wp-json\/wp\/v2\/product\/3595","targetHints":{"allow":["GET"]}}],"collection":[{"href":"https:\/\/vasospublicitariosperu.com\/tienda\/wp-json\/wp\/v2\/product"}],"about":[{"href":"https:\/\/vasospublicitariosperu.com\/tienda\/wp-json\/wp\/v2\/types\/product"}],"replies":[{"embeddable":true,"href":"https:\/\/vasospublicitariosperu.com\/tienda\/wp-json\/wp\/v2\/comments?post=3595"}],"wp:featuredmedia":[{"embeddable":true,"href":"https:\/\/vasospublicitariosperu.com\/tienda\/wp-json\/wp\/v2\/media\/3785"}],"wp:attachment":[{"href":"https:\/\/vasospublicitariosperu.com\/tienda\/wp-json\/wp\/v2\/media?parent=3595"}],"wp:term":[{"taxonomy":"product_brand","embeddable":true,"href":"https:\/\/vasospublicitariosperu.com\/tienda\/wp-json\/wp\/v2\/product_brand?post=3595"},{"taxonomy":"product_cat","embeddable":true,"href":"https:\/\/vasospublicitariosperu.com\/tienda\/wp-json\/wp\/v2\/product_cat?post=3595"},{"taxonomy":"product_tag","embeddable":true,"href":"https:\/\/vasospublicitariosperu.com\/tienda\/wp-json\/wp\/v2\/product_tag?post=3595"}],"curies":[{"name":"wp","href":"https:\/\/api.w.org\/{rel}","templated":true}]}}