{"id":3597,"date":"2025-05-02T12:09:03","date_gmt":"2025-05-02T17:09:03","guid":{"rendered":"https:\/\/vasospublicitariosperu.com\/tienda\/product\/mug-plastico-con-sorbete\/"},"modified":"2026-04-10T15:28:27","modified_gmt":"2026-04-10T20:28:27","slug":"mug-plastico-con-sorbete","status":"publish","type":"product","link":"https:\/\/vasospublicitariosperu.com\/tienda\/mug-plastico-con-sorbete\/","title":{"rendered":"MUG PLASTICO CON SORBETE"},"content":{"rendered":"<p>MATERIAL: Pl\u00e1stico. Resistente y ligero, ideal para bebidas fr\u00edas o calientes en eventos, promociones o uso diario.<br \/>\nCAPACIDAD: 12 Onz aprox. Tama\u00f1o pr\u00e1ctico para disfrutar de tus bebidas favoritas en cualquier momento del d\u00eda.<br \/>\nACCESORIOS: Tapa del mismo color del vaso. Proporciona un ajuste perfecto para evitar derrames y mantener tu bebida segura.<br \/>\nIMPRESI\u00d3N: Serigraf\u00eda solo un color. Personalizaci\u00f3n con un solo color para un dise\u00f1o limpio y profesional, resaltando tu marca o mensaje.<br \/>\nACABADO: N\/A. Dise\u00f1o sencillo y funcional, perfecto para eventos promocionales o de alto volumen.<\/p>\n<hr \/>\n<p>MATERIAL: PLASTICO<br \/>\n CAPACIDAD: 12Onz aprox<br \/>\n ACCESORIOS: TAPA MISMO COLOR DE VASO<br \/>\n IMPRESI\u00d3N: SERIGRAFIA SOLO UN COLOR<br \/>\n ACABADO: N\/A<\/p>\n<hr \/>\n","protected":false},"excerpt":{"rendered":"<p>MATERIAL: Pl\u00e1stico. Resistente y ligero, ideal para bebidas fr\u00edas o calientes en eventos, promociones o uso diario.<br \/>\nCAPACIDAD: 12 Onz aprox. Tama\u00f1o pr\u00e1ctico para disfrutar de tus bebidas favoritas en cualquier momento del d\u00eda.<br \/>\nACCESORIOS: Tapa del mismo color del vaso. Proporciona un ajuste perfecto para evitar derrames y mantener tu bebida segura.<br \/>\nIMPRESI\u00d3N: Serigraf\u00eda solo un color. Personalizaci\u00f3n con un solo color para un dise\u00f1o limpio y profesional, resaltando tu marca o mensaje.<br \/>\nACABADO: N\/A. Dise\u00f1o sencillo y funcional, perfecto para eventos promocionales o de alto volumen.<\/p>\n","protected":false},"featured_media":3791,"comment_status":"closed","ping_status":"open","template":"","meta":[],"product_brand":[],"product_cat":[70],"product_tag":[],"class_list":{"0":"post-3597","1":"product","2":"type-product","3":"status-publish","4":"has-post-thumbnail","6":"product_cat-catalogo-2025","8":"first","9":"instock","10":"purchasable","11":"product-type-simple"},"_links":{"self":[{"href":"https:\/\/vasospublicitariosperu.com\/tienda\/wp-json\/wp\/v2\/product\/3597","targetHints":{"allow":["GET"]}}],"collection":[{"href":"https:\/\/vasospublicitariosperu.com\/tienda\/wp-json\/wp\/v2\/product"}],"about":[{"href":"https:\/\/vasospublicitariosperu.com\/tienda\/wp-json\/wp\/v2\/types\/product"}],"replies":[{"embeddable":true,"href":"https:\/\/vasospublicitariosperu.com\/tienda\/wp-json\/wp\/v2\/comments?post=3597"}],"wp:featuredmedia":[{"embeddable":true,"href":"https:\/\/vasospublicitariosperu.com\/tienda\/wp-json\/wp\/v2\/media\/3791"}],"wp:attachment":[{"href":"https:\/\/vasospublicitariosperu.com\/tienda\/wp-json\/wp\/v2\/media?parent=3597"}],"wp:term":[{"taxonomy":"product_brand","embeddable":true,"href":"https:\/\/vasospublicitariosperu.com\/tienda\/wp-json\/wp\/v2\/product_brand?post=3597"},{"taxonomy":"product_cat","embeddable":true,"href":"https:\/\/vasospublicitariosperu.com\/tienda\/wp-json\/wp\/v2\/product_cat?post=3597"},{"taxonomy":"product_tag","embeddable":true,"href":"https:\/\/vasospublicitariosperu.com\/tienda\/wp-json\/wp\/v2\/product_tag?post=3597"}],"curies":[{"name":"wp","href":"https:\/\/api.w.org\/{rel}","templated":true}]}}