{"id":3599,"date":"2025-05-02T12:09:03","date_gmt":"2025-05-02T17:09:03","guid":{"rendered":"https:\/\/vasospublicitariosperu.com\/tienda\/product\/shaker-coctelero-personalizado\/"},"modified":"2026-04-10T15:28:27","modified_gmt":"2026-04-10T20:28:27","slug":"shaker-coctelero-personalizado","status":"publish","type":"product","link":"https:\/\/vasospublicitariosperu.com\/tienda\/shaker-coctelero-personalizado\/","title":{"rendered":"SHAKER COCTELERO PERSONALIZADO"},"content":{"rendered":"<p>MATERIAL: Pl\u00e1stico acr\u00edlico. Material resistente y de alta calidad, ideal para productos promocionales y de uso diario, con un acabado claro y brillante.<br \/>\nCAPACIDAD: N\/A. El dise\u00f1o es adaptable a diferentes tama\u00f1os seg\u00fan el uso o la preferencia del cliente.<br \/>\nACCESORIOS: Tapa acr\u00edlica. La tapa garantiza un cierre seguro, protegiendo el contenido y brindando un toque de elegancia.<br \/>\nIMPRESI\u00d3N: Serigraf\u00eda solo un color. Personalizaci\u00f3n precisa para resaltar tu marca o mensaje en un solo color, ideal para marcas que buscan simplicidad y distinci\u00f3n.<br \/>\nACABADO: N\/A. Producto funcional y de alta durabilidad, adecuado para promociones o eventos.<\/p>\n<hr \/>\n<p>MATERIAL: PLASTICO ACRILICO<br \/>\n CAPACIDAD: N\/A<br \/>\n ACCESORIOS: TAPA ACRILICA<br \/>\n IMPRESI\u00d3N: SERIGRAFIA SOLO UN COLOR<br \/>\n ACABADO: N\/A<\/p>\n<hr \/>\n","protected":false},"excerpt":{"rendered":"<p>MATERIAL: Pl\u00e1stico acr\u00edlico. Material resistente y de alta calidad, ideal para productos promocionales y de uso diario, con un acabado claro y brillante.<br \/>\nCAPACIDAD: N\/A. El dise\u00f1o es adaptable a diferentes tama\u00f1os seg\u00fan el uso o la preferencia del cliente.<br \/>\nACCESORIOS: Tapa acr\u00edlica. La tapa garantiza un cierre seguro, protegiendo el contenido y brindando un toque de elegancia.<br \/>\nIMPRESI\u00d3N: Serigraf\u00eda solo un color. Personalizaci\u00f3n precisa para resaltar tu marca o mensaje en un solo color, ideal para marcas que buscan simplicidad y distinci\u00f3n.<br \/>\nACABADO: N\/A. Producto funcional y de alta durabilidad, adecuado para promociones o eventos.<\/p>\n","protected":false},"featured_media":3799,"comment_status":"closed","ping_status":"open","template":"","meta":[],"product_brand":[],"product_cat":[70],"product_tag":[],"class_list":{"0":"post-3599","1":"product","2":"type-product","3":"status-publish","4":"has-post-thumbnail","6":"product_cat-catalogo-2025","8":"first","9":"instock","10":"purchasable","11":"product-type-simple"},"_links":{"self":[{"href":"https:\/\/vasospublicitariosperu.com\/tienda\/wp-json\/wp\/v2\/product\/3599","targetHints":{"allow":["GET"]}}],"collection":[{"href":"https:\/\/vasospublicitariosperu.com\/tienda\/wp-json\/wp\/v2\/product"}],"about":[{"href":"https:\/\/vasospublicitariosperu.com\/tienda\/wp-json\/wp\/v2\/types\/product"}],"replies":[{"embeddable":true,"href":"https:\/\/vasospublicitariosperu.com\/tienda\/wp-json\/wp\/v2\/comments?post=3599"}],"wp:featuredmedia":[{"embeddable":true,"href":"https:\/\/vasospublicitariosperu.com\/tienda\/wp-json\/wp\/v2\/media\/3799"}],"wp:attachment":[{"href":"https:\/\/vasospublicitariosperu.com\/tienda\/wp-json\/wp\/v2\/media?parent=3599"}],"wp:term":[{"taxonomy":"product_brand","embeddable":true,"href":"https:\/\/vasospublicitariosperu.com\/tienda\/wp-json\/wp\/v2\/product_brand?post=3599"},{"taxonomy":"product_cat","embeddable":true,"href":"https:\/\/vasospublicitariosperu.com\/tienda\/wp-json\/wp\/v2\/product_cat?post=3599"},{"taxonomy":"product_tag","embeddable":true,"href":"https:\/\/vasospublicitariosperu.com\/tienda\/wp-json\/wp\/v2\/product_tag?post=3599"}],"curies":[{"name":"wp","href":"https:\/\/api.w.org\/{rel}","templated":true}]}}