{"id":3600,"date":"2025-05-02T12:09:03","date_gmt":"2025-05-02T17:09:03","guid":{"rendered":"https:\/\/vasospublicitariosperu.com\/tienda\/product\/yardas-cerveceras-personalizados\/"},"modified":"2026-04-10T15:28:27","modified_gmt":"2026-04-10T20:28:27","slug":"yardas-cerveceras-personalizados","status":"publish","type":"product","link":"https:\/\/vasospublicitariosperu.com\/tienda\/yardas-cerveceras-personalizados\/","title":{"rendered":"YARDAS CERVECERAS PERSONALIZADOS"},"content":{"rendered":"<p>MATERIAL: Pl\u00e1stico. Resistente y ligero, ideal para uso diario y eventos promocionales.<br \/>\nCAPACIDAD: 500 ml aprox. Tama\u00f1o pr\u00e1ctico y c\u00f3modo para bebidas fr\u00edas o calientes.<br \/>\nACCESORIOS: N\/A. El producto se ofrece sin accesorios adicionales.<br \/>\nIMPRESI\u00d3N: Serigraf\u00eda solo un color, una sola posici\u00f3n. Personalizaci\u00f3n sencilla y eficaz para destacar tu marca con un dise\u00f1o claro y legible.<br \/>\nACABADO: N\/A. Producto funcional y de alta durabilidad, ideal para promociones o merchandising.<\/p>\n<hr \/>\n<p>MATERIAL: PLASTICO<br \/>\n CAPACIDAD: 500ML APROX<br \/>\n ACCESORIOS: N\/A<br \/>\n IMPRESI\u00d3N: SERIGRAFIA SOLO UN COLOR UNA SOLA POSICION<br \/>\n ACABADO: N\/A<\/p>\n<hr \/>\n","protected":false},"excerpt":{"rendered":"<p>MATERIAL: Pl\u00e1stico. Resistente y ligero, ideal para uso diario y eventos promocionales.<br \/>\nCAPACIDAD: 500 ml aprox. Tama\u00f1o pr\u00e1ctico y c\u00f3modo para bebidas fr\u00edas o calientes.<br \/>\nACCESORIOS: N\/A. El producto se ofrece sin accesorios adicionales.<br \/>\nIMPRESI\u00d3N: Serigraf\u00eda solo un color, una sola posici\u00f3n. Personalizaci\u00f3n sencilla y eficaz para destacar tu marca con un dise\u00f1o claro y legible.<br \/>\nACABADO: N\/A. Producto funcional y de alta durabilidad, ideal para promociones o merchandising.<\/p>\n","protected":false},"featured_media":3802,"comment_status":"closed","ping_status":"open","template":"","meta":[],"product_brand":[],"product_cat":[70],"product_tag":[],"class_list":{"0":"post-3600","1":"product","2":"type-product","3":"status-publish","4":"has-post-thumbnail","6":"product_cat-catalogo-2025","8":"first","9":"instock","10":"purchasable","11":"product-type-simple"},"_links":{"self":[{"href":"https:\/\/vasospublicitariosperu.com\/tienda\/wp-json\/wp\/v2\/product\/3600","targetHints":{"allow":["GET"]}}],"collection":[{"href":"https:\/\/vasospublicitariosperu.com\/tienda\/wp-json\/wp\/v2\/product"}],"about":[{"href":"https:\/\/vasospublicitariosperu.com\/tienda\/wp-json\/wp\/v2\/types\/product"}],"replies":[{"embeddable":true,"href":"https:\/\/vasospublicitariosperu.com\/tienda\/wp-json\/wp\/v2\/comments?post=3600"}],"wp:featuredmedia":[{"embeddable":true,"href":"https:\/\/vasospublicitariosperu.com\/tienda\/wp-json\/wp\/v2\/media\/3802"}],"wp:attachment":[{"href":"https:\/\/vasospublicitariosperu.com\/tienda\/wp-json\/wp\/v2\/media?parent=3600"}],"wp:term":[{"taxonomy":"product_brand","embeddable":true,"href":"https:\/\/vasospublicitariosperu.com\/tienda\/wp-json\/wp\/v2\/product_brand?post=3600"},{"taxonomy":"product_cat","embeddable":true,"href":"https:\/\/vasospublicitariosperu.com\/tienda\/wp-json\/wp\/v2\/product_cat?post=3600"},{"taxonomy":"product_tag","embeddable":true,"href":"https:\/\/vasospublicitariosperu.com\/tienda\/wp-json\/wp\/v2\/product_tag?post=3600"}],"curies":[{"name":"wp","href":"https:\/\/api.w.org\/{rel}","templated":true}]}}