{"id":3602,"date":"2025-05-02T12:09:03","date_gmt":"2025-05-02T17:09:03","guid":{"rendered":"https:\/\/vasospublicitariosperu.com\/tienda\/product\/tomatodo-publicitario-tipo-bidon-2l\/"},"modified":"2026-04-10T15:28:27","modified_gmt":"2026-04-10T20:28:27","slug":"tomatodo-publicitario-tipo-bidon-2l","status":"publish","type":"product","link":"https:\/\/vasospublicitariosperu.com\/tienda\/tomatodo-publicitario-tipo-bidon-2l\/","title":{"rendered":"TOMATODO PUBLICITARIO TIPO BIDON 2L"},"content":{"rendered":"<p>MATERIAL: Pl\u00e1stico. Resistente y liviano, ideal para contener grandes cantidades de bebidas.<br \/>\nCAPACIDAD: 2 litros. Perfecto para eventos, promociones o uso en grupo.<br \/>\nACCESORIOS: N\/A. No incluye accesorios adicionales.<br \/>\nIMPRESI\u00d3N: Serigraf\u00eda solo un color. Personalizaci\u00f3n clara y directa, ideal para logos o mensajes promocionales.<br \/>\nACABADO: N\/A. Dise\u00f1o sencillo y funcional para su uso pr\u00e1ctico.<\/p>\n<hr \/>\n<p>MATERIAL: PLASTICO<br \/>\n CAPACIDAD: 2 LT<br \/>\n ACCESORIOS: N\/A<br \/>\n IMPRESI\u00d3N: SERIGRAFIA SOLO UN COLOR<br \/>\n ACABADO: N\/A<\/p>\n<hr \/>\n","protected":false},"excerpt":{"rendered":"<p>MATERIAL: Pl\u00e1stico. Resistente y liviano, ideal para contener grandes cantidades de bebidas.<br \/>\nCAPACIDAD: 2 litros. Perfecto para eventos, promociones o uso en grupo.<br \/>\nACCESORIOS: N\/A. No incluye accesorios adicionales.<br \/>\nIMPRESI\u00d3N: Serigraf\u00eda solo un color. Personalizaci\u00f3n clara y directa, ideal para logos o mensajes promocionales.<br \/>\nACABADO: N\/A. Dise\u00f1o sencillo y funcional para su uso pr\u00e1ctico.<\/p>\n","protected":false},"featured_media":3809,"comment_status":"closed","ping_status":"open","template":"","meta":[],"product_brand":[],"product_cat":[70],"product_tag":[],"class_list":{"0":"post-3602","1":"product","2":"type-product","3":"status-publish","4":"has-post-thumbnail","6":"product_cat-catalogo-2025","8":"first","9":"instock","10":"purchasable","11":"product-type-simple"},"_links":{"self":[{"href":"https:\/\/vasospublicitariosperu.com\/tienda\/wp-json\/wp\/v2\/product\/3602","targetHints":{"allow":["GET"]}}],"collection":[{"href":"https:\/\/vasospublicitariosperu.com\/tienda\/wp-json\/wp\/v2\/product"}],"about":[{"href":"https:\/\/vasospublicitariosperu.com\/tienda\/wp-json\/wp\/v2\/types\/product"}],"replies":[{"embeddable":true,"href":"https:\/\/vasospublicitariosperu.com\/tienda\/wp-json\/wp\/v2\/comments?post=3602"}],"wp:featuredmedia":[{"embeddable":true,"href":"https:\/\/vasospublicitariosperu.com\/tienda\/wp-json\/wp\/v2\/media\/3809"}],"wp:attachment":[{"href":"https:\/\/vasospublicitariosperu.com\/tienda\/wp-json\/wp\/v2\/media?parent=3602"}],"wp:term":[{"taxonomy":"product_brand","embeddable":true,"href":"https:\/\/vasospublicitariosperu.com\/tienda\/wp-json\/wp\/v2\/product_brand?post=3602"},{"taxonomy":"product_cat","embeddable":true,"href":"https:\/\/vasospublicitariosperu.com\/tienda\/wp-json\/wp\/v2\/product_cat?post=3602"},{"taxonomy":"product_tag","embeddable":true,"href":"https:\/\/vasospublicitariosperu.com\/tienda\/wp-json\/wp\/v2\/product_tag?post=3602"}],"curies":[{"name":"wp","href":"https:\/\/api.w.org\/{rel}","templated":true}]}}