{"id":3603,"date":"2025-05-02T12:09:03","date_gmt":"2025-05-02T17:09:03","guid":{"rendered":"https:\/\/vasospublicitariosperu.com\/tienda\/product\/tomatodo-publicitario-plastico-yiwu\/"},"modified":"2026-04-10T15:28:27","modified_gmt":"2026-04-10T20:28:27","slug":"tomatodo-publicitario-plastico-yiwu","status":"publish","type":"product","link":"https:\/\/vasospublicitariosperu.com\/tienda\/tomatodo-publicitario-plastico-yiwu\/","title":{"rendered":"TOMATODO PUBLICITARIO PLASTICO YIWU"},"content":{"rendered":"<p>MATERIAL: Pl\u00e1stico. Ligero y duradero, perfecto para el uso diario.<br \/>\nCAPACIDAD: 850 ml aproximadamente. Ideal para bebidas refrescantes o cualquier otra bebida en eventos.<br \/>\nACCESORIOS: N\/A. No incluye accesorios adicionales.<br \/>\nIMPRESI\u00d3N: Serigraf\u00eda solo un color. Personalizaci\u00f3n precisa y econ\u00f3mica para resaltar tu marca o mensaje.<br \/>\nACABADO: Paquete de 25 unidades. Ideal para compras en grandes cantidades, perfectos para promociones o eventos.<\/p>\n<hr \/>\n<p>MATERIAL: PLASTICO<br \/>\n CAPACIDAD: 850ML APROX.<br \/>\n ACCESORIOS: N\/A<br \/>\n IMPRESI\u00d3N: SERIGRAFIA SOLO UN COLOR<br \/>\n ACABADO: PAQUETE DE 25 UNDS<\/p>\n<hr \/>\n","protected":false},"excerpt":{"rendered":"<p>MATERIAL: Pl\u00e1stico. Ligero y duradero, perfecto para el uso diario.<br \/>\nCAPACIDAD: 850 ml aproximadamente. Ideal para bebidas refrescantes o cualquier otra bebida en eventos.<br \/>\nACCESORIOS: N\/A. No incluye accesorios adicionales.<br \/>\nIMPRESI\u00d3N: Serigraf\u00eda solo un color. Personalizaci\u00f3n precisa y econ\u00f3mica para resaltar tu marca o mensaje.<br \/>\nACABADO: Paquete de 25 unidades. Ideal para compras en grandes cantidades, perfectos para promociones o eventos.<\/p>\n","protected":false},"featured_media":3814,"comment_status":"closed","ping_status":"open","template":"","meta":[],"product_brand":[],"product_cat":[70],"product_tag":[],"class_list":{"0":"post-3603","1":"product","2":"type-product","3":"status-publish","4":"has-post-thumbnail","6":"product_cat-catalogo-2025","8":"first","9":"instock","10":"purchasable","11":"product-type-simple"},"_links":{"self":[{"href":"https:\/\/vasospublicitariosperu.com\/tienda\/wp-json\/wp\/v2\/product\/3603","targetHints":{"allow":["GET"]}}],"collection":[{"href":"https:\/\/vasospublicitariosperu.com\/tienda\/wp-json\/wp\/v2\/product"}],"about":[{"href":"https:\/\/vasospublicitariosperu.com\/tienda\/wp-json\/wp\/v2\/types\/product"}],"replies":[{"embeddable":true,"href":"https:\/\/vasospublicitariosperu.com\/tienda\/wp-json\/wp\/v2\/comments?post=3603"}],"wp:featuredmedia":[{"embeddable":true,"href":"https:\/\/vasospublicitariosperu.com\/tienda\/wp-json\/wp\/v2\/media\/3814"}],"wp:attachment":[{"href":"https:\/\/vasospublicitariosperu.com\/tienda\/wp-json\/wp\/v2\/media?parent=3603"}],"wp:term":[{"taxonomy":"product_brand","embeddable":true,"href":"https:\/\/vasospublicitariosperu.com\/tienda\/wp-json\/wp\/v2\/product_brand?post=3603"},{"taxonomy":"product_cat","embeddable":true,"href":"https:\/\/vasospublicitariosperu.com\/tienda\/wp-json\/wp\/v2\/product_cat?post=3603"},{"taxonomy":"product_tag","embeddable":true,"href":"https:\/\/vasospublicitariosperu.com\/tienda\/wp-json\/wp\/v2\/product_tag?post=3603"}],"curies":[{"name":"wp","href":"https:\/\/api.w.org\/{rel}","templated":true}]}}