{"id":3605,"date":"2025-05-02T12:09:03","date_gmt":"2025-05-02T17:09:03","guid":{"rendered":"https:\/\/vasospublicitariosperu.com\/tienda\/product\/tomatodo-publicitario-tipo-pelota\/"},"modified":"2026-04-10T15:28:27","modified_gmt":"2026-04-10T20:28:27","slug":"tomatodo-publicitario-tipo-pelota","status":"publish","type":"product","link":"https:\/\/vasospublicitariosperu.com\/tienda\/tomatodo-publicitario-tipo-pelota\/","title":{"rendered":"TOMATODO PUBLICITARIO TIPO PELOTA"},"content":{"rendered":"<p>MATERIAL: Pl\u00e1stico. Duradero y ligero, perfecto para el uso diario y eventos de gran escala.<br \/>\nCAPACIDAD: 1000 ml aproximadamente. Ideal para aquellos que necesitan una mayor capacidad en sus bebidas.<br \/>\nACCESORIOS: N\/A. Sin accesorios adicionales.<br \/>\nIMPRESI\u00d3N: Serigraf\u00eda solo un color. Permite una personalizaci\u00f3n sencilla y clara con un solo color.<br \/>\nACABADO: Paquete de 25 unidades. Presentaci\u00f3n perfecta para compras al por mayor y uso en eventos corporativos o promocionales.<\/p>\n<hr \/>\n<p>MATERIAL: PLASTICO<br \/>\n CAPACIDAD: 1000ML APROX<br \/>\n ACCESORIOS: N\/A<br \/>\n IMPRESI\u00d3N: SERIGRAFIA SOLO UN COLOR<br \/>\n ACABADO: PAQUETE DE 25 UNDS<\/p>\n<hr \/>\n","protected":false},"excerpt":{"rendered":"<p>MATERIAL: Pl\u00e1stico. Duradero y ligero, perfecto para el uso diario y eventos de gran escala.<br \/>\nCAPACIDAD: 1000 ml aproximadamente. Ideal para aquellos que necesitan una mayor capacidad en sus bebidas.<br \/>\nACCESORIOS: N\/A. Sin accesorios adicionales.<br \/>\nIMPRESI\u00d3N: Serigraf\u00eda solo un color. Permite una personalizaci\u00f3n sencilla y clara con un solo color.<br \/>\nACABADO: Paquete de 25 unidades. Presentaci\u00f3n perfecta para compras al por mayor y uso en eventos corporativos o promocionales.<\/p>\n","protected":false},"featured_media":3820,"comment_status":"closed","ping_status":"open","template":"","meta":[],"product_brand":[],"product_cat":[70],"product_tag":[],"class_list":{"0":"post-3605","1":"product","2":"type-product","3":"status-publish","4":"has-post-thumbnail","6":"product_cat-catalogo-2025","8":"first","9":"instock","10":"purchasable","11":"product-type-simple"},"_links":{"self":[{"href":"https:\/\/vasospublicitariosperu.com\/tienda\/wp-json\/wp\/v2\/product\/3605","targetHints":{"allow":["GET"]}}],"collection":[{"href":"https:\/\/vasospublicitariosperu.com\/tienda\/wp-json\/wp\/v2\/product"}],"about":[{"href":"https:\/\/vasospublicitariosperu.com\/tienda\/wp-json\/wp\/v2\/types\/product"}],"replies":[{"embeddable":true,"href":"https:\/\/vasospublicitariosperu.com\/tienda\/wp-json\/wp\/v2\/comments?post=3605"}],"wp:featuredmedia":[{"embeddable":true,"href":"https:\/\/vasospublicitariosperu.com\/tienda\/wp-json\/wp\/v2\/media\/3820"}],"wp:attachment":[{"href":"https:\/\/vasospublicitariosperu.com\/tienda\/wp-json\/wp\/v2\/media?parent=3605"}],"wp:term":[{"taxonomy":"product_brand","embeddable":true,"href":"https:\/\/vasospublicitariosperu.com\/tienda\/wp-json\/wp\/v2\/product_brand?post=3605"},{"taxonomy":"product_cat","embeddable":true,"href":"https:\/\/vasospublicitariosperu.com\/tienda\/wp-json\/wp\/v2\/product_cat?post=3605"},{"taxonomy":"product_tag","embeddable":true,"href":"https:\/\/vasospublicitariosperu.com\/tienda\/wp-json\/wp\/v2\/product_tag?post=3605"}],"curies":[{"name":"wp","href":"https:\/\/api.w.org\/{rel}","templated":true}]}}