{"id":3610,"date":"2025-05-02T12:11:48","date_gmt":"2025-05-02T17:11:48","guid":{"rendered":"https:\/\/vasospublicitariosperu.com\/tienda\/product\/tomatodo-publicitario-bolita\/"},"modified":"2026-04-10T15:28:27","modified_gmt":"2026-04-10T20:28:27","slug":"tomatodo-publicitario-bolita","status":"publish","type":"product","link":"https:\/\/vasospublicitariosperu.com\/tienda\/tomatodo-publicitario-bolita\/","title":{"rendered":"TOMATODO PUBLICITARIO BOLITA"},"content":{"rendered":"<p>MATERIAL: Pl\u00e1stico. Duradero y f\u00e1cil de manejar, adecuado para diferentes tipos de bebidas.<br \/>\nCAPACIDAD: 500 ml aproximadamente. Ideal para ofrecer un tama\u00f1o pr\u00e1ctico y funcional.<br \/>\nACCESORIOS: N\/A. Sin accesorios adicionales.<br \/>\nIMPRESI\u00d3N: Serigraf\u00eda solo un color. Personalizaci\u00f3n con un dise\u00f1o claro y llamativo.<br \/>\nACABADO: Paquete de 25 unidades. Presentaci\u00f3n \u00f3ptima para distribuci\u00f3n o ventas al por mayor.<\/p>\n<hr \/>\n<p>MATERIAL: PLASTICO<br \/>\n CAPACIDAD: 500ML APROX<br \/>\n ACCESORIOS: N\/A<br \/>\n IMPRESI\u00d3N: SERIGRAFIA SOLO UN COLOR<br \/>\n ACABADO: PAQUETE DE 25 UNDS<\/p>\n<hr \/>\n","protected":false},"excerpt":{"rendered":"<p>MATERIAL: Pl\u00e1stico. Duradero y f\u00e1cil de manejar, adecuado para diferentes tipos de bebidas.<br \/>\nCAPACIDAD: 500 ml aproximadamente. Ideal para ofrecer un tama\u00f1o pr\u00e1ctico y funcional.<br \/>\nACCESORIOS: N\/A. Sin accesorios adicionales.<br \/>\nIMPRESI\u00d3N: Serigraf\u00eda solo un color. Personalizaci\u00f3n con un dise\u00f1o claro y llamativo.<br \/>\nACABADO: Paquete de 25 unidades. Presentaci\u00f3n \u00f3ptima para distribuci\u00f3n o ventas al por mayor.<\/p>\n","protected":false},"featured_media":3835,"comment_status":"closed","ping_status":"open","template":"","meta":[],"product_brand":[],"product_cat":[70],"product_tag":[],"class_list":{"0":"post-3610","1":"product","2":"type-product","3":"status-publish","4":"has-post-thumbnail","6":"product_cat-catalogo-2025","8":"first","9":"instock","10":"purchasable","11":"product-type-simple"},"_links":{"self":[{"href":"https:\/\/vasospublicitariosperu.com\/tienda\/wp-json\/wp\/v2\/product\/3610","targetHints":{"allow":["GET"]}}],"collection":[{"href":"https:\/\/vasospublicitariosperu.com\/tienda\/wp-json\/wp\/v2\/product"}],"about":[{"href":"https:\/\/vasospublicitariosperu.com\/tienda\/wp-json\/wp\/v2\/types\/product"}],"replies":[{"embeddable":true,"href":"https:\/\/vasospublicitariosperu.com\/tienda\/wp-json\/wp\/v2\/comments?post=3610"}],"wp:featuredmedia":[{"embeddable":true,"href":"https:\/\/vasospublicitariosperu.com\/tienda\/wp-json\/wp\/v2\/media\/3835"}],"wp:attachment":[{"href":"https:\/\/vasospublicitariosperu.com\/tienda\/wp-json\/wp\/v2\/media?parent=3610"}],"wp:term":[{"taxonomy":"product_brand","embeddable":true,"href":"https:\/\/vasospublicitariosperu.com\/tienda\/wp-json\/wp\/v2\/product_brand?post=3610"},{"taxonomy":"product_cat","embeddable":true,"href":"https:\/\/vasospublicitariosperu.com\/tienda\/wp-json\/wp\/v2\/product_cat?post=3610"},{"taxonomy":"product_tag","embeddable":true,"href":"https:\/\/vasospublicitariosperu.com\/tienda\/wp-json\/wp\/v2\/product_tag?post=3610"}],"curies":[{"name":"wp","href":"https:\/\/api.w.org\/{rel}","templated":true}]}}