{"id":3612,"date":"2025-05-02T12:11:48","date_gmt":"2025-05-02T17:11:48","guid":{"rendered":"https:\/\/vasospublicitariosperu.com\/tienda\/product\/tomatodo-publicitario-silueta\/"},"modified":"2026-04-10T15:28:27","modified_gmt":"2026-04-10T20:28:27","slug":"tomatodo-publicitario-silueta","status":"publish","type":"product","link":"https:\/\/vasospublicitariosperu.com\/tienda\/tomatodo-publicitario-silueta\/","title":{"rendered":"TOMATODO PUBLICITARIO SILUETA"},"content":{"rendered":"<p>MATERIAL: Pl\u00e1stico de alta calidad, duradero y resistente, ideal para el uso diario y para cualquier tipo de bebida, garantizando la conservaci\u00f3n y seguridad del contenido.<br \/>\nCAPACIDAD: 500 ml aproximadamente, el tama\u00f1o ideal para refrescos, jugos, agua, y otras bebidas de consumo diario.<br \/>\nACCESORIOS: N\/A. Su dise\u00f1o simple y funcional hace que sea adecuado para m\u00faltiples usos, sin elementos adicionales que interfieran con su prop\u00f3sito principal.<br \/>\nIMPRESI\u00d3N: Serigraf\u00eda de un solo color, perfecta para personalizar el producto con tu logo o dise\u00f1o. La impresi\u00f3n es duradera y resistente al desgaste, asegurando una buena visibilidad de tu marca.<br \/>\nACABADO: Presentaci\u00f3n en paquete de 25 unidades. Es ideal para compras en volumen, promociones o eventos corporativos, garantizando un f\u00e1cil manejo y almacenamiento.<\/p>\n<hr \/>\n<p>MATERIAL: PLASTICO<br \/>\n CAPACIDAD: 500ML APROX.<br \/>\n ACCESORIOS: N\/A<br \/>\n IMPRESI\u00d3N: SERIGRAFIA SOLO UN COLOR<br \/>\n ACABADO: PAQUETE DE 25 UNDS<\/p>\n<hr \/>\n","protected":false},"excerpt":{"rendered":"<p>MATERIAL: Pl\u00e1stico de alta calidad, duradero y resistente, ideal para el uso diario y para cualquier tipo de bebida, garantizando la conservaci\u00f3n y seguridad del contenido.<br \/>\nCAPACIDAD: 500 ml aproximadamente, el tama\u00f1o ideal para refrescos, jugos, agua, y otras bebidas de consumo diario.<br \/>\nACCESORIOS: N\/A. Su dise\u00f1o simple y funcional hace que sea adecuado para m\u00faltiples usos, sin elementos adicionales que interfieran con su prop\u00f3sito principal.<br \/>\nIMPRESI\u00d3N: Serigraf\u00eda de un solo color, perfecta para personalizar el producto con tu logo o dise\u00f1o. La impresi\u00f3n es duradera y resistente al desgaste, asegurando una buena visibilidad de tu marca.<br \/>\nACABADO: Presentaci\u00f3n en paquete de 25 unidades. Es ideal para compras en volumen, promociones o eventos corporativos, garantizando un f\u00e1cil manejo y almacenamiento.<\/p>\n","protected":false},"featured_media":3843,"comment_status":"closed","ping_status":"open","template":"","meta":[],"product_brand":[],"product_cat":[70],"product_tag":[],"class_list":{"0":"post-3612","1":"product","2":"type-product","3":"status-publish","4":"has-post-thumbnail","6":"product_cat-catalogo-2025","8":"first","9":"instock","10":"purchasable","11":"product-type-simple"},"_links":{"self":[{"href":"https:\/\/vasospublicitariosperu.com\/tienda\/wp-json\/wp\/v2\/product\/3612","targetHints":{"allow":["GET"]}}],"collection":[{"href":"https:\/\/vasospublicitariosperu.com\/tienda\/wp-json\/wp\/v2\/product"}],"about":[{"href":"https:\/\/vasospublicitariosperu.com\/tienda\/wp-json\/wp\/v2\/types\/product"}],"replies":[{"embeddable":true,"href":"https:\/\/vasospublicitariosperu.com\/tienda\/wp-json\/wp\/v2\/comments?post=3612"}],"wp:featuredmedia":[{"embeddable":true,"href":"https:\/\/vasospublicitariosperu.com\/tienda\/wp-json\/wp\/v2\/media\/3843"}],"wp:attachment":[{"href":"https:\/\/vasospublicitariosperu.com\/tienda\/wp-json\/wp\/v2\/media?parent=3612"}],"wp:term":[{"taxonomy":"product_brand","embeddable":true,"href":"https:\/\/vasospublicitariosperu.com\/tienda\/wp-json\/wp\/v2\/product_brand?post=3612"},{"taxonomy":"product_cat","embeddable":true,"href":"https:\/\/vasospublicitariosperu.com\/tienda\/wp-json\/wp\/v2\/product_cat?post=3612"},{"taxonomy":"product_tag","embeddable":true,"href":"https:\/\/vasospublicitariosperu.com\/tienda\/wp-json\/wp\/v2\/product_tag?post=3612"}],"curies":[{"name":"wp","href":"https:\/\/api.w.org\/{rel}","templated":true}]}}