{"id":3613,"date":"2025-05-02T12:11:48","date_gmt":"2025-05-02T17:11:48","guid":{"rendered":"https:\/\/vasospublicitariosperu.com\/tienda\/product\/tumbler-skinny-con-sorbete-canita\/"},"modified":"2026-04-10T15:28:27","modified_gmt":"2026-04-10T20:28:27","slug":"tumbler-skinny-con-sorbete-canita","status":"publish","type":"product","link":"https:\/\/vasospublicitariosperu.com\/tienda\/tumbler-skinny-con-sorbete-canita\/","title":{"rendered":"TUMBLER SKINNY CON SORBETE CA\u00d1ITA"},"content":{"rendered":"<p>MATERIAL: Aluminio de doble capa, proporcionando una excelente durabilidad y resistencia. Ideal para mantener la temperatura de tus bebidas, ya sea fr\u00edas o calientes, durante m\u00e1s tiempo.<br \/>\nCAPACIDAD: 600 ml aproximadamente, la medida perfecta para disfrutar de tu bebida favorita en cualquier momento del d\u00eda.<br \/>\nACCESORIOS: N\/A. Su dise\u00f1o pr\u00e1ctico y minimalista lo hace perfecto para un uso cotidiano sin necesidad de accesorios adicionales.<br \/>\nIMPRESI\u00d3N: Serigraf\u00eda de un solo color, ideal para personalizar con el logo o mensaje de tu marca. La impresi\u00f3n es clara y resistente, manteniendo la visibilidad por largo tiempo.<br \/>\nACABADO: Presentaci\u00f3n en paquete de 25 unidades, ideal para promociones, eventos corporativos o compras al por mayor.<\/p>\n<hr \/>\n<p>MATERIAL: ALUMINIO DOBLE CAPA<br \/>\n CAPACIDAD: 600ML APROX.<br \/>\n ACCESORIOS: N\/A<br \/>\n IMPRESI\u00d3N: SERIGRAFIA SOLO UN COLOR<br \/>\n ACABADO: PAQUETE DE 25 UNDS<\/p>\n<hr \/>\n","protected":false},"excerpt":{"rendered":"<p>MATERIAL: Aluminio de doble capa, proporcionando una excelente durabilidad y resistencia. Ideal para mantener la temperatura de tus bebidas, ya sea fr\u00edas o calientes, durante m\u00e1s tiempo.<br \/>\nCAPACIDAD: 600 ml aproximadamente, la medida perfecta para disfrutar de tu bebida favorita en cualquier momento del d\u00eda.<br \/>\nACCESORIOS: N\/A. Su dise\u00f1o pr\u00e1ctico y minimalista lo hace perfecto para un uso cotidiano sin necesidad de accesorios adicionales.<br \/>\nIMPRESI\u00d3N: Serigraf\u00eda de un solo color, ideal para personalizar con el logo o mensaje de tu marca. La impresi\u00f3n es clara y resistente, manteniendo la visibilidad por largo tiempo.<br \/>\nACABADO: Presentaci\u00f3n en paquete de 25 unidades, ideal para promociones, eventos corporativos o compras al por mayor.<\/p>\n","protected":false},"featured_media":3846,"comment_status":"closed","ping_status":"open","template":"","meta":[],"product_brand":[],"product_cat":[70],"product_tag":[],"class_list":{"0":"post-3613","1":"product","2":"type-product","3":"status-publish","4":"has-post-thumbnail","6":"product_cat-catalogo-2025","8":"first","9":"instock","10":"purchasable","11":"product-type-simple"},"_links":{"self":[{"href":"https:\/\/vasospublicitariosperu.com\/tienda\/wp-json\/wp\/v2\/product\/3613","targetHints":{"allow":["GET"]}}],"collection":[{"href":"https:\/\/vasospublicitariosperu.com\/tienda\/wp-json\/wp\/v2\/product"}],"about":[{"href":"https:\/\/vasospublicitariosperu.com\/tienda\/wp-json\/wp\/v2\/types\/product"}],"replies":[{"embeddable":true,"href":"https:\/\/vasospublicitariosperu.com\/tienda\/wp-json\/wp\/v2\/comments?post=3613"}],"wp:featuredmedia":[{"embeddable":true,"href":"https:\/\/vasospublicitariosperu.com\/tienda\/wp-json\/wp\/v2\/media\/3846"}],"wp:attachment":[{"href":"https:\/\/vasospublicitariosperu.com\/tienda\/wp-json\/wp\/v2\/media?parent=3613"}],"wp:term":[{"taxonomy":"product_brand","embeddable":true,"href":"https:\/\/vasospublicitariosperu.com\/tienda\/wp-json\/wp\/v2\/product_brand?post=3613"},{"taxonomy":"product_cat","embeddable":true,"href":"https:\/\/vasospublicitariosperu.com\/tienda\/wp-json\/wp\/v2\/product_cat?post=3613"},{"taxonomy":"product_tag","embeddable":true,"href":"https:\/\/vasospublicitariosperu.com\/tienda\/wp-json\/wp\/v2\/product_tag?post=3613"}],"curies":[{"name":"wp","href":"https:\/\/api.w.org\/{rel}","templated":true}]}}