{"id":3614,"date":"2025-05-02T12:11:48","date_gmt":"2025-05-02T17:11:48","guid":{"rendered":"https:\/\/vasospublicitariosperu.com\/tienda\/product\/vaso-whiskero-pesado-13-onz-con-logo-publicitario\/"},"modified":"2026-04-10T15:28:27","modified_gmt":"2026-04-10T20:28:27","slug":"vaso-whiskero-pesado-13-onz-con-logo-publicitario","status":"publish","type":"product","link":"https:\/\/vasospublicitariosperu.com\/tienda\/vaso-whiskero-pesado-13-onz-con-logo-publicitario\/","title":{"rendered":"VASO WHISKERO PESADO 13 ONZ CON LOGO PUBLICITARIO"},"content":{"rendered":"<p>MATERIAL: Polipropileno, un material ligero y resistente, ideal para el uso diario. Su durabilidad lo convierte en una opci\u00f3n perfecta para mantener tu bebida en su mejor estado.<br \/>\nCAPACIDAD: 13 oz aproximadamente, el tama\u00f1o ideal para disfrutar de tu caf\u00e9, t\u00e9 o cualquier bebida refrescante.<br \/>\nACCESORIOS: N\/A. Su dise\u00f1o simple y funcional es perfecto para quienes buscan practicidad sin accesorios adicionales.<br \/>\nIMPRESI\u00d3N: Serigraf\u00eda de un solo color, perfecta para personalizar con el logo o mensaje de tu marca. Su impresi\u00f3n es n\u00edtida y resistente, asegurando que se mantenga visible por largo tiempo.<br \/>\nACABADO: N\/A.<\/p>\n<hr \/>\n<p>MATERIAL: POLIPROPILENO<br \/>\n CAPACIDAD: 13ONZ<br \/>\n ACCESORIOS: N\/A<br \/>\n IMPRESI\u00d3N: SERIGRAFIA SOLO UN COLOR<br \/>\n ACABADO: N\/A<\/p>\n<hr \/>\n","protected":false},"excerpt":{"rendered":"<p>MATERIAL: Polipropileno, un material ligero y resistente, ideal para el uso diario. Su durabilidad lo convierte en una opci\u00f3n perfecta para mantener tu bebida en su mejor estado.<br \/>\nCAPACIDAD: 13 oz aproximadamente, el tama\u00f1o ideal para disfrutar de tu caf\u00e9, t\u00e9 o cualquier bebida refrescante.<br \/>\nACCESORIOS: N\/A. Su dise\u00f1o simple y funcional es perfecto para quienes buscan practicidad sin accesorios adicionales.<br \/>\nIMPRESI\u00d3N: Serigraf\u00eda de un solo color, perfecta para personalizar con el logo o mensaje de tu marca. Su impresi\u00f3n es n\u00edtida y resistente, asegurando que se mantenga visible por largo tiempo.<br \/>\nACABADO: N\/A.<\/p>\n","protected":false},"featured_media":3849,"comment_status":"closed","ping_status":"open","template":"","meta":[],"product_brand":[],"product_cat":[70],"product_tag":[],"class_list":{"0":"post-3614","1":"product","2":"type-product","3":"status-publish","4":"has-post-thumbnail","6":"product_cat-catalogo-2025","8":"first","9":"instock","10":"purchasable","11":"product-type-simple"},"_links":{"self":[{"href":"https:\/\/vasospublicitariosperu.com\/tienda\/wp-json\/wp\/v2\/product\/3614","targetHints":{"allow":["GET"]}}],"collection":[{"href":"https:\/\/vasospublicitariosperu.com\/tienda\/wp-json\/wp\/v2\/product"}],"about":[{"href":"https:\/\/vasospublicitariosperu.com\/tienda\/wp-json\/wp\/v2\/types\/product"}],"replies":[{"embeddable":true,"href":"https:\/\/vasospublicitariosperu.com\/tienda\/wp-json\/wp\/v2\/comments?post=3614"}],"wp:featuredmedia":[{"embeddable":true,"href":"https:\/\/vasospublicitariosperu.com\/tienda\/wp-json\/wp\/v2\/media\/3849"}],"wp:attachment":[{"href":"https:\/\/vasospublicitariosperu.com\/tienda\/wp-json\/wp\/v2\/media?parent=3614"}],"wp:term":[{"taxonomy":"product_brand","embeddable":true,"href":"https:\/\/vasospublicitariosperu.com\/tienda\/wp-json\/wp\/v2\/product_brand?post=3614"},{"taxonomy":"product_cat","embeddable":true,"href":"https:\/\/vasospublicitariosperu.com\/tienda\/wp-json\/wp\/v2\/product_cat?post=3614"},{"taxonomy":"product_tag","embeddable":true,"href":"https:\/\/vasospublicitariosperu.com\/tienda\/wp-json\/wp\/v2\/product_tag?post=3614"}],"curies":[{"name":"wp","href":"https:\/\/api.w.org\/{rel}","templated":true}]}}