{"id":3616,"date":"2025-05-02T12:13:42","date_gmt":"2025-05-02T17:13:42","guid":{"rendered":"https:\/\/vasospublicitariosperu.com\/tienda\/product\/vaso-kero-cervecero-15-onz-con-logo-publicitario\/"},"modified":"2026-04-10T15:28:27","modified_gmt":"2026-04-10T20:28:27","slug":"vaso-kero-cervecero-15-onz-con-logo-publicitario","status":"publish","type":"product","link":"https:\/\/vasospublicitariosperu.com\/tienda\/vaso-kero-cervecero-15-onz-con-logo-publicitario\/","title":{"rendered":"VASO KERO CERVECERO 15 ONZ CON LOGO PUBLICITARIO"},"content":{"rendered":"<p>MATERIAL: Polipropileno, material ligero y resistente, ideal para un uso diario y de f\u00e1cil mantenimiento.<br \/>\nCAPACIDAD: 15 oz, el tama\u00f1o perfecto para disfrutar de una bebida refrescante o un caf\u00e9, ofreciendo una experiencia pr\u00e1ctica y c\u00f3moda.<br \/>\nACCESORIOS: N\/A, dise\u00f1o sencillo y funcional.<br \/>\nIMPRESI\u00d3N: Serigraf\u00eda de un solo color, ideal para personalizar con tu logo o mensaje, asegurando durabilidad y visibilidad.<br \/>\nACABADO: N\/A.<\/p>\n<hr \/>\n<p>MATERIAL: POLIPROPILENO<br \/>\n CAPACIDAD: 15ONZ<br \/>\n ACCESORIOS: N\/A<br \/>\n IMPRESI\u00d3N: SERIGRAFIA SOLO UN COLOR<br \/>\n ACABADO: N\/A<\/p>\n<hr \/>\n","protected":false},"excerpt":{"rendered":"<p>MATERIAL: Polipropileno, material ligero y resistente, ideal para un uso diario y de f\u00e1cil mantenimiento.<br \/>\nCAPACIDAD: 15 oz, el tama\u00f1o perfecto para disfrutar de una bebida refrescante o un caf\u00e9, ofreciendo una experiencia pr\u00e1ctica y c\u00f3moda.<br \/>\nACCESORIOS: N\/A, dise\u00f1o sencillo y funcional.<br \/>\nIMPRESI\u00d3N: Serigraf\u00eda de un solo color, ideal para personalizar con tu logo o mensaje, asegurando durabilidad y visibilidad.<br \/>\nACABADO: N\/A.<\/p>\n","protected":false},"featured_media":3855,"comment_status":"closed","ping_status":"open","template":"","meta":[],"product_brand":[],"product_cat":[70],"product_tag":[],"class_list":{"0":"post-3616","1":"product","2":"type-product","3":"status-publish","4":"has-post-thumbnail","6":"product_cat-catalogo-2025","8":"first","9":"instock","10":"product-type-simple"},"_links":{"self":[{"href":"https:\/\/vasospublicitariosperu.com\/tienda\/wp-json\/wp\/v2\/product\/3616","targetHints":{"allow":["GET"]}}],"collection":[{"href":"https:\/\/vasospublicitariosperu.com\/tienda\/wp-json\/wp\/v2\/product"}],"about":[{"href":"https:\/\/vasospublicitariosperu.com\/tienda\/wp-json\/wp\/v2\/types\/product"}],"replies":[{"embeddable":true,"href":"https:\/\/vasospublicitariosperu.com\/tienda\/wp-json\/wp\/v2\/comments?post=3616"}],"wp:featuredmedia":[{"embeddable":true,"href":"https:\/\/vasospublicitariosperu.com\/tienda\/wp-json\/wp\/v2\/media\/3855"}],"wp:attachment":[{"href":"https:\/\/vasospublicitariosperu.com\/tienda\/wp-json\/wp\/v2\/media?parent=3616"}],"wp:term":[{"taxonomy":"product_brand","embeddable":true,"href":"https:\/\/vasospublicitariosperu.com\/tienda\/wp-json\/wp\/v2\/product_brand?post=3616"},{"taxonomy":"product_cat","embeddable":true,"href":"https:\/\/vasospublicitariosperu.com\/tienda\/wp-json\/wp\/v2\/product_cat?post=3616"},{"taxonomy":"product_tag","embeddable":true,"href":"https:\/\/vasospublicitariosperu.com\/tienda\/wp-json\/wp\/v2\/product_tag?post=3616"}],"curies":[{"name":"wp","href":"https:\/\/api.w.org\/{rel}","templated":true}]}}