{"id":3620,"date":"2025-05-02T12:13:42","date_gmt":"2025-05-02T17:13:42","guid":{"rendered":"https:\/\/vasospublicitariosperu.com\/tienda\/product\/vaso-tropical-12onz-con-logo-publicitario\/"},"modified":"2026-04-10T15:28:27","modified_gmt":"2026-04-10T20:28:27","slug":"vaso-tropical-12onz-con-logo-publicitario","status":"publish","type":"product","link":"https:\/\/vasospublicitariosperu.com\/tienda\/vaso-tropical-12onz-con-logo-publicitario\/","title":{"rendered":"VASO TROPICAL 12onz CON LOGO PUBLICITARIO"},"content":{"rendered":"<p>MATERIAL: Polipropileno, un material de alta calidad que ofrece durabilidad y resistencia, ideal para el uso diario.<br \/>\nCAPACIDAD: 12 oz, el tama\u00f1o perfecto para tus bebidas favoritas, ya sea agua, jugos o batidos, ofreci\u00e9ndote la cantidad justa para disfrutar.<br \/>\nACCESORIOS: No incluye accesorios adicionales, lo que hace que este producto sea m\u00e1s sencillo y pr\u00e1ctico.<br \/>\nIMPRESI\u00d3N: Personalizaci\u00f3n mediante serigraf\u00eda en un solo color, permitiendo una impresi\u00f3n clara y de alta calidad que resalta tu dise\u00f1o o logo.<br \/>\nACABADO: Sin acabado adicional, lo que mantiene el dise\u00f1o limpio y funcional para un uso diario.<\/p>\n<hr \/>\n<p>MATERIAL: POLIPROPILENO<br \/>\n CAPACIDAD: 12ONZ<br \/>\n ACCESORIOS: N\/A<br \/>\n IMPRESI\u00d3N: SERIGRAFIA SOLO UN COLOR<br \/>\n ACABADO: N\/A<\/p>\n<hr \/>\n","protected":false},"excerpt":{"rendered":"<p>MATERIAL: Polipropileno, un material de alta calidad que ofrece durabilidad y resistencia, ideal para el uso diario.<br \/>\nCAPACIDAD: 12 oz, el tama\u00f1o perfecto para tus bebidas favoritas, ya sea agua, jugos o batidos, ofreci\u00e9ndote la cantidad justa para disfrutar.<br \/>\nACCESORIOS: No incluye accesorios adicionales, lo que hace que este producto sea m\u00e1s sencillo y pr\u00e1ctico.<br \/>\nIMPRESI\u00d3N: Personalizaci\u00f3n mediante serigraf\u00eda en un solo color, permitiendo una impresi\u00f3n clara y de alta calidad que resalta tu dise\u00f1o o logo.<br \/>\nACABADO: Sin acabado adicional, lo que mantiene el dise\u00f1o limpio y funcional para un uso diario.<\/p>\n","protected":false},"featured_media":3869,"comment_status":"closed","ping_status":"open","template":"","meta":[],"product_brand":[],"product_cat":[70],"product_tag":[],"class_list":{"0":"post-3620","1":"product","2":"type-product","3":"status-publish","4":"has-post-thumbnail","6":"product_cat-catalogo-2025","8":"first","9":"instock","10":"product-type-simple"},"_links":{"self":[{"href":"https:\/\/vasospublicitariosperu.com\/tienda\/wp-json\/wp\/v2\/product\/3620","targetHints":{"allow":["GET"]}}],"collection":[{"href":"https:\/\/vasospublicitariosperu.com\/tienda\/wp-json\/wp\/v2\/product"}],"about":[{"href":"https:\/\/vasospublicitariosperu.com\/tienda\/wp-json\/wp\/v2\/types\/product"}],"replies":[{"embeddable":true,"href":"https:\/\/vasospublicitariosperu.com\/tienda\/wp-json\/wp\/v2\/comments?post=3620"}],"wp:featuredmedia":[{"embeddable":true,"href":"https:\/\/vasospublicitariosperu.com\/tienda\/wp-json\/wp\/v2\/media\/3869"}],"wp:attachment":[{"href":"https:\/\/vasospublicitariosperu.com\/tienda\/wp-json\/wp\/v2\/media?parent=3620"}],"wp:term":[{"taxonomy":"product_brand","embeddable":true,"href":"https:\/\/vasospublicitariosperu.com\/tienda\/wp-json\/wp\/v2\/product_brand?post=3620"},{"taxonomy":"product_cat","embeddable":true,"href":"https:\/\/vasospublicitariosperu.com\/tienda\/wp-json\/wp\/v2\/product_cat?post=3620"},{"taxonomy":"product_tag","embeddable":true,"href":"https:\/\/vasospublicitariosperu.com\/tienda\/wp-json\/wp\/v2\/product_tag?post=3620"}],"curies":[{"name":"wp","href":"https:\/\/api.w.org\/{rel}","templated":true}]}}