{"id":3622,"date":"2025-05-02T12:13:42","date_gmt":"2025-05-02T17:13:42","guid":{"rendered":"https:\/\/vasospublicitariosperu.com\/tienda\/product\/vaso-kero-12-onz-con-logo-publicitario\/"},"modified":"2026-04-10T15:28:27","modified_gmt":"2026-04-10T20:28:27","slug":"vaso-kero-12-onz-con-logo-publicitario","status":"publish","type":"product","link":"https:\/\/vasospublicitariosperu.com\/tienda\/vaso-kero-12-onz-con-logo-publicitario\/","title":{"rendered":"VASO KERO 12 onz CON LOGO PUBLICITARIO"},"content":{"rendered":"<p>MATERIAL: Polipropileno, un material resistente y ligero, ideal para su uso en productos de consumo diario, asegurando durabilidad y comodidad.<br \/>\nCAPACIDAD: 12 onzas, una medida perfecta para bebidas como jugos, refrescos o caf\u00e9, adapt\u00e1ndose a la mayor\u00eda de las necesidades cotidianas.<br \/>\nACCESORIOS: No incluye accesorios adicionales, lo que lo hace un producto sencillo y funcional para quienes buscan practicidad.<br \/>\nIMPRESI\u00d3N: Serigraf\u00eda de un solo color, ofreciendo una opci\u00f3n de personalizaci\u00f3n clara y precisa para tu marca, mensaje o dise\u00f1o preferido.<br \/>\nACABADO: No incluye acabado adicional, lo que mantiene el producto simple y accesible para un uso diario y c\u00f3modo.<\/p>\n<hr \/>\n<p>MATERIAL: POLIPROPILENO<br \/>\n CAPACIDAD: 12 ONZ<br \/>\n ACCESORIOS: N\/A<br \/>\n IMPRESI\u00d3N: SERIGRAFIA SOLO UN COLOR<br \/>\n ACABADO: N\/A<\/p>\n<hr \/>\n","protected":false},"excerpt":{"rendered":"<p>MATERIAL: Polipropileno, un material resistente y ligero, ideal para su uso en productos de consumo diario, asegurando durabilidad y comodidad.<br \/>\nCAPACIDAD: 12 onzas, una medida perfecta para bebidas como jugos, refrescos o caf\u00e9, adapt\u00e1ndose a la mayor\u00eda de las necesidades cotidianas.<br \/>\nACCESORIOS: No incluye accesorios adicionales, lo que lo hace un producto sencillo y funcional para quienes buscan practicidad.<br \/>\nIMPRESI\u00d3N: Serigraf\u00eda de un solo color, ofreciendo una opci\u00f3n de personalizaci\u00f3n clara y precisa para tu marca, mensaje o dise\u00f1o preferido.<br \/>\nACABADO: No incluye acabado adicional, lo que mantiene el producto simple y accesible para un uso diario y c\u00f3modo.<\/p>\n","protected":false},"featured_media":3877,"comment_status":"closed","ping_status":"open","template":"","meta":[],"product_brand":[],"product_cat":[70],"product_tag":[],"class_list":{"0":"post-3622","1":"product","2":"type-product","3":"status-publish","4":"has-post-thumbnail","6":"product_cat-catalogo-2025","8":"first","9":"instock","10":"product-type-simple"},"_links":{"self":[{"href":"https:\/\/vasospublicitariosperu.com\/tienda\/wp-json\/wp\/v2\/product\/3622","targetHints":{"allow":["GET"]}}],"collection":[{"href":"https:\/\/vasospublicitariosperu.com\/tienda\/wp-json\/wp\/v2\/product"}],"about":[{"href":"https:\/\/vasospublicitariosperu.com\/tienda\/wp-json\/wp\/v2\/types\/product"}],"replies":[{"embeddable":true,"href":"https:\/\/vasospublicitariosperu.com\/tienda\/wp-json\/wp\/v2\/comments?post=3622"}],"wp:featuredmedia":[{"embeddable":true,"href":"https:\/\/vasospublicitariosperu.com\/tienda\/wp-json\/wp\/v2\/media\/3877"}],"wp:attachment":[{"href":"https:\/\/vasospublicitariosperu.com\/tienda\/wp-json\/wp\/v2\/media?parent=3622"}],"wp:term":[{"taxonomy":"product_brand","embeddable":true,"href":"https:\/\/vasospublicitariosperu.com\/tienda\/wp-json\/wp\/v2\/product_brand?post=3622"},{"taxonomy":"product_cat","embeddable":true,"href":"https:\/\/vasospublicitariosperu.com\/tienda\/wp-json\/wp\/v2\/product_cat?post=3622"},{"taxonomy":"product_tag","embeddable":true,"href":"https:\/\/vasospublicitariosperu.com\/tienda\/wp-json\/wp\/v2\/product_tag?post=3622"}],"curies":[{"name":"wp","href":"https:\/\/api.w.org\/{rel}","templated":true}]}}