{"id":3624,"date":"2025-05-02T12:13:42","date_gmt":"2025-05-02T17:13:42","guid":{"rendered":"https:\/\/vasospublicitariosperu.com\/tienda\/product\/vaso-pavonado-triangular-20-onz-con-logo-publicitario\/"},"modified":"2026-04-10T15:28:27","modified_gmt":"2026-04-10T20:28:27","slug":"vaso-pavonado-triangular-20-onz-con-logo-publicitario","status":"publish","type":"product","link":"https:\/\/vasospublicitariosperu.com\/tienda\/vaso-pavonado-triangular-20-onz-con-logo-publicitario\/","title":{"rendered":"VASO PAVONADO TRIANGULAR 20 onz CON LOGO PUBLICITARIO"},"content":{"rendered":"<p>MATERIAL: Polipropileno, un pl\u00e1stico resistente y ligero, ideal para el uso diario. Este material es conocido por su durabilidad, facilidad de limpieza y resistencia a las roturas, lo que lo hace perfecto para productos promocionales.<br \/>\nCAPACIDAD: 12 onzas, un tama\u00f1o pr\u00e1ctico para disfrutar de bebidas fr\u00edas o calientes, perfecto para la oficina, eventos o como regalo corporativo.<br \/>\nACCESORIOS: No incluye accesorios adicionales, lo que mantiene el dise\u00f1o simple y funcional.<br \/>\nIMPRESI\u00d3N: Serigraf\u00eda en un solo color, ofreciendo una personalizaci\u00f3n clara y profesional. Es ideal para colocar tu logo, nombre o mensaje, garantizando visibilidad sin perder la elegancia.<br \/>\nACABADO: Sin acabado adicional, lo que hace que el producto sea accesible y directo, manteniendo su practicidad y eficacia en cualquier situaci\u00f3n.<\/p>\n<hr \/>\n<p>MATERIAL: POLIPROPILENO<br \/>\n CAPACIDAD: 12 ONZ<br \/>\n ACCESORIOS: N\/A<br \/>\n IMPRESI\u00d3N: SERIGRAFIA SOLO UN COLOR<br \/>\n ACABADO: N\/A<\/p>\n<hr \/>\n","protected":false},"excerpt":{"rendered":"<p>MATERIAL: Polipropileno, un pl\u00e1stico resistente y ligero, ideal para el uso diario. Este material es conocido por su durabilidad, facilidad de limpieza y resistencia a las roturas, lo que lo hace perfecto para productos promocionales.<br \/>\nCAPACIDAD: 12 onzas, un tama\u00f1o pr\u00e1ctico para disfrutar de bebidas fr\u00edas o calientes, perfecto para la oficina, eventos o como regalo corporativo.<br \/>\nACCESORIOS: No incluye accesorios adicionales, lo que mantiene el dise\u00f1o simple y funcional.<br \/>\nIMPRESI\u00d3N: Serigraf\u00eda en un solo color, ofreciendo una personalizaci\u00f3n clara y profesional. Es ideal para colocar tu logo, nombre o mensaje, garantizando visibilidad sin perder la elegancia.<br \/>\nACABADO: Sin acabado adicional, lo que hace que el producto sea accesible y directo, manteniendo su practicidad y eficacia en cualquier situaci\u00f3n.<\/p>\n","protected":false},"featured_media":3885,"comment_status":"closed","ping_status":"open","template":"","meta":[],"product_brand":[],"product_cat":[70],"product_tag":[],"class_list":{"0":"post-3624","1":"product","2":"type-product","3":"status-publish","4":"has-post-thumbnail","6":"product_cat-catalogo-2025","8":"first","9":"instock","10":"product-type-simple"},"_links":{"self":[{"href":"https:\/\/vasospublicitariosperu.com\/tienda\/wp-json\/wp\/v2\/product\/3624","targetHints":{"allow":["GET"]}}],"collection":[{"href":"https:\/\/vasospublicitariosperu.com\/tienda\/wp-json\/wp\/v2\/product"}],"about":[{"href":"https:\/\/vasospublicitariosperu.com\/tienda\/wp-json\/wp\/v2\/types\/product"}],"replies":[{"embeddable":true,"href":"https:\/\/vasospublicitariosperu.com\/tienda\/wp-json\/wp\/v2\/comments?post=3624"}],"wp:featuredmedia":[{"embeddable":true,"href":"https:\/\/vasospublicitariosperu.com\/tienda\/wp-json\/wp\/v2\/media\/3885"}],"wp:attachment":[{"href":"https:\/\/vasospublicitariosperu.com\/tienda\/wp-json\/wp\/v2\/media?parent=3624"}],"wp:term":[{"taxonomy":"product_brand","embeddable":true,"href":"https:\/\/vasospublicitariosperu.com\/tienda\/wp-json\/wp\/v2\/product_brand?post=3624"},{"taxonomy":"product_cat","embeddable":true,"href":"https:\/\/vasospublicitariosperu.com\/tienda\/wp-json\/wp\/v2\/product_cat?post=3624"},{"taxonomy":"product_tag","embeddable":true,"href":"https:\/\/vasospublicitariosperu.com\/tienda\/wp-json\/wp\/v2\/product_tag?post=3624"}],"curies":[{"name":"wp","href":"https:\/\/api.w.org\/{rel}","templated":true}]}}