{"id":3626,"date":"2025-05-02T12:24:34","date_gmt":"2025-05-02T17:24:34","guid":{"rendered":"https:\/\/vasospublicitariosperu.com\/tienda\/product\/jarra-discotequera-2\/"},"modified":"2026-04-10T15:28:27","modified_gmt":"2026-04-10T20:28:27","slug":"jarra-discotequera-2","status":"publish","type":"product","link":"https:\/\/vasospublicitariosperu.com\/tienda\/jarra-discotequera-2\/","title":{"rendered":"JARRA DISCOTEQUERA"},"content":{"rendered":"<p>MATERIAL: Pl\u00e1stico, un material vers\u00e1til, ligero y duradero, ideal para productos promocionales. Su resistencia lo hace perfecto para un uso prolongado, mientras que su ligereza lo convierte en una opci\u00f3n conveniente para el transporte y almacenamiento.<br \/>\nCAPACIDAD: 1 litro, lo que proporciona un volumen adecuado para bebidas, l\u00edquidos o cualquier tipo de contenido que desees promocionar. Este tama\u00f1o es perfecto para eventos, regalos corporativos y productos de uso diario.<br \/>\nACCESORIO: No incluye accesorios adicionales, manteniendo un dise\u00f1o simple y funcional que puede ser adaptado seg\u00fan las necesidades del cliente.<br \/>\nIMPRESI\u00d3N: Serigraf\u00eda en un solo color o UV full color en una sola cara. Esto te permite elegir entre una impresi\u00f3n m\u00e1s simple y cl\u00e1sica con serigraf\u00eda, o una opci\u00f3n m\u00e1s vibrante y detallada con impresi\u00f3n UV a full color en una cara del producto.<br \/>\nACABADO: Sin acabado adicional especificado, lo que ofrece flexibilidad en el dise\u00f1o y personalizaci\u00f3n.<\/p>\n<hr \/>\n<p>MATERIAL: PLASTICO<br \/>\n CAPACIDAD: 1 LITRO<br \/>\n ACCESORIO: N\/A<br \/>\n IMPRESION: SERIGRAFIA UN COLOR\/UV FULL COLOR 1 CARA<br \/>\n ACABADO: N\/A<\/p>\n<hr \/>\n","protected":false},"excerpt":{"rendered":"<p>MATERIAL: Pl\u00e1stico, un material vers\u00e1til, ligero y duradero, ideal para productos promocionales. Su resistencia lo hace perfecto para un uso prolongado, mientras que su ligereza lo convierte en una opci\u00f3n conveniente para el transporte y almacenamiento.<br \/>\nCAPACIDAD: 1 litro, lo que proporciona un volumen adecuado para bebidas, l\u00edquidos o cualquier tipo de contenido que desees promocionar. Este tama\u00f1o es perfecto para eventos, regalos corporativos y productos de uso diario.<br \/>\nACCESORIO: No incluye accesorios adicionales, manteniendo un dise\u00f1o simple y funcional que puede ser adaptado seg\u00fan las necesidades del cliente.<br \/>\nIMPRESI\u00d3N: Serigraf\u00eda en un solo color o UV full color en una sola cara. Esto te permite elegir entre una impresi\u00f3n m\u00e1s simple y cl\u00e1sica con serigraf\u00eda, o una opci\u00f3n m\u00e1s vibrante y detallada con impresi\u00f3n UV a full color en una cara del producto.<br \/>\nACABADO: Sin acabado adicional especificado, lo que ofrece flexibilidad en el dise\u00f1o y personalizaci\u00f3n.<\/p>\n","protected":false},"featured_media":3914,"comment_status":"closed","ping_status":"open","template":"","meta":[],"product_brand":[],"product_cat":[70],"product_tag":[],"class_list":{"0":"post-3626","1":"product","2":"type-product","3":"status-publish","4":"has-post-thumbnail","6":"product_cat-catalogo-2025","8":"first","9":"instock","10":"purchasable","11":"product-type-simple"},"_links":{"self":[{"href":"https:\/\/vasospublicitariosperu.com\/tienda\/wp-json\/wp\/v2\/product\/3626","targetHints":{"allow":["GET"]}}],"collection":[{"href":"https:\/\/vasospublicitariosperu.com\/tienda\/wp-json\/wp\/v2\/product"}],"about":[{"href":"https:\/\/vasospublicitariosperu.com\/tienda\/wp-json\/wp\/v2\/types\/product"}],"replies":[{"embeddable":true,"href":"https:\/\/vasospublicitariosperu.com\/tienda\/wp-json\/wp\/v2\/comments?post=3626"}],"wp:featuredmedia":[{"embeddable":true,"href":"https:\/\/vasospublicitariosperu.com\/tienda\/wp-json\/wp\/v2\/media\/3914"}],"wp:attachment":[{"href":"https:\/\/vasospublicitariosperu.com\/tienda\/wp-json\/wp\/v2\/media?parent=3626"}],"wp:term":[{"taxonomy":"product_brand","embeddable":true,"href":"https:\/\/vasospublicitariosperu.com\/tienda\/wp-json\/wp\/v2\/product_brand?post=3626"},{"taxonomy":"product_cat","embeddable":true,"href":"https:\/\/vasospublicitariosperu.com\/tienda\/wp-json\/wp\/v2\/product_cat?post=3626"},{"taxonomy":"product_tag","embeddable":true,"href":"https:\/\/vasospublicitariosperu.com\/tienda\/wp-json\/wp\/v2\/product_tag?post=3626"}],"curies":[{"name":"wp","href":"https:\/\/api.w.org\/{rel}","templated":true}]}}