{"id":3627,"date":"2025-05-02T12:26:11","date_gmt":"2025-05-02T17:26:11","guid":{"rendered":"https:\/\/vasospublicitariosperu.com\/tienda\/product\/caja-para-pisco-tipo-cofre\/"},"modified":"2026-04-10T15:28:27","modified_gmt":"2026-04-10T20:28:27","slug":"caja-para-pisco-tipo-cofre","status":"publish","type":"product","link":"https:\/\/vasospublicitariosperu.com\/tienda\/caja-para-pisco-tipo-cofre\/","title":{"rendered":"CAJA PARA PISCO TIPO COFRE"},"content":{"rendered":"<p>MATERIAL: Madera, un material natural que aporta calidez, elegancia y durabilidad al producto. La madera es perfecta para quienes buscan un dise\u00f1o r\u00fastico y sofisticado, ideal para promocionar marcas que deseen transmitir valores de autenticidad y calidad.<br \/>\nMEDIDAS: 500 ml, ofreciendo una capacidad ideal para bebidas como licores, jugos o incluso como un art\u00edculo de regalo personalizado. Esta medida es pr\u00e1ctica y funcional para eventos especiales o como parte de un set de promoci\u00f3n.<br \/>\nACCESORIO: Pisco Acholado, un licor tradicional que se agrega al producto, otorgando un toque distintivo y aut\u00e9ntico que resalta la cultura local y hace que el art\u00edculo sea a\u00fan m\u00e1s especial para los clientes.<br \/>\nIMPRESI\u00d3N: No incluye impresi\u00f3n, lo que da la oportunidad de personalizar el producto de acuerdo con las preferencias del cliente o el dise\u00f1o espec\u00edfico de la marca.<br \/>\nACABADO: Laca mate, proporcionando un acabado suave, elegante y sofisticado, que resalta la belleza natural de la madera. La laca mate tambi\u00e9n tiene la ventaja de resistir mejor el paso del tiempo y mantener un aspecto sofisticado sin el brillo excesivo.<\/p>\n<hr \/>\n<p>MATERIAL: MADERA<br \/>\n MEDIDAS: 500ML<br \/>\n ACCESORIO: PISCO ACHOLADO<br \/>\n IMPRESION: N\/A<br \/>\n ACABADO: LACA MATE<\/p>\n<hr \/>\n","protected":false},"excerpt":{"rendered":"<p>MATERIAL: Madera, un material natural que aporta calidez, elegancia y durabilidad al producto. La madera es perfecta para quienes buscan un dise\u00f1o r\u00fastico y sofisticado, ideal para promocionar marcas que deseen transmitir valores de autenticidad y calidad.<br \/>\nMEDIDAS: 500 ml, ofreciendo una capacidad ideal para bebidas como licores, jugos o incluso como un art\u00edculo de regalo personalizado. Esta medida es pr\u00e1ctica y funcional para eventos especiales o como parte de un set de promoci\u00f3n.<br \/>\nACCESORIO: Pisco Acholado, un licor tradicional que se agrega al producto, otorgando un toque distintivo y aut\u00e9ntico que resalta la cultura local y hace que el art\u00edculo sea a\u00fan m\u00e1s especial para los clientes.<br \/>\nIMPRESI\u00d3N: No incluye impresi\u00f3n, lo que da la oportunidad de personalizar el producto de acuerdo con las preferencias del cliente o el dise\u00f1o espec\u00edfico de la marca.<br \/>\nACABADO: Laca mate, proporcionando un acabado suave, elegante y sofisticado, que resalta la belleza natural de la madera. La laca mate tambi\u00e9n tiene la ventaja de resistir mejor el paso del tiempo y mantener un aspecto sofisticado sin el brillo excesivo.<\/p>\n","protected":false},"featured_media":3928,"comment_status":"closed","ping_status":"open","template":"","meta":[],"product_brand":[],"product_cat":[70],"product_tag":[],"class_list":{"0":"post-3627","1":"product","2":"type-product","3":"status-publish","4":"has-post-thumbnail","6":"product_cat-catalogo-2025","8":"first","9":"instock","10":"purchasable","11":"product-type-simple"},"_links":{"self":[{"href":"https:\/\/vasospublicitariosperu.com\/tienda\/wp-json\/wp\/v2\/product\/3627","targetHints":{"allow":["GET"]}}],"collection":[{"href":"https:\/\/vasospublicitariosperu.com\/tienda\/wp-json\/wp\/v2\/product"}],"about":[{"href":"https:\/\/vasospublicitariosperu.com\/tienda\/wp-json\/wp\/v2\/types\/product"}],"replies":[{"embeddable":true,"href":"https:\/\/vasospublicitariosperu.com\/tienda\/wp-json\/wp\/v2\/comments?post=3627"}],"wp:featuredmedia":[{"embeddable":true,"href":"https:\/\/vasospublicitariosperu.com\/tienda\/wp-json\/wp\/v2\/media\/3928"}],"wp:attachment":[{"href":"https:\/\/vasospublicitariosperu.com\/tienda\/wp-json\/wp\/v2\/media?parent=3627"}],"wp:term":[{"taxonomy":"product_brand","embeddable":true,"href":"https:\/\/vasospublicitariosperu.com\/tienda\/wp-json\/wp\/v2\/product_brand?post=3627"},{"taxonomy":"product_cat","embeddable":true,"href":"https:\/\/vasospublicitariosperu.com\/tienda\/wp-json\/wp\/v2\/product_cat?post=3627"},{"taxonomy":"product_tag","embeddable":true,"href":"https:\/\/vasospublicitariosperu.com\/tienda\/wp-json\/wp\/v2\/product_tag?post=3627"}],"curies":[{"name":"wp","href":"https:\/\/api.w.org\/{rel}","templated":true}]}}