{"id":3628,"date":"2025-05-02T12:26:11","date_gmt":"2025-05-02T17:26:11","guid":{"rendered":"https:\/\/vasospublicitariosperu.com\/tienda\/product\/caja-para-pisco-tipo-vitrina\/"},"modified":"2026-04-10T15:28:27","modified_gmt":"2026-04-10T20:28:27","slug":"caja-para-pisco-tipo-vitrina","status":"publish","type":"product","link":"https:\/\/vasospublicitariosperu.com\/tienda\/caja-para-pisco-tipo-vitrina\/","title":{"rendered":"CAJA PARA PISCO TIPO VITRINA"},"content":{"rendered":"<p>MATERIAL: Madera, un material que destaca por su resistencia y est\u00e9tica natural, aportando un toque de elegancia y distinci\u00f3n al producto. La madera es ideal para quienes buscan un dise\u00f1o aut\u00e9ntico y sofisticado.<br \/>\nMEDIDAS: No aplica, ya que el enfoque est\u00e1 en la calidad y el dise\u00f1o del accesorio que acompa\u00f1a al producto.<br \/>\nACCESORIO: Pisco Acholado 500 ml, un licor de calidad superior, perfecto para disfrutar en cualquier ocasi\u00f3n especial. Este pisco, de tradici\u00f3n peruana, le otorga un toque exclusivo al producto, ideal como regalo corporativo o para promociones especiales.<br \/>\nIMPRESI\u00d3N: No incluye impresi\u00f3n, lo que permite personalizarlo seg\u00fan las necesidades del cliente, brindando flexibilidad para diferentes dise\u00f1os o logos.<br \/>\nACABADO: Laca mate, que ofrece un acabado elegante y suave al tacto. La laca mate resalta la belleza natural de la madera sin brillo excesivo, d\u00e1ndole un toque sofisticado y atemporal.<\/p>\n<hr \/>\n<p>MATERIAL: MADERA<br \/>\n MEDIDAS: N\/A<br \/>\n ACCESORIO: PISCO ACHOLADO 500ML<br \/>\n IMPRESION: N\/A<br \/>\n ACABADO: LACA MATE<\/p>\n<hr \/>\n","protected":false},"excerpt":{"rendered":"<p>MATERIAL: Madera, un material que destaca por su resistencia y est\u00e9tica natural, aportando un toque de elegancia y distinci\u00f3n al producto. La madera es ideal para quienes buscan un dise\u00f1o aut\u00e9ntico y sofisticado.<br \/>\nMEDIDAS: No aplica, ya que el enfoque est\u00e1 en la calidad y el dise\u00f1o del accesorio que acompa\u00f1a al producto.<br \/>\nACCESORIO: Pisco Acholado 500 ml, un licor de calidad superior, perfecto para disfrutar en cualquier ocasi\u00f3n especial. Este pisco, de tradici\u00f3n peruana, le otorga un toque exclusivo al producto, ideal como regalo corporativo o para promociones especiales.<br \/>\nIMPRESI\u00d3N: No incluye impresi\u00f3n, lo que permite personalizarlo seg\u00fan las necesidades del cliente, brindando flexibilidad para diferentes dise\u00f1os o logos.<br \/>\nACABADO: Laca mate, que ofrece un acabado elegante y suave al tacto. La laca mate resalta la belleza natural de la madera sin brillo excesivo, d\u00e1ndole un toque sofisticado y atemporal.<\/p>\n","protected":false},"featured_media":3931,"comment_status":"closed","ping_status":"open","template":"","meta":[],"product_brand":[],"product_cat":[70],"product_tag":[],"class_list":{"0":"post-3628","1":"product","2":"type-product","3":"status-publish","4":"has-post-thumbnail","6":"product_cat-catalogo-2025","8":"first","9":"instock","10":"purchasable","11":"product-type-simple"},"_links":{"self":[{"href":"https:\/\/vasospublicitariosperu.com\/tienda\/wp-json\/wp\/v2\/product\/3628","targetHints":{"allow":["GET"]}}],"collection":[{"href":"https:\/\/vasospublicitariosperu.com\/tienda\/wp-json\/wp\/v2\/product"}],"about":[{"href":"https:\/\/vasospublicitariosperu.com\/tienda\/wp-json\/wp\/v2\/types\/product"}],"replies":[{"embeddable":true,"href":"https:\/\/vasospublicitariosperu.com\/tienda\/wp-json\/wp\/v2\/comments?post=3628"}],"wp:featuredmedia":[{"embeddable":true,"href":"https:\/\/vasospublicitariosperu.com\/tienda\/wp-json\/wp\/v2\/media\/3931"}],"wp:attachment":[{"href":"https:\/\/vasospublicitariosperu.com\/tienda\/wp-json\/wp\/v2\/media?parent=3628"}],"wp:term":[{"taxonomy":"product_brand","embeddable":true,"href":"https:\/\/vasospublicitariosperu.com\/tienda\/wp-json\/wp\/v2\/product_brand?post=3628"},{"taxonomy":"product_cat","embeddable":true,"href":"https:\/\/vasospublicitariosperu.com\/tienda\/wp-json\/wp\/v2\/product_cat?post=3628"},{"taxonomy":"product_tag","embeddable":true,"href":"https:\/\/vasospublicitariosperu.com\/tienda\/wp-json\/wp\/v2\/product_tag?post=3628"}],"curies":[{"name":"wp","href":"https:\/\/api.w.org\/{rel}","templated":true}]}}