{"id":3629,"date":"2025-05-02T12:26:11","date_gmt":"2025-05-02T17:26:11","guid":{"rendered":"https:\/\/vasospublicitariosperu.com\/tienda\/product\/caja-para-pisco-tipo-vitrina-3-botellas\/"},"modified":"2026-04-10T15:28:27","modified_gmt":"2026-04-10T20:28:27","slug":"caja-para-pisco-tipo-vitrina-3-botellas","status":"publish","type":"product","link":"https:\/\/vasospublicitariosperu.com\/tienda\/caja-para-pisco-tipo-vitrina-3-botellas\/","title":{"rendered":"CAJA PARA PISCO TIPO VITRINA 3 BOTELLAS"},"content":{"rendered":"<p>MATERIAL: Madera, un material noble que aporta una sensaci\u00f3n de calidez y elegancia. Ideal para quienes buscan productos duraderos con un toque natural. Su textura y acabado proporcionan una sensaci\u00f3n de sofisticaci\u00f3n y clase.<br \/>\nMEDIDAS: No aplicable, ya que el producto se enfoca en la calidad y el dise\u00f1o del material de madera, sin especificar medidas particulares.<br \/>\nACCESORIO: No incluye accesorios, lo que lo convierte en una opci\u00f3n vers\u00e1til para adaptarse a diversas necesidades y personalizaciones.<br \/>\nIMPRESI\u00d3N: No incluye impresi\u00f3n, permitiendo que el producto pueda ser f\u00e1cilmente personalizado seg\u00fan los requerimientos del cliente, desde grabados hasta serigraf\u00eda o cualquier otra t\u00e9cnica que se elija.<br \/>\nACABADO: Laca mate, lo que ofrece un acabado suave y elegante al tacto, sin brillo excesivo. Este tipo de acabado resalta la belleza natural de la madera, dando como resultado un producto atemporal y con una textura agradable al usuario.<\/p>\n<hr \/>\n<p>MATERIAL: MADERA<br \/>\n MEDIDAS: N\/A<br \/>\n ACCESORIO: N\/A<br \/>\n IMPRESION: N\/A<br \/>\n ACABADO: LACA MATE<\/p>\n<hr \/>\n","protected":false},"excerpt":{"rendered":"<p>MATERIAL: Madera, un material noble que aporta una sensaci\u00f3n de calidez y elegancia. Ideal para quienes buscan productos duraderos con un toque natural. Su textura y acabado proporcionan una sensaci\u00f3n de sofisticaci\u00f3n y clase.<br \/>\nMEDIDAS: No aplicable, ya que el producto se enfoca en la calidad y el dise\u00f1o del material de madera, sin especificar medidas particulares.<br \/>\nACCESORIO: No incluye accesorios, lo que lo convierte en una opci\u00f3n vers\u00e1til para adaptarse a diversas necesidades y personalizaciones.<br \/>\nIMPRESI\u00d3N: No incluye impresi\u00f3n, permitiendo que el producto pueda ser f\u00e1cilmente personalizado seg\u00fan los requerimientos del cliente, desde grabados hasta serigraf\u00eda o cualquier otra t\u00e9cnica que se elija.<br \/>\nACABADO: Laca mate, lo que ofrece un acabado suave y elegante al tacto, sin brillo excesivo. Este tipo de acabado resalta la belleza natural de la madera, dando como resultado un producto atemporal y con una textura agradable al usuario.<\/p>\n","protected":false},"featured_media":3934,"comment_status":"closed","ping_status":"open","template":"","meta":[],"product_brand":[],"product_cat":[70],"product_tag":[],"class_list":{"0":"post-3629","1":"product","2":"type-product","3":"status-publish","4":"has-post-thumbnail","6":"product_cat-catalogo-2025","8":"first","9":"instock","10":"purchasable","11":"product-type-simple"},"_links":{"self":[{"href":"https:\/\/vasospublicitariosperu.com\/tienda\/wp-json\/wp\/v2\/product\/3629","targetHints":{"allow":["GET"]}}],"collection":[{"href":"https:\/\/vasospublicitariosperu.com\/tienda\/wp-json\/wp\/v2\/product"}],"about":[{"href":"https:\/\/vasospublicitariosperu.com\/tienda\/wp-json\/wp\/v2\/types\/product"}],"replies":[{"embeddable":true,"href":"https:\/\/vasospublicitariosperu.com\/tienda\/wp-json\/wp\/v2\/comments?post=3629"}],"wp:featuredmedia":[{"embeddable":true,"href":"https:\/\/vasospublicitariosperu.com\/tienda\/wp-json\/wp\/v2\/media\/3934"}],"wp:attachment":[{"href":"https:\/\/vasospublicitariosperu.com\/tienda\/wp-json\/wp\/v2\/media?parent=3629"}],"wp:term":[{"taxonomy":"product_brand","embeddable":true,"href":"https:\/\/vasospublicitariosperu.com\/tienda\/wp-json\/wp\/v2\/product_brand?post=3629"},{"taxonomy":"product_cat","embeddable":true,"href":"https:\/\/vasospublicitariosperu.com\/tienda\/wp-json\/wp\/v2\/product_cat?post=3629"},{"taxonomy":"product_tag","embeddable":true,"href":"https:\/\/vasospublicitariosperu.com\/tienda\/wp-json\/wp\/v2\/product_tag?post=3629"}],"curies":[{"name":"wp","href":"https:\/\/api.w.org\/{rel}","templated":true}]}}