{"id":3630,"date":"2025-05-02T12:27:26","date_gmt":"2025-05-02T17:27:26","guid":{"rendered":"https:\/\/vasospublicitariosperu.com\/tienda\/product\/cofre-para-pisco-y-shots\/"},"modified":"2026-04-10T15:28:26","modified_gmt":"2026-04-10T20:28:26","slug":"cofre-para-pisco-y-shots","status":"publish","type":"product","link":"https:\/\/vasospublicitariosperu.com\/tienda\/cofre-para-pisco-y-shots\/","title":{"rendered":"COFRE PARA PISCO Y SHOTS"},"content":{"rendered":"<p>MATERIAL: Madera de alta calidad, un material que transmite rusticidad y elegancia. La madera es ideal para quienes buscan un producto natural y duradero, ofreciendo un dise\u00f1o cl\u00e1sico que se adapta a cualquier estilo.<br \/>\nMEDIDAS: 500 ML, una capacidad perfecta para disfrutar de bebidas y c\u00f3cteles, manteniendo el equilibrio ideal entre volumen y portabilidad.<br \/>\nACCESORIO: Incluye Pisco Quebranta Acholado y una copa Alambique con capacidad de 2 shots (3.5\/2 ONZ), ideal para degustar la bebida y potenciar la experiencia de consumo con un accesorio elegante y funcional.<br \/>\nIMPRESI\u00d3N: No incluye impresi\u00f3n, permitiendo la personalizaci\u00f3n del producto seg\u00fan las preferencias del cliente, ya sea con grabados o serigraf\u00eda.<br \/>\nACABADO: Laca mate, que da un toque suave y sofisticado a la madera, resaltando su belleza natural sin brillos excesivos, creando un acabado perfecto al tacto y con una est\u00e9tica refinada.<\/p>\n<hr \/>\n<p>MATERIAL: MADERA<br \/>\n MEDIDAS: 500 ML<br \/>\n ACCESORIO: PISCO QUEBRANTA ACHOLADO \/ COPA ALAMBIQUE 2 SHOTS 3.5\/2ONZ<br \/>\n IMPRESION: N\/A<br \/>\n ACABADO: LACA MATE<\/p>\n<hr \/>\n","protected":false},"excerpt":{"rendered":"<p>MATERIAL: Madera de alta calidad, un material que transmite rusticidad y elegancia. La madera es ideal para quienes buscan un producto natural y duradero, ofreciendo un dise\u00f1o cl\u00e1sico que se adapta a cualquier estilo.<br \/>\nMEDIDAS: 500 ML, una capacidad perfecta para disfrutar de bebidas y c\u00f3cteles, manteniendo el equilibrio ideal entre volumen y portabilidad.<br \/>\nACCESORIO: Incluye Pisco Quebranta Acholado y una copa Alambique con capacidad de 2 shots (3.5\/2 ONZ), ideal para degustar la bebida y potenciar la experiencia de consumo con un accesorio elegante y funcional.<br \/>\nIMPRESI\u00d3N: No incluye impresi\u00f3n, permitiendo la personalizaci\u00f3n del producto seg\u00fan las preferencias del cliente, ya sea con grabados o serigraf\u00eda.<br \/>\nACABADO: Laca mate, que da un toque suave y sofisticado a la madera, resaltando su belleza natural sin brillos excesivos, creando un acabado perfecto al tacto y con una est\u00e9tica refinada.<\/p>\n","protected":false},"featured_media":3937,"comment_status":"closed","ping_status":"open","template":"","meta":[],"product_brand":[],"product_cat":[70],"product_tag":[],"class_list":{"0":"post-3630","1":"product","2":"type-product","3":"status-publish","4":"has-post-thumbnail","6":"product_cat-catalogo-2025","8":"first","9":"instock","10":"purchasable","11":"product-type-simple"},"_links":{"self":[{"href":"https:\/\/vasospublicitariosperu.com\/tienda\/wp-json\/wp\/v2\/product\/3630","targetHints":{"allow":["GET"]}}],"collection":[{"href":"https:\/\/vasospublicitariosperu.com\/tienda\/wp-json\/wp\/v2\/product"}],"about":[{"href":"https:\/\/vasospublicitariosperu.com\/tienda\/wp-json\/wp\/v2\/types\/product"}],"replies":[{"embeddable":true,"href":"https:\/\/vasospublicitariosperu.com\/tienda\/wp-json\/wp\/v2\/comments?post=3630"}],"wp:featuredmedia":[{"embeddable":true,"href":"https:\/\/vasospublicitariosperu.com\/tienda\/wp-json\/wp\/v2\/media\/3937"}],"wp:attachment":[{"href":"https:\/\/vasospublicitariosperu.com\/tienda\/wp-json\/wp\/v2\/media?parent=3630"}],"wp:term":[{"taxonomy":"product_brand","embeddable":true,"href":"https:\/\/vasospublicitariosperu.com\/tienda\/wp-json\/wp\/v2\/product_brand?post=3630"},{"taxonomy":"product_cat","embeddable":true,"href":"https:\/\/vasospublicitariosperu.com\/tienda\/wp-json\/wp\/v2\/product_cat?post=3630"},{"taxonomy":"product_tag","embeddable":true,"href":"https:\/\/vasospublicitariosperu.com\/tienda\/wp-json\/wp\/v2\/product_tag?post=3630"}],"curies":[{"name":"wp","href":"https:\/\/api.w.org\/{rel}","templated":true}]}}