{"id":3631,"date":"2025-05-02T12:27:26","date_gmt":"2025-05-02T17:27:26","guid":{"rendered":"https:\/\/vasospublicitariosperu.com\/tienda\/product\/caja-vitrina-pack-pisco\/"},"modified":"2026-04-10T15:28:27","modified_gmt":"2026-04-10T20:28:27","slug":"caja-vitrina-pack-pisco","status":"publish","type":"product","link":"https:\/\/vasospublicitariosperu.com\/tienda\/caja-vitrina-pack-pisco\/","title":{"rendered":"CAJA VITRINA PACK PISCO"},"content":{"rendered":"<p>MATERIAL: Madera de alta calidad, que otorga un toque elegante y r\u00fastico a cada pieza. Perfecta para aquellos que aprecian los materiales naturales y resistentes con un dise\u00f1o atemporal.<br \/>\nMEDIDAS: 500 ML, una capacidad ideal para servir una cantidad generosa de bebidas o c\u00f3cteles, ofreciendo el balance perfecto entre funcionalidad y estilo.<br \/>\nACCESORIO: Incluye Pisco Quebranta Acholado, un licor de exquisito sabor que aporta un toque tradicional y aut\u00e9ntico. Adem\u00e1s, cuenta con una copa Alambique con capacidad para shots de 3.5\/2 ONZ, perfecta para disfrutar del pisco en su presentaci\u00f3n m\u00e1s pura y elegante.<br \/>\nIMPRESI\u00d3N: No incluye impresi\u00f3n, lo que permite personalizar el producto a medida seg\u00fan las necesidades del cliente, ya sea con grabados o serigraf\u00eda si se desea un toque personalizado.<br \/>\nACABADO: Laca mate, que proporciona un acabado suave y sofisticado a la madera. Este acabado resalta la belleza natural de la madera, manteniendo una apariencia refinada y elegante sin brillo excesivo.<\/p>\n<hr \/>\n<p>MATERIAL: MADERA<br \/>\n MEDIDAS: 500 ML<br \/>\n ACCESORIO: PISCO QUEBRANTA ACHOLADO \/ COPA ALAMBIQUE SHOTS 3.5\/2ONZ<br \/>\n IMPRESION: N\/A<br \/>\n ACABADO: LACA MATE<\/p>\n<hr \/>\n","protected":false},"excerpt":{"rendered":"<p>MATERIAL: Madera de alta calidad, que otorga un toque elegante y r\u00fastico a cada pieza. Perfecta para aquellos que aprecian los materiales naturales y resistentes con un dise\u00f1o atemporal.<br \/>\nMEDIDAS: 500 ML, una capacidad ideal para servir una cantidad generosa de bebidas o c\u00f3cteles, ofreciendo el balance perfecto entre funcionalidad y estilo.<br \/>\nACCESORIO: Incluye Pisco Quebranta Acholado, un licor de exquisito sabor que aporta un toque tradicional y aut\u00e9ntico. Adem\u00e1s, cuenta con una copa Alambique con capacidad para shots de 3.5\/2 ONZ, perfecta para disfrutar del pisco en su presentaci\u00f3n m\u00e1s pura y elegante.<br \/>\nIMPRESI\u00d3N: No incluye impresi\u00f3n, lo que permite personalizar el producto a medida seg\u00fan las necesidades del cliente, ya sea con grabados o serigraf\u00eda si se desea un toque personalizado.<br \/>\nACABADO: Laca mate, que proporciona un acabado suave y sofisticado a la madera. Este acabado resalta la belleza natural de la madera, manteniendo una apariencia refinada y elegante sin brillo excesivo.<\/p>\n","protected":false},"featured_media":3940,"comment_status":"closed","ping_status":"open","template":"","meta":[],"product_brand":[],"product_cat":[70],"product_tag":[],"class_list":{"0":"post-3631","1":"product","2":"type-product","3":"status-publish","4":"has-post-thumbnail","6":"product_cat-catalogo-2025","8":"first","9":"instock","10":"purchasable","11":"product-type-simple"},"_links":{"self":[{"href":"https:\/\/vasospublicitariosperu.com\/tienda\/wp-json\/wp\/v2\/product\/3631","targetHints":{"allow":["GET"]}}],"collection":[{"href":"https:\/\/vasospublicitariosperu.com\/tienda\/wp-json\/wp\/v2\/product"}],"about":[{"href":"https:\/\/vasospublicitariosperu.com\/tienda\/wp-json\/wp\/v2\/types\/product"}],"replies":[{"embeddable":true,"href":"https:\/\/vasospublicitariosperu.com\/tienda\/wp-json\/wp\/v2\/comments?post=3631"}],"wp:featuredmedia":[{"embeddable":true,"href":"https:\/\/vasospublicitariosperu.com\/tienda\/wp-json\/wp\/v2\/media\/3940"}],"wp:attachment":[{"href":"https:\/\/vasospublicitariosperu.com\/tienda\/wp-json\/wp\/v2\/media?parent=3631"}],"wp:term":[{"taxonomy":"product_brand","embeddable":true,"href":"https:\/\/vasospublicitariosperu.com\/tienda\/wp-json\/wp\/v2\/product_brand?post=3631"},{"taxonomy":"product_cat","embeddable":true,"href":"https:\/\/vasospublicitariosperu.com\/tienda\/wp-json\/wp\/v2\/product_cat?post=3631"},{"taxonomy":"product_tag","embeddable":true,"href":"https:\/\/vasospublicitariosperu.com\/tienda\/wp-json\/wp\/v2\/product_tag?post=3631"}],"curies":[{"name":"wp","href":"https:\/\/api.w.org\/{rel}","templated":true}]}}