{"id":3632,"date":"2025-05-02T12:27:26","date_gmt":"2025-05-02T17:27:26","guid":{"rendered":"https:\/\/vasospublicitariosperu.com\/tienda\/product\/pisco-con-envase-tubular-tipo-pergamino\/"},"modified":"2026-04-10T15:28:27","modified_gmt":"2026-04-10T20:28:27","slug":"pisco-con-envase-tubular-tipo-pergamino","status":"publish","type":"product","link":"https:\/\/vasospublicitariosperu.com\/tienda\/pisco-con-envase-tubular-tipo-pergamino\/","title":{"rendered":"PISCO CON ENVASE TUBULAR TIPO PERGAMINO"},"content":{"rendered":"<p>MATERIAL: Madera, un material robusto y natural que ofrece un toque c\u00e1lido y elegante. Ideal para quienes buscan productos \u00fanicos que reflejan autenticidad y tradici\u00f3n.<br \/>\nMEDIDAS: 500 ML, una capacidad perfecta para disfrutar de una bebida generosa, ideal para compartir momentos especiales con amigos o familiares.<br \/>\nACCESORIO: Incluye Pisco Quebranta Acholado, una excelente selecci\u00f3n de pisco que garantiza una experiencia aut\u00e9ntica y llena de sabor. Adem\u00e1s, incluye una copa Alambique para shots, con capacidad de 3.5\/2 ONZ, perfecta para servir la cantidad ideal de pisco y disfrutarlo al m\u00e1ximo.<br \/>\nIMPRESI\u00d3N: No tiene impresi\u00f3n, lo que deja la opci\u00f3n abierta para personalizar el producto a tu gusto, bien sea con grabado o serigraf\u00eda para darle un toque \u00fanico y distintivo.<br \/>\nACABADO: Laca mate, que resalta la belleza natural de la madera sin darle un acabado brillante. Este tipo de acabado proporciona una textura suave y elegante, ideal para mantener el aspecto cl\u00e1sico y sofisticado de la madera.<\/p>\n<hr \/>\n<p>MATERIAL: MADERA<br \/>\n MEDIDAS: 500 ML<br \/>\n ACCESORIO: PISCO QUEBRANTA ACHOLADO \/ COPA ALAMBIQUE SHOTS 3.5\/2ONZ<br \/>\n IMPRESION: N\/A<br \/>\n ACABADO: LACA MATE<\/p>\n<hr \/>\n","protected":false},"excerpt":{"rendered":"<p>MATERIAL: Madera, un material robusto y natural que ofrece un toque c\u00e1lido y elegante. Ideal para quienes buscan productos \u00fanicos que reflejan autenticidad y tradici\u00f3n.<br \/>\nMEDIDAS: 500 ML, una capacidad perfecta para disfrutar de una bebida generosa, ideal para compartir momentos especiales con amigos o familiares.<br \/>\nACCESORIO: Incluye Pisco Quebranta Acholado, una excelente selecci\u00f3n de pisco que garantiza una experiencia aut\u00e9ntica y llena de sabor. Adem\u00e1s, incluye una copa Alambique para shots, con capacidad de 3.5\/2 ONZ, perfecta para servir la cantidad ideal de pisco y disfrutarlo al m\u00e1ximo.<br \/>\nIMPRESI\u00d3N: No tiene impresi\u00f3n, lo que deja la opci\u00f3n abierta para personalizar el producto a tu gusto, bien sea con grabado o serigraf\u00eda para darle un toque \u00fanico y distintivo.<br \/>\nACABADO: Laca mate, que resalta la belleza natural de la madera sin darle un acabado brillante. Este tipo de acabado proporciona una textura suave y elegante, ideal para mantener el aspecto cl\u00e1sico y sofisticado de la madera.<\/p>\n","protected":false},"featured_media":3943,"comment_status":"closed","ping_status":"open","template":"","meta":[],"product_brand":[],"product_cat":[70],"product_tag":[],"class_list":{"0":"post-3632","1":"product","2":"type-product","3":"status-publish","4":"has-post-thumbnail","6":"product_cat-catalogo-2025","8":"first","9":"instock","10":"purchasable","11":"product-type-simple"},"_links":{"self":[{"href":"https:\/\/vasospublicitariosperu.com\/tienda\/wp-json\/wp\/v2\/product\/3632","targetHints":{"allow":["GET"]}}],"collection":[{"href":"https:\/\/vasospublicitariosperu.com\/tienda\/wp-json\/wp\/v2\/product"}],"about":[{"href":"https:\/\/vasospublicitariosperu.com\/tienda\/wp-json\/wp\/v2\/types\/product"}],"replies":[{"embeddable":true,"href":"https:\/\/vasospublicitariosperu.com\/tienda\/wp-json\/wp\/v2\/comments?post=3632"}],"wp:featuredmedia":[{"embeddable":true,"href":"https:\/\/vasospublicitariosperu.com\/tienda\/wp-json\/wp\/v2\/media\/3943"}],"wp:attachment":[{"href":"https:\/\/vasospublicitariosperu.com\/tienda\/wp-json\/wp\/v2\/media?parent=3632"}],"wp:term":[{"taxonomy":"product_brand","embeddable":true,"href":"https:\/\/vasospublicitariosperu.com\/tienda\/wp-json\/wp\/v2\/product_brand?post=3632"},{"taxonomy":"product_cat","embeddable":true,"href":"https:\/\/vasospublicitariosperu.com\/tienda\/wp-json\/wp\/v2\/product_cat?post=3632"},{"taxonomy":"product_tag","embeddable":true,"href":"https:\/\/vasospublicitariosperu.com\/tienda\/wp-json\/wp\/v2\/product_tag?post=3632"}],"curies":[{"name":"wp","href":"https:\/\/api.w.org\/{rel}","templated":true}]}}