{"id":3633,"date":"2025-05-02T12:27:26","date_gmt":"2025-05-02T17:27:26","guid":{"rendered":"https:\/\/vasospublicitariosperu.com\/tienda\/product\/pisco-con-envase-tubular\/"},"modified":"2026-04-10T15:28:27","modified_gmt":"2026-04-10T20:28:27","slug":"pisco-con-envase-tubular","status":"publish","type":"product","link":"https:\/\/vasospublicitariosperu.com\/tienda\/pisco-con-envase-tubular\/","title":{"rendered":"PISCO CON ENVASE TUBULAR"},"content":{"rendered":"<p>MATERIAL: Empaque tubular de cart\u00f3n, una opci\u00f3n ecol\u00f3gica y resistente para presentar tu producto de manera llamativa y funcional. El cart\u00f3n es ideal para garantizar la seguridad del contenido mientras mantiene una apariencia atractiva y pr\u00e1ctica.<br \/>\nMEDIDAS: 500 ML, capacidad perfecta para disfrutar de una porci\u00f3n generosa de tu bebida favorita, en este caso, el delicioso pisco.<br \/>\nACCESORIO: Incluye Pisco Quebranta Acholado, un pisco premium que aporta un sabor aut\u00e9ntico y sofisticado, perfecto para aquellos que disfrutan de bebidas de alta calidad.<br \/>\nIMPRESI\u00d3N: Full color en el tubular, lo que garantiza una apariencia vibrante y atractiva. La impresi\u00f3n en colores completos le da un toque visual impactante y \u00fanico al empaque, destacando en estanter\u00edas o al ser entregado como regalo.<br \/>\nACABADO: No disponible, pero con la opci\u00f3n de personalizar el acabado seg\u00fan las necesidades del cliente, lo que te permite una mayor flexibilidad si deseas a\u00f1adir un toque m\u00e1s refinado al empaque.<\/p>\n<hr \/>\n<p>MATERIAL: EMPAQUE TUBULAR CARTON<br \/>\n MEDIDAS: 500 ML<br \/>\n ACCESORIO: PISCO QUEBRANTA ACHOLADO<br \/>\n IMPRESION: FULL COLOR DE TUBULAR<br \/>\n ACABADO:N\/A<\/p>\n<hr \/>\n","protected":false},"excerpt":{"rendered":"<p>MATERIAL: Empaque tubular de cart\u00f3n, una opci\u00f3n ecol\u00f3gica y resistente para presentar tu producto de manera llamativa y funcional. El cart\u00f3n es ideal para garantizar la seguridad del contenido mientras mantiene una apariencia atractiva y pr\u00e1ctica.<br \/>\nMEDIDAS: 500 ML, capacidad perfecta para disfrutar de una porci\u00f3n generosa de tu bebida favorita, en este caso, el delicioso pisco.<br \/>\nACCESORIO: Incluye Pisco Quebranta Acholado, un pisco premium que aporta un sabor aut\u00e9ntico y sofisticado, perfecto para aquellos que disfrutan de bebidas de alta calidad.<br \/>\nIMPRESI\u00d3N: Full color en el tubular, lo que garantiza una apariencia vibrante y atractiva. La impresi\u00f3n en colores completos le da un toque visual impactante y \u00fanico al empaque, destacando en estanter\u00edas o al ser entregado como regalo.<br \/>\nACABADO: No disponible, pero con la opci\u00f3n de personalizar el acabado seg\u00fan las necesidades del cliente, lo que te permite una mayor flexibilidad si deseas a\u00f1adir un toque m\u00e1s refinado al empaque.<\/p>\n","protected":false},"featured_media":3946,"comment_status":"closed","ping_status":"open","template":"","meta":[],"product_brand":[],"product_cat":[70],"product_tag":[],"class_list":{"0":"post-3633","1":"product","2":"type-product","3":"status-publish","4":"has-post-thumbnail","6":"product_cat-catalogo-2025","8":"first","9":"instock","10":"purchasable","11":"product-type-simple"},"_links":{"self":[{"href":"https:\/\/vasospublicitariosperu.com\/tienda\/wp-json\/wp\/v2\/product\/3633","targetHints":{"allow":["GET"]}}],"collection":[{"href":"https:\/\/vasospublicitariosperu.com\/tienda\/wp-json\/wp\/v2\/product"}],"about":[{"href":"https:\/\/vasospublicitariosperu.com\/tienda\/wp-json\/wp\/v2\/types\/product"}],"replies":[{"embeddable":true,"href":"https:\/\/vasospublicitariosperu.com\/tienda\/wp-json\/wp\/v2\/comments?post=3633"}],"wp:featuredmedia":[{"embeddable":true,"href":"https:\/\/vasospublicitariosperu.com\/tienda\/wp-json\/wp\/v2\/media\/3946"}],"wp:attachment":[{"href":"https:\/\/vasospublicitariosperu.com\/tienda\/wp-json\/wp\/v2\/media?parent=3633"}],"wp:term":[{"taxonomy":"product_brand","embeddable":true,"href":"https:\/\/vasospublicitariosperu.com\/tienda\/wp-json\/wp\/v2\/product_brand?post=3633"},{"taxonomy":"product_cat","embeddable":true,"href":"https:\/\/vasospublicitariosperu.com\/tienda\/wp-json\/wp\/v2\/product_cat?post=3633"},{"taxonomy":"product_tag","embeddable":true,"href":"https:\/\/vasospublicitariosperu.com\/tienda\/wp-json\/wp\/v2\/product_tag?post=3633"}],"curies":[{"name":"wp","href":"https:\/\/api.w.org\/{rel}","templated":true}]}}