{"id":3684,"date":"2025-05-02T11:51:52","date_gmt":"2025-05-02T16:51:52","guid":{"rendered":"https:\/\/vasospublicitariosperu.com\/tienda\/pulsera-tyvek\/"},"modified":"2026-04-10T15:28:28","modified_gmt":"2026-04-10T20:28:28","slug":"pulsera-tyvek","status":"publish","type":"product","link":"https:\/\/vasospublicitariosperu.com\/tienda\/pulsera-tyvek\/","title":{"rendered":"PULSERA TYVEK"},"content":{"rendered":"<p>La Pulsera Tyvek est\u00e1 fabricada con fibras de poli\u00e9ster prensadas y mide 255 x 19 mm, con un \u00e1rea de impresi\u00f3n de 170 x 15 mm. Utiliza impresi\u00f3n serigr\u00e1fica UV, lo que garantiza una alta calidad en la personalizaci\u00f3n. Adem\u00e1s, cuenta con doble numeraci\u00f3n y un acabado a prueba de agua, lo que la convierte en una opci\u00f3n excelente para el control de acceso en eventos.<\/p>\n<hr \/>\n<p>MATERIAL: FIBRAS DE POLYESTER PRENSADAS<br \/>\nMEDIDAS: 25*1.9CM<br \/>\nIMPRESI\u00d3N: UN COLOR<br \/>\nACABADO: PAQUETE DE MIL UNDS<\/p>\n<hr \/>\n","protected":false},"excerpt":{"rendered":"<p>La Pulsera Tyvek est\u00e1 fabricada con fibras de poli\u00e9ster prensadas y mide 255 x 19 mm, con un \u00e1rea de impresi\u00f3n de 170 x 15 mm. Utiliza impresi\u00f3n serigr\u00e1fica UV, lo que garantiza una alta calidad en la personalizaci\u00f3n. Adem\u00e1s, cuenta con doble numeraci\u00f3n y un acabado a prueba de agua, lo que la convierte en una opci\u00f3n excelente para el control de acceso en eventos.<\/p>\n","protected":false},"featured_media":3685,"comment_status":"closed","ping_status":"open","template":"","meta":[],"product_brand":[],"product_cat":[70],"product_tag":[],"class_list":{"0":"post-3684","1":"product","2":"type-product","3":"status-publish","4":"has-post-thumbnail","6":"product_cat-catalogo-2025","8":"first","9":"instock","10":"product-type-simple"},"_links":{"self":[{"href":"https:\/\/vasospublicitariosperu.com\/tienda\/wp-json\/wp\/v2\/product\/3684","targetHints":{"allow":["GET"]}}],"collection":[{"href":"https:\/\/vasospublicitariosperu.com\/tienda\/wp-json\/wp\/v2\/product"}],"about":[{"href":"https:\/\/vasospublicitariosperu.com\/tienda\/wp-json\/wp\/v2\/types\/product"}],"replies":[{"embeddable":true,"href":"https:\/\/vasospublicitariosperu.com\/tienda\/wp-json\/wp\/v2\/comments?post=3684"}],"wp:featuredmedia":[{"embeddable":true,"href":"https:\/\/vasospublicitariosperu.com\/tienda\/wp-json\/wp\/v2\/media\/3685"}],"wp:attachment":[{"href":"https:\/\/vasospublicitariosperu.com\/tienda\/wp-json\/wp\/v2\/media?parent=3684"}],"wp:term":[{"taxonomy":"product_brand","embeddable":true,"href":"https:\/\/vasospublicitariosperu.com\/tienda\/wp-json\/wp\/v2\/product_brand?post=3684"},{"taxonomy":"product_cat","embeddable":true,"href":"https:\/\/vasospublicitariosperu.com\/tienda\/wp-json\/wp\/v2\/product_cat?post=3684"},{"taxonomy":"product_tag","embeddable":true,"href":"https:\/\/vasospublicitariosperu.com\/tienda\/wp-json\/wp\/v2\/product_tag?post=3684"}],"curies":[{"name":"wp","href":"https:\/\/api.w.org\/{rel}","templated":true}]}}