{"id":3687,"date":"2025-05-02T11:51:52","date_gmt":"2025-05-02T16:51:52","guid":{"rendered":"https:\/\/vasospublicitariosperu.com\/tienda\/pulsera-de-goma-cerrada-2\/"},"modified":"2026-04-10T15:28:28","modified_gmt":"2026-04-10T20:28:28","slug":"pulsera-de-goma-cerrada-2","status":"publish","type":"product","link":"https:\/\/vasospublicitariosperu.com\/tienda\/pulsera-de-goma-cerrada-2\/","title":{"rendered":"PULSERA DE GOMA CERRADA"},"content":{"rendered":"<p>La Pulsera de Goma Cerrada est\u00e1 hecha de goma y tiene unas medidas de 21 cm de largo y 1.2 cm de ancho. Permite una impresi\u00f3n en un solo color y su dise\u00f1o cerrado asegura que sea c\u00f3moda para el uso diario. Es perfecta para promociones y eventos donde se desea crear una identidad visual y mantener la marca presente.<\/p>\n<hr \/>\n<p>MATERIAL: PVC THERMOFORMADA<br \/>\nMEDIDAS: 21 * 1.5CM<br \/>\nIMPRESI\u00d3N: UN COLOR<br \/>\nACABADO: PAQUETE DE 100 UNDS<\/p>\n<hr \/>\n","protected":false},"excerpt":{"rendered":"<p>La Pulsera de Goma Cerrada est\u00e1 hecha de goma y tiene unas medidas de 21 cm de largo y 1.2 cm de ancho. Permite una impresi\u00f3n en un solo color y su dise\u00f1o cerrado asegura que sea c\u00f3moda para el uso diario. Es perfecta para promociones y eventos donde se desea crear una identidad visual y mantener la marca presente.<\/p>\n","protected":false},"featured_media":3688,"comment_status":"closed","ping_status":"open","template":"","meta":[],"product_brand":[],"product_cat":[70],"product_tag":[],"class_list":{"0":"post-3687","1":"product","2":"type-product","3":"status-publish","4":"has-post-thumbnail","6":"product_cat-catalogo-2025","8":"first","9":"instock","10":"product-type-simple"},"_links":{"self":[{"href":"https:\/\/vasospublicitariosperu.com\/tienda\/wp-json\/wp\/v2\/product\/3687","targetHints":{"allow":["GET"]}}],"collection":[{"href":"https:\/\/vasospublicitariosperu.com\/tienda\/wp-json\/wp\/v2\/product"}],"about":[{"href":"https:\/\/vasospublicitariosperu.com\/tienda\/wp-json\/wp\/v2\/types\/product"}],"replies":[{"embeddable":true,"href":"https:\/\/vasospublicitariosperu.com\/tienda\/wp-json\/wp\/v2\/comments?post=3687"}],"wp:featuredmedia":[{"embeddable":true,"href":"https:\/\/vasospublicitariosperu.com\/tienda\/wp-json\/wp\/v2\/media\/3688"}],"wp:attachment":[{"href":"https:\/\/vasospublicitariosperu.com\/tienda\/wp-json\/wp\/v2\/media?parent=3687"}],"wp:term":[{"taxonomy":"product_brand","embeddable":true,"href":"https:\/\/vasospublicitariosperu.com\/tienda\/wp-json\/wp\/v2\/product_brand?post=3687"},{"taxonomy":"product_cat","embeddable":true,"href":"https:\/\/vasospublicitariosperu.com\/tienda\/wp-json\/wp\/v2\/product_cat?post=3687"},{"taxonomy":"product_tag","embeddable":true,"href":"https:\/\/vasospublicitariosperu.com\/tienda\/wp-json\/wp\/v2\/product_tag?post=3687"}],"curies":[{"name":"wp","href":"https:\/\/api.w.org\/{rel}","templated":true}]}}