{"id":3693,"date":"2025-05-02T11:51:52","date_gmt":"2025-05-02T16:51:52","guid":{"rendered":"https:\/\/vasospublicitariosperu.com\/tienda\/pulsera-de-goma-cerrada-con-bajo-relieve\/"},"modified":"2026-04-10T15:28:28","modified_gmt":"2026-04-10T20:28:28","slug":"pulsera-de-goma-cerrada-con-bajo-relieve","status":"publish","type":"product","link":"https:\/\/vasospublicitariosperu.com\/tienda\/pulsera-de-goma-cerrada-con-bajo-relieve\/","title":{"rendered":"PULSERA DE GOMA CERRADA CON BAJO RELIEVE"},"content":{"rendered":"<p>Esta pulsera est\u00e1 elaborada en PVC termoformado y cuenta con broche pl\u00e1stico que permite ponerla y quitarla con facilidad. Mide 21 x 1.5 cm y permite una impresi\u00f3n de un color. Es ideal para eventos, campa\u00f1as promocionales o identificaci\u00f3n de grupos. Se entrega en paquetes de 100 unidades.<\/p>\n<hr \/>\n<p>MATERIAL: PVC THERMOFORMADA CON BROCHE PLASTICO<br \/>\nMEDIDAS: 21 * 1.5CM<br \/>\nIMPRESI\u00d3N: UN COLOR<br \/>\nACABADO: PAQUETE DE 100 UNDS<\/p>\n<hr \/>\n","protected":false},"excerpt":{"rendered":"<p>Esta pulsera est\u00e1 elaborada en PVC termoformado y cuenta con broche pl\u00e1stico que permite ponerla y quitarla con facilidad. Mide 21 x 1.5 cm y permite una impresi\u00f3n de un color. Es ideal para eventos, campa\u00f1as promocionales o identificaci\u00f3n de grupos. Se entrega en paquetes de 100 unidades.<\/p>\n","protected":false},"featured_media":3694,"comment_status":"closed","ping_status":"open","template":"","meta":[],"product_brand":[],"product_cat":[70],"product_tag":[],"class_list":{"0":"post-3693","1":"product","2":"type-product","3":"status-publish","4":"has-post-thumbnail","6":"product_cat-catalogo-2025","8":"first","9":"instock","10":"product-type-simple"},"_links":{"self":[{"href":"https:\/\/vasospublicitariosperu.com\/tienda\/wp-json\/wp\/v2\/product\/3693","targetHints":{"allow":["GET"]}}],"collection":[{"href":"https:\/\/vasospublicitariosperu.com\/tienda\/wp-json\/wp\/v2\/product"}],"about":[{"href":"https:\/\/vasospublicitariosperu.com\/tienda\/wp-json\/wp\/v2\/types\/product"}],"replies":[{"embeddable":true,"href":"https:\/\/vasospublicitariosperu.com\/tienda\/wp-json\/wp\/v2\/comments?post=3693"}],"wp:featuredmedia":[{"embeddable":true,"href":"https:\/\/vasospublicitariosperu.com\/tienda\/wp-json\/wp\/v2\/media\/3694"}],"wp:attachment":[{"href":"https:\/\/vasospublicitariosperu.com\/tienda\/wp-json\/wp\/v2\/media?parent=3693"}],"wp:term":[{"taxonomy":"product_brand","embeddable":true,"href":"https:\/\/vasospublicitariosperu.com\/tienda\/wp-json\/wp\/v2\/product_brand?post=3693"},{"taxonomy":"product_cat","embeddable":true,"href":"https:\/\/vasospublicitariosperu.com\/tienda\/wp-json\/wp\/v2\/product_cat?post=3693"},{"taxonomy":"product_tag","embeddable":true,"href":"https:\/\/vasospublicitariosperu.com\/tienda\/wp-json\/wp\/v2\/product_tag?post=3693"}],"curies":[{"name":"wp","href":"https:\/\/api.w.org\/{rel}","templated":true}]}}