{"id":3898,"date":"2025-05-02T12:24:34","date_gmt":"2025-05-02T17:24:34","guid":{"rendered":"https:\/\/vasospublicitariosperu.com\/tienda\/removedores-de-trago\/"},"modified":"2026-04-10T15:28:27","modified_gmt":"2026-04-10T20:28:27","slug":"removedores-de-trago","status":"publish","type":"product","link":"https:\/\/vasospublicitariosperu.com\/tienda\/removedores-de-trago\/","title":{"rendered":"REMOVEDORES DE TRAGO"},"content":{"rendered":"<p>MATERIAL: Polipropileno s\u00f3lido (PPT), un material resistente y duradero, ideal para productos de uso frecuente. Su composici\u00f3n asegura firmeza y estabilidad al mezclar bebidas, conservando su forma sin deformarse con el tiempo.<br \/>\nMEDIDA: 18 cm de largo por 3 cm de di\u00e1metro, dimensiones pensadas para ofrecer un agarre c\u00f3modo y una longitud adecuada para remover tragos en vasos altos o copas, asegurando una mezcla homog\u00e9nea y efectiva.<br \/>\nACCESORIOS: No incluye accesorios adicionales, lo que facilita su almacenamiento y transporte. Su dise\u00f1o limpio y funcional lo convierte en una opci\u00f3n pr\u00e1ctica para eventos, bares o uso dom\u00e9stico.<br \/>\nIMPRESI\u00d3N: Serigraf\u00eda UV en un solo lado, lo que permite una personalizaci\u00f3n moderna y resistente al uso. Ideal para destacar logos, marcas o mensajes promocionales con alta visibilidad.<br \/>\nACABADO: Presentaci\u00f3n en paquete de 100 unidades, ofreciendo practicidad para compras al por mayor. Perfecto para negocios de hosteler\u00eda, eventos corporativos o campa\u00f1as promocionales.<\/p>\n<hr \/>\n<p>MATERIAL: PPT SOLIDO<br \/>\nMEDIDA:18CM X 3CMD DIAMETRO<br \/>\nACCESORIO: N\/A<br \/>\nIMPRESION: SERIGRAFIA UV UN LADO<br \/>\nACABADO: PAQUETE 100 UNID<\/p>\n<hr \/>\n","protected":false},"excerpt":{"rendered":"<p>MATERIAL: Polipropileno s\u00f3lido (PPT), un material resistente y duradero, ideal para productos de uso frecuente. Su composici\u00f3n asegura firmeza y estabilidad al mezclar bebidas, conservando su forma sin deformarse con el tiempo.<br \/>\nMEDIDA: 18 cm de largo por 3 cm de di\u00e1metro, dimensiones pensadas para ofrecer un agarre c\u00f3modo y una longitud adecuada para remover tragos en vasos altos o copas, asegurando una mezcla homog\u00e9nea y efectiva.<br \/>\nACCESORIOS: No incluye accesorios adicionales, lo que facilita su almacenamiento y transporte. Su dise\u00f1o limpio y funcional lo convierte en una opci\u00f3n pr\u00e1ctica para eventos, bares o uso dom\u00e9stico.<br \/>\nIMPRESI\u00d3N: Serigraf\u00eda UV en un solo lado, lo que permite una personalizaci\u00f3n moderna y resistente al uso. Ideal para destacar logos, marcas o mensajes promocionales con alta visibilidad.<br \/>\nACABADO: Presentaci\u00f3n en paquete de 100 unidades, ofreciendo practicidad para compras al por mayor. Perfecto para negocios de hosteler\u00eda, eventos corporativos o campa\u00f1as promocionales.<\/p>\n","protected":false},"featured_media":3899,"comment_status":"closed","ping_status":"open","template":"","meta":[],"product_brand":[],"product_cat":[70],"product_tag":[],"class_list":{"0":"post-3898","1":"product","2":"type-product","3":"status-publish","4":"has-post-thumbnail","6":"product_cat-catalogo-2025","8":"first","9":"instock","10":"product-type-simple"},"_links":{"self":[{"href":"https:\/\/vasospublicitariosperu.com\/tienda\/wp-json\/wp\/v2\/product\/3898","targetHints":{"allow":["GET"]}}],"collection":[{"href":"https:\/\/vasospublicitariosperu.com\/tienda\/wp-json\/wp\/v2\/product"}],"about":[{"href":"https:\/\/vasospublicitariosperu.com\/tienda\/wp-json\/wp\/v2\/types\/product"}],"replies":[{"embeddable":true,"href":"https:\/\/vasospublicitariosperu.com\/tienda\/wp-json\/wp\/v2\/comments?post=3898"}],"wp:featuredmedia":[{"embeddable":true,"href":"https:\/\/vasospublicitariosperu.com\/tienda\/wp-json\/wp\/v2\/media\/3899"}],"wp:attachment":[{"href":"https:\/\/vasospublicitariosperu.com\/tienda\/wp-json\/wp\/v2\/media?parent=3898"}],"wp:term":[{"taxonomy":"product_brand","embeddable":true,"href":"https:\/\/vasospublicitariosperu.com\/tienda\/wp-json\/wp\/v2\/product_brand?post=3898"},{"taxonomy":"product_cat","embeddable":true,"href":"https:\/\/vasospublicitariosperu.com\/tienda\/wp-json\/wp\/v2\/product_cat?post=3898"},{"taxonomy":"product_tag","embeddable":true,"href":"https:\/\/vasospublicitariosperu.com\/tienda\/wp-json\/wp\/v2\/product_tag?post=3898"}],"curies":[{"name":"wp","href":"https:\/\/api.w.org\/{rel}","templated":true}]}}