{"id":3902,"date":"2025-05-02T12:24:34","date_gmt":"2025-05-02T17:24:34","guid":{"rendered":"https:\/\/vasospublicitariosperu.com\/tienda\/posavasos-de-pelon-2\/"},"modified":"2026-04-10T15:28:27","modified_gmt":"2026-04-10T20:28:27","slug":"posavasos-de-pelon-2","status":"publish","type":"product","link":"https:\/\/vasospublicitariosperu.com\/tienda\/posavasos-de-pelon-2\/","title":{"rendered":"POSAVASOS DE PELON"},"content":{"rendered":"<p>MATERIAL: Pel\u00f3n, un material textil ligero y flexible, ideal para proteger superficies de la humedad y el calor. Su estructura porosa permite una absorci\u00f3n r\u00e1pida de l\u00edquidos, mientras mantiene una base antideslizante que mejora su funcionalidad en cualquier superficie.<br \/>\nMEDIDA: 9 cm de di\u00e1metro, una medida est\u00e1ndar y vers\u00e1til que se adapta perfectamente a vasos, tazas o botellas. Su forma circular garantiza una cobertura eficiente, evitando marcas o manchas en mesas y escritorios.<br \/>\nACCESORIOS: No incluye accesorios adicionales, lo que lo convierte en una opci\u00f3n simple, ligera y f\u00e1cil de almacenar. Perfecto para quienes buscan practicidad sin sacrificar funcionalidad.<br \/>\nIMPRESI\u00d3N: Serigraf\u00eda de un solo color en un lado, ideal para destacar logotipos, frases o dise\u00f1os promocionales de forma clara y duradera. Una excelente opci\u00f3n para reforzar la identidad de marca en eventos, reuniones o puntos de venta.<br \/>\nACABADO: Presentaci\u00f3n en paquete de 100 unidades, ideal para consumo masivo o uso institucional. Una alternativa econ\u00f3mica y efectiva para promociones, campa\u00f1as publicitarias o eventos corporativos.<\/p>\n<hr \/>\n<p>MATERIAL: PELON<br \/>\nMEDIDA: 9CM DIAMETRO<br \/>\nACCESORIO: N\/A<br \/>\nIMPRESION: SERIGRAFIA UN COLOR UN LADO<br \/>\nACABADO:  PAQUETE 100 UNID<\/p>\n<hr \/>\n","protected":false},"excerpt":{"rendered":"<p>MATERIAL: Pel\u00f3n, un material textil ligero y flexible, ideal para proteger superficies de la humedad y el calor. Su estructura porosa permite una absorci\u00f3n r\u00e1pida de l\u00edquidos, mientras mantiene una base antideslizante que mejora su funcionalidad en cualquier superficie.<br \/>\nMEDIDA: 9 cm de di\u00e1metro, una medida est\u00e1ndar y vers\u00e1til que se adapta perfectamente a vasos, tazas o botellas. Su forma circular garantiza una cobertura eficiente, evitando marcas o manchas en mesas y escritorios.<br \/>\nACCESORIOS: No incluye accesorios adicionales, lo que lo convierte en una opci\u00f3n simple, ligera y f\u00e1cil de almacenar. Perfecto para quienes buscan practicidad sin sacrificar funcionalidad.<br \/>\nIMPRESI\u00d3N: Serigraf\u00eda de un solo color en un lado, ideal para destacar logotipos, frases o dise\u00f1os promocionales de forma clara y duradera. Una excelente opci\u00f3n para reforzar la identidad de marca en eventos, reuniones o puntos de venta.<br \/>\nACABADO: Presentaci\u00f3n en paquete de 100 unidades, ideal para consumo masivo o uso institucional. Una alternativa econ\u00f3mica y efectiva para promociones, campa\u00f1as publicitarias o eventos corporativos.<\/p>\n","protected":false},"featured_media":3903,"comment_status":"closed","ping_status":"open","template":"","meta":[],"product_brand":[],"product_cat":[70],"product_tag":[],"class_list":{"0":"post-3902","1":"product","2":"type-product","3":"status-publish","4":"has-post-thumbnail","6":"product_cat-catalogo-2025","8":"first","9":"instock","10":"product-type-simple"},"_links":{"self":[{"href":"https:\/\/vasospublicitariosperu.com\/tienda\/wp-json\/wp\/v2\/product\/3902","targetHints":{"allow":["GET"]}}],"collection":[{"href":"https:\/\/vasospublicitariosperu.com\/tienda\/wp-json\/wp\/v2\/product"}],"about":[{"href":"https:\/\/vasospublicitariosperu.com\/tienda\/wp-json\/wp\/v2\/types\/product"}],"replies":[{"embeddable":true,"href":"https:\/\/vasospublicitariosperu.com\/tienda\/wp-json\/wp\/v2\/comments?post=3902"}],"wp:featuredmedia":[{"embeddable":true,"href":"https:\/\/vasospublicitariosperu.com\/tienda\/wp-json\/wp\/v2\/media\/3903"}],"wp:attachment":[{"href":"https:\/\/vasospublicitariosperu.com\/tienda\/wp-json\/wp\/v2\/media?parent=3902"}],"wp:term":[{"taxonomy":"product_brand","embeddable":true,"href":"https:\/\/vasospublicitariosperu.com\/tienda\/wp-json\/wp\/v2\/product_brand?post=3902"},{"taxonomy":"product_cat","embeddable":true,"href":"https:\/\/vasospublicitariosperu.com\/tienda\/wp-json\/wp\/v2\/product_cat?post=3902"},{"taxonomy":"product_tag","embeddable":true,"href":"https:\/\/vasospublicitariosperu.com\/tienda\/wp-json\/wp\/v2\/product_tag?post=3902"}],"curies":[{"name":"wp","href":"https:\/\/api.w.org\/{rel}","templated":true}]}}