{"id":3906,"date":"2025-05-02T12:24:34","date_gmt":"2025-05-02T17:24:34","guid":{"rendered":"https:\/\/vasospublicitariosperu.com\/tienda\/posavasos-de-carton-2\/"},"modified":"2026-04-10T15:28:27","modified_gmt":"2026-04-10T20:28:27","slug":"posavasos-de-carton-2","status":"publish","type":"product","link":"https:\/\/vasospublicitariosperu.com\/tienda\/posavasos-de-carton-2\/","title":{"rendered":"POSAVASOS DE CARTON"},"content":{"rendered":"<p>MATERIAL: Cart\u00f3n plastificado, resistente y liviano, ideal para proteger superficies de l\u00edquidos. Su recubrimiento lo hace m\u00e1s duradero y reutilizable en comparaci\u00f3n con el cart\u00f3n convencional.<\/p>\n<p>MEDIDA: 9 cm de di\u00e1metro, tama\u00f1o est\u00e1ndar que se adapta f\u00e1cilmente a vasos, tazas y botellas, brindando una protecci\u00f3n eficiente y discreta.<\/p>\n<p>ACCESORIOS: No incluye accesorios, lo que lo hace pr\u00e1ctico, compacto y f\u00e1cil de transportar o almacenar.<\/p>\n<p>IMPRESI\u00d3N: Serigraf\u00eda unicolor, perfecta para destacar logos o dise\u00f1os simples con buena definici\u00f3n y visibilidad.<\/p>\n<p>ACABADO: Presentaci\u00f3n en paquete de 100 unidades, ideal para eventos, promociones o uso institucional.<\/p>\n<hr \/>\n<p>MATERIAL: CARTON PLASTIFICADO<br \/>\nMEDIDA: 9CM DIAMETRO<br \/>\nACCESORIO: N\/A<br \/>\nIMPRESION: SERIGRAFIA UNICOLOR<br \/>\nACABADO:  PAQUETE 100 UNID<\/p>\n<hr \/>\n","protected":false},"excerpt":{"rendered":"<p>MATERIAL: Cart\u00f3n plastificado, resistente y liviano, ideal para proteger superficies de l\u00edquidos. Su recubrimiento lo hace m\u00e1s duradero y reutilizable en comparaci\u00f3n con el cart\u00f3n convencional.<\/p>\n<p>MEDIDA: 9 cm de di\u00e1metro, tama\u00f1o est\u00e1ndar que se adapta f\u00e1cilmente a vasos, tazas y botellas, brindando una protecci\u00f3n eficiente y discreta.<\/p>\n<p>ACCESORIOS: No incluye accesorios, lo que lo hace pr\u00e1ctico, compacto y f\u00e1cil de transportar o almacenar.<\/p>\n<p>IMPRESI\u00d3N: Serigraf\u00eda unicolor, perfecta para destacar logos o dise\u00f1os simples con buena definici\u00f3n y visibilidad.<\/p>\n<p>ACABADO: Presentaci\u00f3n en paquete de 100 unidades, ideal para eventos, promociones o uso institucional.<\/p>\n","protected":false},"featured_media":3907,"comment_status":"closed","ping_status":"open","template":"","meta":[],"product_brand":[],"product_cat":[70],"product_tag":[],"class_list":{"0":"post-3906","1":"product","2":"type-product","3":"status-publish","4":"has-post-thumbnail","6":"product_cat-catalogo-2025","8":"first","9":"instock","10":"product-type-simple"},"_links":{"self":[{"href":"https:\/\/vasospublicitariosperu.com\/tienda\/wp-json\/wp\/v2\/product\/3906","targetHints":{"allow":["GET"]}}],"collection":[{"href":"https:\/\/vasospublicitariosperu.com\/tienda\/wp-json\/wp\/v2\/product"}],"about":[{"href":"https:\/\/vasospublicitariosperu.com\/tienda\/wp-json\/wp\/v2\/types\/product"}],"replies":[{"embeddable":true,"href":"https:\/\/vasospublicitariosperu.com\/tienda\/wp-json\/wp\/v2\/comments?post=3906"}],"wp:featuredmedia":[{"embeddable":true,"href":"https:\/\/vasospublicitariosperu.com\/tienda\/wp-json\/wp\/v2\/media\/3907"}],"wp:attachment":[{"href":"https:\/\/vasospublicitariosperu.com\/tienda\/wp-json\/wp\/v2\/media?parent=3906"}],"wp:term":[{"taxonomy":"product_brand","embeddable":true,"href":"https:\/\/vasospublicitariosperu.com\/tienda\/wp-json\/wp\/v2\/product_brand?post=3906"},{"taxonomy":"product_cat","embeddable":true,"href":"https:\/\/vasospublicitariosperu.com\/tienda\/wp-json\/wp\/v2\/product_cat?post=3906"},{"taxonomy":"product_tag","embeddable":true,"href":"https:\/\/vasospublicitariosperu.com\/tienda\/wp-json\/wp\/v2\/product_tag?post=3906"}],"curies":[{"name":"wp","href":"https:\/\/api.w.org\/{rel}","templated":true}]}}